{"id":9343,"date":"2026-04-22T12:21:16","date_gmt":"2026-04-22T10:21:16","guid":{"rendered":"https:\/\/dialogosocial.campusfsie.es\/inscripciones\/?page_id=9343"},"modified":"2026-04-29T16:47:23","modified_gmt":"2026-04-29T14:47:23","slug":"distribucion-y-control-de-la-jornada-and","status":"publish","type":"page","link":"https:\/\/dialogosocial.campusfsie.es\/inscripciones\/distribucion-y-control-de-la-jornada-and\/","title":{"rendered":"Distribuci\u00f3n y Control de la Jornada"},"content":{"rendered":"\t\t<div data-elementor-type=\"wp-page\" data-elementor-id=\"9343\" class=\"elementor elementor-9343\">\n\t\t\t\t<div class=\"elementor-element elementor-element-ff0841c e-con-full e-flex e-con e-parent\" data-id=\"ff0841c\" data-element_type=\"container\" data-settings=\"{&quot;background_background&quot;:&quot;classic&quot;}\">\n\t\t\t\t<div class=\"elementor-element elementor-element-a6867b4 elementor-widget elementor-widget-image\" data-id=\"a6867b4\" data-element_type=\"widget\" data-widget_type=\"image.default\">\n\t\t\t\t<div class=\"elementor-widget-container\">\n\t\t\t\t\t\t\t\t\t\t\t\t\t\t\t<img fetchpriority=\"high\" decoding=\"async\" width=\"2048\" height=\"758\" src=\"https:\/\/dialogosocial.campusfsie.es\/inscripciones\/wp-content\/uploads\/2026\/04\/Distribucion-y-control-de-la-jornada-2-1.png\" class=\"attachment-full size-full wp-image-9357\" alt=\"\" srcset=\"https:\/\/dialogosocial.campusfsie.es\/inscripciones\/wp-content\/uploads\/2026\/04\/Distribucion-y-control-de-la-jornada-2-1.png 2048w, https:\/\/dialogosocial.campusfsie.es\/inscripciones\/wp-content\/uploads\/2026\/04\/Distribucion-y-control-de-la-jornada-2-1-300x111.png 300w, https:\/\/dialogosocial.campusfsie.es\/inscripciones\/wp-content\/uploads\/2026\/04\/Distribucion-y-control-de-la-jornada-2-1-1024x379.png 1024w, https:\/\/dialogosocial.campusfsie.es\/inscripciones\/wp-content\/uploads\/2026\/04\/Distribucion-y-control-de-la-jornada-2-1-768x284.png 768w, https:\/\/dialogosocial.campusfsie.es\/inscripciones\/wp-content\/uploads\/2026\/04\/Distribucion-y-control-de-la-jornada-2-1-1536x569.png 1536w\" sizes=\"(max-width: 2048px) 100vw, 2048px\" \/>\t\t\t\t\t\t\t\t\t\t\t\t\t\t\t<\/div>\n\t\t\t\t<\/div>\n\t\t\t\t<\/div>\n\t\t<div class=\"elementor-element elementor-element-726c2e5 .modregofrito e-flex e-con-boxed e-con e-parent\" data-id=\"726c2e5\" data-element_type=\"container\">\n\t\t\t\t\t<div class=\"e-con-inner\">\n\t\t\t\t<div class=\"elementor-element elementor-element-8b44da8 elementor-widget elementor-widget-eael-creative-button\" data-id=\"8b44da8\" data-element_type=\"widget\" data-widget_type=\"eael-creative-button.default\">\n\t\t\t\t<div class=\"elementor-widget-container\">\n\t\t\t\t\t        <div class=\"eael-creative-button-wrapper\">\n\n            <a class=\"eael-creative-button eael-creative-button--rayen\" href=\"https:\/\/dialogosocial.campusfsie.es\/inscripciones\/andalucia\/?curso=ANDDistribucionycontroldelajornada&#038;cursoLargo=ANDDistribuci%C3%B3n%20y%20control%20de%20la%20jornada\" data-text=\"Adelante!\">\n\n\t    \n                <div class=\"creative-button-inner\">\n\n                    \n                    <span class=\"cretive-button-text\">Quiero Inscribirme<\/span>\n\n                                    <\/div>\n\t                        <\/a>\n        <\/div>\n        \t\t\t\t<\/div>\n\t\t\t\t<\/div>\n\t\t\t\t<div class=\"elementor-element elementor-element-8a1d6b5 acordeonfsie elementor-widget elementor-widget-eael-adv-accordion\" data-id=\"8a1d6b5\" data-element_type=\"widget\" data-widget_type=\"eael-adv-accordion.default\">\n\t\t\t\t<div class=\"elementor-widget-container\">\n\t\t\t\t\t        <div class=\"eael-adv-accordion\" id=\"eael-adv-accordion-8a1d6b5\" data-scroll-on-click=\"no\" data-scroll-speed=\"300\" data-accordion-id=\"8a1d6b5\" data-accordion-type=\"toggle\" data-toogle-speed=\"300\">\n    <div class=\"eael-accordion-list\">\n                <div id=\"duracin\" class=\"elementor-tab-title eael-accordion-header active-default\" tabindex=\"0\" data-tab=\"1\" aria-controls=\"elementor-tab-content-1441\"><span class=\"eael-advanced-accordion-icon-closed\"><i aria-hidden=\"true\" class=\"fa-accordion-icon icon icon-stopwatch\"><\/i><\/span><span class=\"eael-advanced-accordion-icon-opened\"><i aria-hidden=\"true\" class=\"fa-accordion-icon icon icon-stopwatch\"><\/i><\/span><span class=\"eael-accordion-tab-title\">Duraci\u00f3n<\/span><i aria-hidden=\"true\" class=\"fa-toggle fas fa-angle-right\"><\/i><\/div><div id=\"elementor-tab-content-1441\" class=\"eael-accordion-content clearfix active-default\" data-tab=\"1\" aria-labelledby=\"duracin\"><p>35 horas<\/p><\/div>\n                <\/div><div class=\"eael-accordion-list\">\n                <div id=\"modalidad\" class=\"elementor-tab-title eael-accordion-header active-default\" tabindex=\"0\" data-tab=\"2\" aria-controls=\"elementor-tab-content-1442\"><span class=\"eael-advanced-accordion-icon-closed\"><i aria-hidden=\"true\" class=\"fa-accordion-icon icon icon-earth\"><\/i><\/span><span class=\"eael-advanced-accordion-icon-opened\"><i aria-hidden=\"true\" class=\"fa-accordion-icon icon icon-earth\"><\/i><\/span><span class=\"eael-accordion-tab-title\">Modalidad<\/span><i aria-hidden=\"true\" class=\"fa-toggle fas fa-angle-right\"><\/i><\/div><div id=\"elementor-tab-content-1442\" class=\"eael-accordion-content clearfix active-default\" data-tab=\"2\" aria-labelledby=\"modalidad\"><p>Teleformaci\u00f3n<\/p><\/div>\n                <\/div><div class=\"eael-accordion-list\">\n                <div id=\"objetivos\" class=\"elementor-tab-title eael-accordion-header active-default\" tabindex=\"0\" data-tab=\"3\" aria-controls=\"elementor-tab-content-1443\"><span class=\"eael-advanced-accordion-icon-closed\"><i aria-hidden=\"true\" class=\"fa-accordion-icon fas fa-clipboard-list\"><\/i><\/span><span class=\"eael-advanced-accordion-icon-opened\"><i aria-hidden=\"true\" class=\"fa-accordion-icon fas fa-clipboard-list\"><\/i><\/span><span class=\"eael-accordion-tab-title\">Objetivos<\/span><i aria-hidden=\"true\" class=\"fa-toggle fas fa-angle-right\"><\/i><\/div><div id=\"elementor-tab-content-1443\" class=\"eael-accordion-content clearfix active-default\" data-tab=\"3\" aria-labelledby=\"objetivos\"><p>Objetivos a alcanzar tras el desarrollo de la actividad formativa<\/p><p>Tras la realizaci\u00f3n de la acci\u00f3n formativa, el alumnado ser\u00e1 capaz de:<\/p><ul><li>Conocer la normativa vigente en materia de tiempo de trabajo, jornada y descansos, seg\u00fan el Estatuto de las Personas Trabajadoras y los convenios colectivos aplicables.<\/li><li>Identificar los distintos tipos de jornada laboral, su distribuci\u00f3n, l\u00edmites y modalidades especiales, atendiendo a las necesidades de organizaci\u00f3n y conciliaci\u00f3n.<\/li><li>Aplicar correctamente los mecanismos de control horario, conforme a la normativa sobre registro de jornada y protecci\u00f3n de datos personales.<\/li><li>Gestionar la distribuci\u00f3n irregular de la jornada y las horas complementarias o extraordinarias, garantizando la seguridad jur\u00eddica y el cumplimiento normativo.<\/li><li>Analizar las implicaciones laborales y retributivas de las variaciones de jornada y los sistemas de control.<\/li><li>Promover pol\u00edticas de conciliaci\u00f3n y flexibilidad, integrando la perspectiva de igualdad y corresponsabilidad en la planificaci\u00f3n del tiempo de trabajo.<\/li><li>Asesorar a las organizaciones y a las personas trabajadoras en la implantaci\u00f3n de sistemas de control horario eficientes, equitativos y respetuosos con los derechos laborales.\u00a0<\/li><\/ul><\/div>\n                <\/div><div class=\"eael-accordion-list\">\n                <div id=\"contenidos\" class=\"elementor-tab-title eael-accordion-header active-default\" tabindex=\"0\" data-tab=\"4\" aria-controls=\"elementor-tab-content-1444\"><span class=\"eael-advanced-accordion-icon-closed\"><i aria-hidden=\"true\" class=\"fa-accordion-icon fas fa-boxes\"><\/i><\/span><span class=\"eael-advanced-accordion-icon-opened\"><i aria-hidden=\"true\" class=\"fa-accordion-icon fas fa-boxes\"><\/i><\/span><span class=\"eael-accordion-tab-title\">Contenidos<\/span><i aria-hidden=\"true\" class=\"fa-toggle fas fa-angle-right\"><\/i><\/div><div id=\"elementor-tab-content-1444\" class=\"eael-accordion-content clearfix active-default\" data-tab=\"4\" aria-labelledby=\"contenidos\"><ol><li><strong>Marco normativo del tiempo de trabajo (5 h)<\/strong><\/li><\/ol><ul><li>Estatuto de las Personas Trabajadoras y normativa complementaria.<\/li><li>Directivas europeas sobre tiempo de trabajo y descanso.<\/li><li>Jurisprudencia y criterios de la Inspecci\u00f3n de Trabajo.<\/li><\/ul><ol start=\"2\"><li><strong>Tipos y modalidades de jornada laboral (6 h)<\/strong><\/li><\/ol><ul><li>Jornada ordinaria y especial.<\/li><li>Trabajo a turnos, nocturno y flexible.<\/li><li>Jornadas reducidas, parciales y adaptadas.<\/li><\/ul><ol start=\"3\"><li><strong>Distribuci\u00f3n y planificaci\u00f3n del tiempo de trabajo (6 h)<\/strong><\/li><\/ol><ul><li>Distribuci\u00f3n irregular de la jornada.<\/li><li>Bolsas de horas y compensaci\u00f3n.<\/li><li>Planificaci\u00f3n de calendarios laborales.<\/li><\/ul><ol start=\"4\"><li><strong>Registro y control de jornada (6 h)<\/strong><\/li><\/ol><ul><li>Obligaci\u00f3n de registro diario de jornada.<\/li><li>Sistemas de control horario: manuales y digitales.<\/li><li>Protecci\u00f3n de datos y derecho a la intimidad.<\/li><\/ul><ol start=\"5\"><li><strong>Horas extraordinarias y complementarias (6 h)<\/strong><\/li><\/ol><ul><li>Regulaci\u00f3n y l\u00edmites legales.<\/li><li>Compensaci\u00f3n econ\u00f3mica o con descanso.<\/li><li>Criterios de voluntariedad y consentimiento.<\/li><\/ul><ol start=\"6\"><li><strong>Igualdad, conciliaci\u00f3n y nuevas formas de organizaci\u00f3n (6 h)<\/strong><\/li><\/ol><ul><li>Perspectiva de g\u00e9nero y corresponsabilidad en la distribuci\u00f3n del tiempo.<\/li><li>Teletrabajo, flexibilidad horaria y desconexi\u00f3n digital.<\/li><li>Buenas pr\u00e1cticas empresariales y sindicales.<\/li><\/ul><\/div>\n                <\/div><\/div>\t\t\t\t<\/div>\n\t\t\t\t<\/div>\n\t\t\t\t\t<\/div>\n\t\t\t\t<\/div>\n\t\t\t\t<\/div>\n\t\t","protected":false},"excerpt":{"rendered":"<p>Quiero Inscribirme Duraci\u00f3n 35 horas Modalidad Teleformaci\u00f3n Objetivos Objetivos a alcanzar tras el desarrollo de la actividad formativa Tras la realizaci\u00f3n de la acci\u00f3n formativa, el alumnado ser\u00e1 capaz de: Conocer la normativa vigente en materia de tiempo de trabajo, jornada y descansos, seg\u00fan el Estatuto de las Personas Trabajadoras y los convenios colectivos aplicables. &#8230; <a title=\"Distribuci\u00f3n y Control de la Jornada\" class=\"read-more\" href=\"https:\/\/dialogosocial.campusfsie.es\/inscripciones\/distribucion-y-control-de-la-jornada-and\/\" aria-label=\"Leer m\u00e1s sobre Distribuci\u00f3n y Control de la Jornada\">Leer m\u00e1s<\/a><\/p>\n","protected":false},"author":4,"featured_media":0,"parent":0,"menu_order":0,"comment_status":"closed","ping_status":"closed","template":"elementor_canvas","meta":{"footnotes":""},"class_list":["post-9343","page","type-page","status-publish"],"_links":{"self":[{"href":"https:\/\/dialogosocial.campusfsie.es\/inscripciones\/wp-json\/wp\/v2\/pages\/9343"}],"collection":[{"href":"https:\/\/dialogosocial.campusfsie.es\/inscripciones\/wp-json\/wp\/v2\/pages"}],"about":[{"href":"https:\/\/dialogosocial.campusfsie.es\/inscripciones\/wp-json\/wp\/v2\/types\/page"}],"author":[{"embeddable":true,"href":"https:\/\/dialogosocial.campusfsie.es\/inscripciones\/wp-json\/wp\/v2\/users\/4"}],"replies":[{"embeddable":true,"href":"https:\/\/dialogosocial.campusfsie.es\/inscripciones\/wp-json\/wp\/v2\/comments?post=9343"}],"version-history":[{"count":6,"href":"https:\/\/dialogosocial.campusfsie.es\/inscripciones\/wp-json\/wp\/v2\/pages\/9343\/revisions"}],"predecessor-version":[{"id":9360,"href":"https:\/\/dialogosocial.campusfsie.es\/inscripciones\/wp-json\/wp\/v2\/pages\/9343\/revisions\/9360"}],"wp:attachment":[{"href":"https:\/\/dialogosocial.campusfsie.es\/inscripciones\/wp-json\/wp\/v2\/media?parent=9343"}],"curies":[{"name":"wp","href":"https:\/\/api.w.org\/{rel}","templated":true}]}}