{"id":9132,"date":"2026-03-12T09:51:39","date_gmt":"2026-03-12T08:51:39","guid":{"rendered":"https:\/\/dialogosocial.campusfsie.es\/inscripciones\/?page_id=9132"},"modified":"2026-04-13T10:18:18","modified_gmt":"2026-04-13T08:18:18","slug":"contratos-nominas-y-seguridad-social","status":"publish","type":"page","link":"https:\/\/dialogosocial.campusfsie.es\/inscripciones\/contratos-nominas-y-seguridad-social\/","title":{"rendered":"Contratos, N\u00f3minas y Seguridad Social"},"content":{"rendered":"\t\t<div data-elementor-type=\"wp-page\" data-elementor-id=\"9132\" class=\"elementor elementor-9132\">\n\t\t\t\t<div class=\"elementor-element elementor-element-bae0c91 e-con-full e-flex e-con e-parent\" data-id=\"bae0c91\" data-element_type=\"container\" data-settings=\"{&quot;background_background&quot;:&quot;classic&quot;}\">\n\t\t\t\t<div class=\"elementor-element elementor-element-f613058 elementor-widget elementor-widget-image\" data-id=\"f613058\" data-element_type=\"widget\" data-widget_type=\"image.default\">\n\t\t\t\t<div class=\"elementor-widget-container\">\n\t\t\t\t\t\t\t\t\t\t\t\t\t\t\t<img fetchpriority=\"high\" decoding=\"async\" width=\"2048\" height=\"758\" src=\"https:\/\/dialogosocial.campusfsie.es\/inscripciones\/wp-content\/uploads\/2026\/03\/Contratos-nominas-y-seguridad-social-2.png\" class=\"attachment-full size-full wp-image-9133\" alt=\"\" srcset=\"https:\/\/dialogosocial.campusfsie.es\/inscripciones\/wp-content\/uploads\/2026\/03\/Contratos-nominas-y-seguridad-social-2.png 2048w, https:\/\/dialogosocial.campusfsie.es\/inscripciones\/wp-content\/uploads\/2026\/03\/Contratos-nominas-y-seguridad-social-2-300x111.png 300w, https:\/\/dialogosocial.campusfsie.es\/inscripciones\/wp-content\/uploads\/2026\/03\/Contratos-nominas-y-seguridad-social-2-1024x379.png 1024w, https:\/\/dialogosocial.campusfsie.es\/inscripciones\/wp-content\/uploads\/2026\/03\/Contratos-nominas-y-seguridad-social-2-768x284.png 768w, https:\/\/dialogosocial.campusfsie.es\/inscripciones\/wp-content\/uploads\/2026\/03\/Contratos-nominas-y-seguridad-social-2-1536x569.png 1536w\" sizes=\"(max-width: 2048px) 100vw, 2048px\" \/>\t\t\t\t\t\t\t\t\t\t\t\t\t\t\t<\/div>\n\t\t\t\t<\/div>\n\t\t\t\t<\/div>\n\t\t<div class=\"elementor-element elementor-element-726c2e5 acordeonfsie e-flex e-con-boxed e-con e-parent\" data-id=\"726c2e5\" data-element_type=\"container\">\n\t\t\t\t\t<div class=\"e-con-inner\">\n\t\t\t\t<div class=\"elementor-element elementor-element-9394355 elementor-widget elementor-widget-eael-creative-button\" data-id=\"9394355\" data-element_type=\"widget\" data-widget_type=\"eael-creative-button.default\">\n\t\t\t\t<div class=\"elementor-widget-container\">\n\t\t\t\t\t        <div class=\"eael-creative-button-wrapper\">\n\n            <a class=\"eael-creative-button eael-creative-button--rayen\" href=\"https:\/\/dialogosocial.campusfsie.es\/inscripciones\/?curso=ESoContratos-Nominas-y-Seguridad-Social\" data-text=\"Adelante!\">\n\n\t    \n                <div class=\"creative-button-inner\">\n\n                    \n                    <span class=\"cretive-button-text\">Quiero Inscribirme<\/span>\n\n                                    <\/div>\n\t                        <\/a>\n        <\/div>\n        \t\t\t\t<\/div>\n\t\t\t\t<\/div>\n\t\t\t\t<div class=\"elementor-element elementor-element-8a1d6b5 elementor-widget elementor-widget-eael-adv-accordion\" data-id=\"8a1d6b5\" data-element_type=\"widget\" data-widget_type=\"eael-adv-accordion.default\">\n\t\t\t\t<div class=\"elementor-widget-container\">\n\t\t\t\t\t        <div class=\"eael-adv-accordion\" id=\"eael-adv-accordion-8a1d6b5\" data-scroll-on-click=\"no\" data-scroll-speed=\"300\" data-accordion-id=\"8a1d6b5\" data-accordion-type=\"toggle\" data-toogle-speed=\"300\">\n    <div class=\"eael-accordion-list\">\n                <div id=\"duracin\" class=\"elementor-tab-title eael-accordion-header active-default\" tabindex=\"0\" data-tab=\"1\" aria-controls=\"elementor-tab-content-1441\"><span class=\"eael-advanced-accordion-icon-closed\"><i aria-hidden=\"true\" class=\"fa-accordion-icon icon icon-stopwatch\"><\/i><\/span><span class=\"eael-advanced-accordion-icon-opened\"><i aria-hidden=\"true\" class=\"fa-accordion-icon icon icon-stopwatch\"><\/i><\/span><span class=\"eael-accordion-tab-title\">Duraci\u00f3n<\/span><i aria-hidden=\"true\" class=\"fa-toggle fas fa-angle-right\"><\/i><\/div><div id=\"elementor-tab-content-1441\" class=\"eael-accordion-content clearfix active-default\" data-tab=\"1\" aria-labelledby=\"duracin\"><p>60 horas<\/p><\/div>\n                <\/div><div class=\"eael-accordion-list\">\n                <div id=\"calendario\" class=\"elementor-tab-title eael-accordion-header active-default\" tabindex=\"0\" data-tab=\"2\" aria-controls=\"elementor-tab-content-1442\"><span class=\"eael-advanced-accordion-icon-closed\"><i aria-hidden=\"true\" class=\"fa-accordion-icon far fa-calendar-alt\"><\/i><\/span><span class=\"eael-advanced-accordion-icon-opened\"><i aria-hidden=\"true\" class=\"fa-accordion-icon far fa-calendar-alt\"><\/i><\/span><span class=\"eael-accordion-tab-title\">Calendario<\/span><i aria-hidden=\"true\" class=\"fa-toggle fas fa-angle-right\"><\/i><\/div><div id=\"elementor-tab-content-1442\" class=\"eael-accordion-content clearfix active-default\" data-tab=\"2\" aria-labelledby=\"calendario\"><ul><li><strong>Fecha de inicio:<\/strong> 13\/04\/2026<\/li><li><strong>Fecha de fin:<\/strong> 29\/05\/2026<\/li><\/ul><\/div>\n                <\/div><div class=\"eael-accordion-list\">\n                <div id=\"modalidad\" class=\"elementor-tab-title eael-accordion-header active-default\" tabindex=\"0\" data-tab=\"3\" aria-controls=\"elementor-tab-content-1443\"><span class=\"eael-advanced-accordion-icon-closed\"><i aria-hidden=\"true\" class=\"fa-accordion-icon icon icon-earth\"><\/i><\/span><span class=\"eael-advanced-accordion-icon-opened\"><i aria-hidden=\"true\" class=\"fa-accordion-icon icon icon-earth\"><\/i><\/span><span class=\"eael-accordion-tab-title\">Modalidad<\/span><i aria-hidden=\"true\" class=\"fa-toggle fas fa-angle-right\"><\/i><\/div><div id=\"elementor-tab-content-1443\" class=\"eael-accordion-content clearfix active-default\" data-tab=\"3\" aria-labelledby=\"modalidad\"><p>Teleformaci\u00f3n<\/p><\/div>\n                <\/div><div class=\"eael-accordion-list\">\n                <div id=\"objetivos\" class=\"elementor-tab-title eael-accordion-header active-default\" tabindex=\"0\" data-tab=\"4\" aria-controls=\"elementor-tab-content-1444\"><span class=\"eael-advanced-accordion-icon-closed\"><i aria-hidden=\"true\" class=\"fa-accordion-icon fas fa-clipboard-list\"><\/i><\/span><span class=\"eael-advanced-accordion-icon-opened\"><i aria-hidden=\"true\" class=\"fa-accordion-icon fas fa-clipboard-list\"><\/i><\/span><span class=\"eael-accordion-tab-title\">Objetivos<\/span><i aria-hidden=\"true\" class=\"fa-toggle fas fa-angle-right\"><\/i><\/div><div id=\"elementor-tab-content-1444\" class=\"eael-accordion-content clearfix active-default\" data-tab=\"4\" aria-labelledby=\"objetivos\"><p>Tras el desarrollo de la actividad formativa se pretende que el alumnado:<\/p><ul><li><p>Comprender los aspectos legales fundamentales relacionados con los contratos laborales en Espa\u00f1a, incluidos los tipos de contratos, su redacci\u00f3n, modificaciones y extinci\u00f3n, y su relaci\u00f3n con la normativa vigente.<\/p><\/li><li><p>Adquirir las competencias necesarias para elaborar y gestionar n\u00f3minas de acuerdo con la legislaci\u00f3n espa\u00f1ola, incluyendo el c\u00e1lculo de salarios, deducciones y retenciones.<\/p><\/li><li><p>Dominar los tr\u00e1mites y procedimientos relativos a la Seguridad Social, incluyendo el alta, baja y variaciones en el sistema, as\u00ed como la gesti\u00f3n de las cotizaciones y la relaci\u00f3n con los trabajadores.<\/p><\/li><li><p>Fomentar la capacidad para aplicar correctamente la normativa sobre contratos laborales, n\u00f3minas y Seguridad Social en situaciones reales, en el contexto de una empresa u organizaci\u00f3n.<\/p><\/li><li><p>Capacitar a los participantes para la correcta gesti\u00f3n administrativa de los recursos humanos, contribuyendo a la mejora de la eficiencia organizativa y el cumplimiento legal de la empresa en relaci\u00f3n con las obligaciones laborales.<\/p><\/li><\/ul><\/div>\n                <\/div><div class=\"eael-accordion-list\">\n                <div id=\"contenidos\" class=\"elementor-tab-title eael-accordion-header active-default\" tabindex=\"0\" data-tab=\"5\" aria-controls=\"elementor-tab-content-1445\"><span class=\"eael-advanced-accordion-icon-closed\"><i aria-hidden=\"true\" class=\"fa-accordion-icon fas fa-boxes\"><\/i><\/span><span class=\"eael-advanced-accordion-icon-opened\"><i aria-hidden=\"true\" class=\"fa-accordion-icon fas fa-boxes\"><\/i><\/span><span class=\"eael-accordion-tab-title\">Contenidos<\/span><i aria-hidden=\"true\" class=\"fa-toggle fas fa-angle-right\"><\/i><\/div><div id=\"elementor-tab-content-1445\" class=\"eael-accordion-content clearfix active-default\" data-tab=\"5\" aria-labelledby=\"contenidos\"><ul><li>M\u00d3DULO 1: INTRODUCCI\u00d3N AL DERECHO LABORAL Y CONTRATOS DE TRABAJO (12 horas)<\/li><li>M\u00d3DULO 2: ELABORACI\u00d3N Y GESTI\u00d3N DE N\u00d3MINAS (18 horas).<\/li><li>M\u00d3DULO 3: SEGURIDAD SOCIAL: TR\u00c1MITES Y COTIZACIONES (18 horas)<\/li><li>M\u00d3DULO 4: EVALUACI\u00d3N Y APLICACI\u00d3N PR\u00c1CTICA (12 horas)<\/li><\/ul><\/div>\n                <\/div><\/div>\t\t\t\t<\/div>\n\t\t\t\t<\/div>\n\t\t\t\t\t<\/div>\n\t\t\t\t<\/div>\n\t\t\t\t<\/div>\n\t\t","protected":false},"excerpt":{"rendered":"<p>Quiero Inscribirme Duraci\u00f3n 60 horas Calendario Fecha de inicio: 13\/04\/2026 Fecha de fin: 29\/05\/2026 Modalidad Teleformaci\u00f3n Objetivos Tras el desarrollo de la actividad formativa se pretende que el alumnado: Comprender los aspectos legales fundamentales relacionados con los contratos laborales en Espa\u00f1a, incluidos los tipos de contratos, su redacci\u00f3n, modificaciones y extinci\u00f3n, y su relaci\u00f3n con &#8230; <a title=\"Contratos, N\u00f3minas y Seguridad Social\" class=\"read-more\" href=\"https:\/\/dialogosocial.campusfsie.es\/inscripciones\/contratos-nominas-y-seguridad-social\/\" aria-label=\"Leer m\u00e1s sobre Contratos, N\u00f3minas y Seguridad Social\">Leer m\u00e1s<\/a><\/p>\n","protected":false},"author":4,"featured_media":0,"parent":0,"menu_order":0,"comment_status":"closed","ping_status":"closed","template":"elementor_canvas","meta":{"footnotes":""},"class_list":["post-9132","page","type-page","status-publish"],"_links":{"self":[{"href":"https:\/\/dialogosocial.campusfsie.es\/inscripciones\/wp-json\/wp\/v2\/pages\/9132"}],"collection":[{"href":"https:\/\/dialogosocial.campusfsie.es\/inscripciones\/wp-json\/wp\/v2\/pages"}],"about":[{"href":"https:\/\/dialogosocial.campusfsie.es\/inscripciones\/wp-json\/wp\/v2\/types\/page"}],"author":[{"embeddable":true,"href":"https:\/\/dialogosocial.campusfsie.es\/inscripciones\/wp-json\/wp\/v2\/users\/4"}],"replies":[{"embeddable":true,"href":"https:\/\/dialogosocial.campusfsie.es\/inscripciones\/wp-json\/wp\/v2\/comments?post=9132"}],"version-history":[{"count":6,"href":"https:\/\/dialogosocial.campusfsie.es\/inscripciones\/wp-json\/wp\/v2\/pages\/9132\/revisions"}],"predecessor-version":[{"id":9310,"href":"https:\/\/dialogosocial.campusfsie.es\/inscripciones\/wp-json\/wp\/v2\/pages\/9132\/revisions\/9310"}],"wp:attachment":[{"href":"https:\/\/dialogosocial.campusfsie.es\/inscripciones\/wp-json\/wp\/v2\/media?parent=9132"}],"curies":[{"name":"wp","href":"https:\/\/api.w.org\/{rel}","templated":true}]}}