{"id":8962,"date":"2026-02-16T16:46:29","date_gmt":"2026-02-16T15:46:29","guid":{"rendered":"https:\/\/dialogosocial.campusfsie.es\/inscripciones\/?page_id=8962"},"modified":"2026-02-16T17:03:39","modified_gmt":"2026-02-16T16:03:39","slug":"normativa-y-gestion-de-subvenciones-tramitacion-y-control","status":"publish","type":"page","link":"https:\/\/dialogosocial.campusfsie.es\/inscripciones\/normativa-y-gestion-de-subvenciones-tramitacion-y-control\/","title":{"rendered":"Normativa y gesti\u00f3n de subvenciones: tramitaci\u00f3n y control"},"content":{"rendered":"\t\t<div data-elementor-type=\"wp-page\" data-elementor-id=\"8962\" class=\"elementor elementor-8962\">\n\t\t\t\t<div class=\"elementor-element elementor-element-99a8f93 e-con-full e-flex e-con e-parent\" data-id=\"99a8f93\" data-element_type=\"container\" data-settings=\"{&quot;background_background&quot;:&quot;classic&quot;}\">\n\t\t\t\t<div class=\"elementor-element elementor-element-7ae03cd elementor-widget__width-inherit elementor-widget elementor-widget-image\" data-id=\"7ae03cd\" data-element_type=\"widget\" data-widget_type=\"image.default\">\n\t\t\t\t<div class=\"elementor-widget-container\">\n\t\t\t\t\t\t\t\t\t\t\t\t\t\t\t<img fetchpriority=\"high\" decoding=\"async\" width=\"2048\" height=\"758\" src=\"https:\/\/dialogosocial.campusfsie.es\/inscripciones\/wp-content\/uploads\/2026\/02\/FSIE-ANDALUCIA-9-Normativa-y-gestion-de-subvenciones-tramitacion-y-1.png\" class=\"attachment-full size-full wp-image-8964\" alt=\"\" srcset=\"https:\/\/dialogosocial.campusfsie.es\/inscripciones\/wp-content\/uploads\/2026\/02\/FSIE-ANDALUCIA-9-Normativa-y-gestion-de-subvenciones-tramitacion-y-1.png 2048w, https:\/\/dialogosocial.campusfsie.es\/inscripciones\/wp-content\/uploads\/2026\/02\/FSIE-ANDALUCIA-9-Normativa-y-gestion-de-subvenciones-tramitacion-y-1-300x111.png 300w, https:\/\/dialogosocial.campusfsie.es\/inscripciones\/wp-content\/uploads\/2026\/02\/FSIE-ANDALUCIA-9-Normativa-y-gestion-de-subvenciones-tramitacion-y-1-1024x379.png 1024w, https:\/\/dialogosocial.campusfsie.es\/inscripciones\/wp-content\/uploads\/2026\/02\/FSIE-ANDALUCIA-9-Normativa-y-gestion-de-subvenciones-tramitacion-y-1-768x284.png 768w, https:\/\/dialogosocial.campusfsie.es\/inscripciones\/wp-content\/uploads\/2026\/02\/FSIE-ANDALUCIA-9-Normativa-y-gestion-de-subvenciones-tramitacion-y-1-1536x569.png 1536w\" sizes=\"(max-width: 2048px) 100vw, 2048px\" \/>\t\t\t\t\t\t\t\t\t\t\t\t\t\t\t<\/div>\n\t\t\t\t<\/div>\n\t\t\t\t<\/div>\n\t\t<div class=\"elementor-element elementor-element-726c2e5 .modregofrito e-flex e-con-boxed e-con e-parent\" data-id=\"726c2e5\" data-element_type=\"container\">\n\t\t\t\t\t<div class=\"e-con-inner\">\n\t\t\t\t<div class=\"elementor-element elementor-element-2ae0a0d elementor-widget elementor-widget-eael-creative-button\" data-id=\"2ae0a0d\" data-element_type=\"widget\" data-widget_type=\"eael-creative-button.default\">\n\t\t\t\t<div class=\"elementor-widget-container\">\n\t\t\t\t\t        <div class=\"eael-creative-button-wrapper\">\n\n            <a class=\"eael-creative-button eael-creative-button--rayen\" href=\"https:\/\/dialogosocial.campusfsie.es\/inscripciones\/andalucia\/?curso=ANDNormativayGestiondeSubvenciones&#038;cursoLargo=ANDNormativa%20y%20Gesti%C3%B3n%20de%20Subvenciones\" data-text=\"Adelante!\">\n\n\t    \n                <div class=\"creative-button-inner\">\n\n                    \n                    <span class=\"cretive-button-text\">Quiero Inscribirme<\/span>\n\n                                    <\/div>\n\t                        <\/a>\n        <\/div>\n        \t\t\t\t<\/div>\n\t\t\t\t<\/div>\n\t\t\t\t<div class=\"elementor-element elementor-element-8a1d6b5 acordeonfsie elementor-widget elementor-widget-eael-adv-accordion\" data-id=\"8a1d6b5\" data-element_type=\"widget\" data-widget_type=\"eael-adv-accordion.default\">\n\t\t\t\t<div class=\"elementor-widget-container\">\n\t\t\t\t\t        <div class=\"eael-adv-accordion\" id=\"eael-adv-accordion-8a1d6b5\" data-scroll-on-click=\"no\" data-scroll-speed=\"300\" data-accordion-id=\"8a1d6b5\" data-accordion-type=\"toggle\" data-toogle-speed=\"300\">\n    <div class=\"eael-accordion-list\">\n                <div id=\"duracin\" class=\"elementor-tab-title eael-accordion-header active-default\" tabindex=\"0\" data-tab=\"1\" aria-controls=\"elementor-tab-content-1441\"><span class=\"eael-advanced-accordion-icon-closed\"><i aria-hidden=\"true\" class=\"fa-accordion-icon icon icon-stopwatch\"><\/i><\/span><span class=\"eael-advanced-accordion-icon-opened\"><i aria-hidden=\"true\" class=\"fa-accordion-icon icon icon-stopwatch\"><\/i><\/span><span class=\"eael-accordion-tab-title\">Duraci\u00f3n<\/span><i aria-hidden=\"true\" class=\"fa-toggle fas fa-angle-right\"><\/i><\/div><div id=\"elementor-tab-content-1441\" class=\"eael-accordion-content clearfix active-default\" data-tab=\"1\" aria-labelledby=\"duracin\"><p>35 horas<\/p><\/div>\n                <\/div><div class=\"eael-accordion-list\">\n                <div id=\"modalidad\" class=\"elementor-tab-title eael-accordion-header active-default\" tabindex=\"0\" data-tab=\"2\" aria-controls=\"elementor-tab-content-1442\"><span class=\"eael-advanced-accordion-icon-closed\"><i aria-hidden=\"true\" class=\"fa-accordion-icon icon icon-earth\"><\/i><\/span><span class=\"eael-advanced-accordion-icon-opened\"><i aria-hidden=\"true\" class=\"fa-accordion-icon icon icon-earth\"><\/i><\/span><span class=\"eael-accordion-tab-title\">Modalidad<\/span><i aria-hidden=\"true\" class=\"fa-toggle fas fa-angle-right\"><\/i><\/div><div id=\"elementor-tab-content-1442\" class=\"eael-accordion-content clearfix active-default\" data-tab=\"2\" aria-labelledby=\"modalidad\"><p>Teleformaci\u00f3n<\/p><\/div>\n                <\/div><div class=\"eael-accordion-list\">\n                <div id=\"objetivos\" class=\"elementor-tab-title eael-accordion-header active-default\" tabindex=\"0\" data-tab=\"3\" aria-controls=\"elementor-tab-content-1443\"><span class=\"eael-advanced-accordion-icon-closed\"><i aria-hidden=\"true\" class=\"fa-accordion-icon fas fa-clipboard-list\"><\/i><\/span><span class=\"eael-advanced-accordion-icon-opened\"><i aria-hidden=\"true\" class=\"fa-accordion-icon fas fa-clipboard-list\"><\/i><\/span><span class=\"eael-accordion-tab-title\">Objetivos<\/span><i aria-hidden=\"true\" class=\"fa-toggle fas fa-angle-right\"><\/i><\/div><div id=\"elementor-tab-content-1443\" class=\"eael-accordion-content clearfix active-default\" data-tab=\"3\" aria-labelledby=\"objetivos\"><p class=\"x_MsoNormal\"><b data-olk-copy-source=\"MessageBody\">Objetivos a alcanzar tras el desarrollo de la actividad formativa<\/b><\/p><p class=\"x_MsoNormal\">Tras el desarrollo de la actividad formativa se pretende que el alumnado pueda:<\/p><ol><li>Conocer la normativa vigente que regula las subvenciones p\u00fablicas, especialmente la Ley 38\/2003 General de Subvenciones y su Reglamento.<\/li><li>Comprender el ciclo completo de gesti\u00f3n de una subvenci\u00f3n, desde la convocatoria hasta la justificaci\u00f3n final, incluyendo los mecanismos de control y auditor\u00eda.<\/li><li>Identificar los requisitos legales y administrativos para la tramitaci\u00f3n de ayudas, as\u00ed como las obligaciones de las entidades beneficiarias.<\/li><li>Aplicar correctamente los procedimientos de justificaci\u00f3n econ\u00f3mica y t\u00e9cnica, garantizando la transparencia y la trazabilidad de los gastos.<\/li><li>Utilizar herramientas digitales y plataformas electr\u00f3nicas para la gesti\u00f3n, seguimiento y presentaci\u00f3n telem\u00e1tica de expedientes.<\/li><li>Prevenir errores y posibles incumplimientos, a trav\u00e9s del conocimiento de los criterios de elegibilidad, compatibilidad y reintegro de subvenciones.<\/li><li>Fomentar la cultura de cumplimiento normativo (compliance) y la gesti\u00f3n eficiente de fondos p\u00fablicos en el \u00e1mbito sindical y asociativo. <\/li><\/ol><\/div>\n                <\/div><div class=\"eael-accordion-list\">\n                <div id=\"contenidos\" class=\"elementor-tab-title eael-accordion-header active-default\" tabindex=\"0\" data-tab=\"4\" aria-controls=\"elementor-tab-content-1444\"><span class=\"eael-advanced-accordion-icon-closed\"><i aria-hidden=\"true\" class=\"fa-accordion-icon fas fa-boxes\"><\/i><\/span><span class=\"eael-advanced-accordion-icon-opened\"><i aria-hidden=\"true\" class=\"fa-accordion-icon fas fa-boxes\"><\/i><\/span><span class=\"eael-accordion-tab-title\">Contenidos<\/span><i aria-hidden=\"true\" class=\"fa-toggle fas fa-angle-right\"><\/i><\/div><div id=\"elementor-tab-content-1444\" class=\"eael-accordion-content clearfix active-default\" data-tab=\"4\" aria-labelledby=\"contenidos\"><ol><li><strong> Marco legal y principios generales de las subvenciones (6 h) <\/strong><\/li><\/ol><ul><li>Ley 38\/2003, General de Subvenciones, y su Reglamento (RD 887\/2006).<\/li><li>Conceptos b\u00e1sicos: beneficiarios, entidades colaboradoras, obligaciones y derechos.<\/li><li>Principios de publicidad, concurrencia, objetividad y transparencia.<\/li><\/ul><ol start=\"2\"><li><strong> Procedimiento de concesi\u00f3n y gesti\u00f3n de subvenciones (7 h) <\/strong><\/li><\/ol><ul><li>Tipos de procedimientos: concurrencia competitiva y concesi\u00f3n directa.<\/li><li>Fases del expediente: solicitud, instrucci\u00f3n, resoluci\u00f3n y aceptaci\u00f3n.<\/li><li>Documentaci\u00f3n administrativa y medios electr\u00f3nicos.<\/li><\/ul><ol start=\"3\"><li><strong> Justificaci\u00f3n econ\u00f3mica y t\u00e9cnica de las subvenciones (7 h) <\/strong><\/li><\/ol><ul><li>Gastos subvencionables y no subvencionables.<\/li><li>Elaboraci\u00f3n de memorias t\u00e9cnicas y econ\u00f3micas.<\/li><li>Facturaci\u00f3n, control de plazos y presentaci\u00f3n telem\u00e1tica.<\/li><\/ul><ol start=\"4\"><li><strong> Control, seguimiento y reintegros (7 h) <\/strong><\/li><\/ol><ul><li>Funciones de control financiero y auditor\u00eda.<\/li><li>Reintegros, sanciones y responsabilidades administrativas.<\/li><li>Buenas pr\u00e1cticas para la prevenci\u00f3n de irregularidades.<\/li><\/ul><ol start=\"5\"><li><strong> Herramientas de gesti\u00f3n y digitalizaci\u00f3n (5 h) <\/strong><\/li><\/ol><ul><li>Plataformas electr\u00f3nicas de tramitaci\u00f3n de subvenciones.<\/li><li>Uso de certificados digitales y firma electr\u00f3nica.<\/li><li>Automatizaci\u00f3n y control documental mediante IA y hojas de c\u00e1lculo.<\/li><\/ul><ol start=\"6\"><li><strong> Buenas pr\u00e1cticas en la gesti\u00f3n sindical de subvenciones (3 h) <\/strong><\/li><\/ol><ul><li>Transparencia y rendici\u00f3n de cuentas.<\/li><li>Coordinaci\u00f3n con administraciones p\u00fablicas y entidades colaboradoras.<\/li><li>Cultura de cumplimiento y \u00e9tica en la gesti\u00f3n de fondos p\u00fablicos.<\/li><\/ul><\/div>\n                <\/div><\/div>\t\t\t\t<\/div>\n\t\t\t\t<\/div>\n\t\t\t\t\t<\/div>\n\t\t\t\t<\/div>\n\t\t\t\t<\/div>\n\t\t","protected":false},"excerpt":{"rendered":"<p>Quiero Inscribirme Duraci\u00f3n 35 horas Modalidad Teleformaci\u00f3n Objetivos Objetivos a alcanzar tras el desarrollo de la actividad formativa Tras el desarrollo de la actividad formativa se pretende que el alumnado pueda: Conocer la normativa vigente que regula las subvenciones p\u00fablicas, especialmente la Ley 38\/2003 General de Subvenciones y su Reglamento. Comprender el ciclo completo de &#8230; <a title=\"Normativa y gesti\u00f3n de subvenciones: tramitaci\u00f3n y control\" class=\"read-more\" href=\"https:\/\/dialogosocial.campusfsie.es\/inscripciones\/normativa-y-gestion-de-subvenciones-tramitacion-y-control\/\" aria-label=\"Leer m\u00e1s sobre Normativa y gesti\u00f3n de subvenciones: tramitaci\u00f3n y control\">Leer m\u00e1s<\/a><\/p>\n","protected":false},"author":4,"featured_media":0,"parent":0,"menu_order":0,"comment_status":"closed","ping_status":"closed","template":"elementor_canvas","meta":{"footnotes":""},"class_list":["post-8962","page","type-page","status-publish"],"_links":{"self":[{"href":"https:\/\/dialogosocial.campusfsie.es\/inscripciones\/wp-json\/wp\/v2\/pages\/8962"}],"collection":[{"href":"https:\/\/dialogosocial.campusfsie.es\/inscripciones\/wp-json\/wp\/v2\/pages"}],"about":[{"href":"https:\/\/dialogosocial.campusfsie.es\/inscripciones\/wp-json\/wp\/v2\/types\/page"}],"author":[{"embeddable":true,"href":"https:\/\/dialogosocial.campusfsie.es\/inscripciones\/wp-json\/wp\/v2\/users\/4"}],"replies":[{"embeddable":true,"href":"https:\/\/dialogosocial.campusfsie.es\/inscripciones\/wp-json\/wp\/v2\/comments?post=8962"}],"version-history":[{"count":8,"href":"https:\/\/dialogosocial.campusfsie.es\/inscripciones\/wp-json\/wp\/v2\/pages\/8962\/revisions"}],"predecessor-version":[{"id":8981,"href":"https:\/\/dialogosocial.campusfsie.es\/inscripciones\/wp-json\/wp\/v2\/pages\/8962\/revisions\/8981"}],"wp:attachment":[{"href":"https:\/\/dialogosocial.campusfsie.es\/inscripciones\/wp-json\/wp\/v2\/media?parent=8962"}],"curies":[{"name":"wp","href":"https:\/\/api.w.org\/{rel}","templated":true}]}}