{"id":8848,"date":"2026-02-03T15:24:29","date_gmt":"2026-02-03T14:24:29","guid":{"rendered":"https:\/\/dialogosocial.campusfsie.es\/inscripciones\/?page_id=8848"},"modified":"2026-02-25T16:15:36","modified_gmt":"2026-02-25T15:15:36","slug":"como-mejorar-la-productividad-con-inteligencia-artificial","status":"publish","type":"page","link":"https:\/\/dialogosocial.campusfsie.es\/inscripciones\/como-mejorar-la-productividad-con-inteligencia-artificial\/","title":{"rendered":"C\u00f3mo mejorar la productividad con inteligencia artificial"},"content":{"rendered":"\t\t<div data-elementor-type=\"wp-page\" data-elementor-id=\"8848\" class=\"elementor elementor-8848\">\n\t\t\t\t<div class=\"elementor-element elementor-element-6c01aff e-con-full e-flex e-con e-parent\" data-id=\"6c01aff\" data-element_type=\"container\" data-settings=\"{&quot;background_background&quot;:&quot;classic&quot;}\">\n\t\t\t\t<div class=\"elementor-element elementor-element-501d59c elementor-widget elementor-widget-image\" data-id=\"501d59c\" data-element_type=\"widget\" data-widget_type=\"image.default\">\n\t\t\t\t<div class=\"elementor-widget-container\">\n\t\t\t\t\t\t\t\t\t\t\t\t\t\t\t<img fetchpriority=\"high\" decoding=\"async\" width=\"2048\" height=\"758\" src=\"https:\/\/dialogosocial.campusfsie.es\/inscripciones\/wp-content\/uploads\/2026\/02\/FSIE-ANDALUCIA-4-Como-mejorar-la-productividad-con-inteligencia-a-2-1.png\" class=\"attachment-full size-full wp-image-8887\" alt=\"\" srcset=\"https:\/\/dialogosocial.campusfsie.es\/inscripciones\/wp-content\/uploads\/2026\/02\/FSIE-ANDALUCIA-4-Como-mejorar-la-productividad-con-inteligencia-a-2-1.png 2048w, https:\/\/dialogosocial.campusfsie.es\/inscripciones\/wp-content\/uploads\/2026\/02\/FSIE-ANDALUCIA-4-Como-mejorar-la-productividad-con-inteligencia-a-2-1-300x111.png 300w, https:\/\/dialogosocial.campusfsie.es\/inscripciones\/wp-content\/uploads\/2026\/02\/FSIE-ANDALUCIA-4-Como-mejorar-la-productividad-con-inteligencia-a-2-1-1024x379.png 1024w, https:\/\/dialogosocial.campusfsie.es\/inscripciones\/wp-content\/uploads\/2026\/02\/FSIE-ANDALUCIA-4-Como-mejorar-la-productividad-con-inteligencia-a-2-1-768x284.png 768w, https:\/\/dialogosocial.campusfsie.es\/inscripciones\/wp-content\/uploads\/2026\/02\/FSIE-ANDALUCIA-4-Como-mejorar-la-productividad-con-inteligencia-a-2-1-1536x569.png 1536w\" sizes=\"(max-width: 2048px) 100vw, 2048px\" \/>\t\t\t\t\t\t\t\t\t\t\t\t\t\t\t<\/div>\n\t\t\t\t<\/div>\n\t\t\t\t<\/div>\n\t\t<div class=\"elementor-element elementor-element-726c2e5 e-flex e-con-boxed e-con e-parent\" data-id=\"726c2e5\" data-element_type=\"container\">\n\t\t\t\t\t<div class=\"e-con-inner\">\n\t\t\t\t<div class=\"elementor-element elementor-element-b348a6e elementor-widget elementor-widget-eael-creative-button\" data-id=\"b348a6e\" data-element_type=\"widget\" data-widget_type=\"eael-creative-button.default\">\n\t\t\t\t<div class=\"elementor-widget-container\">\n\t\t\t\t\t        <div class=\"eael-creative-button-wrapper\">\n\n            <a class=\"eael-creative-button eael-creative-button--rayen\" href=\"https:\/\/dialogosocial.campusfsie.es\/inscripciones\/andalucia\/?curso=ANDComoMejorarlaProductividadconInteligenciaArtificial&#038;cursoLargo=C%C3%B3mo%20mejorar%20la%20productividad%20con%20inteligencia%20artificial\" data-text=\"Adelante!\">\n\n\t    \n                <div class=\"creative-button-inner\">\n\n                    \n                    <span class=\"cretive-button-text\">Quiero Inscribirme<\/span>\n\n                                    <\/div>\n\t                        <\/a>\n        <\/div>\n        \t\t\t\t<\/div>\n\t\t\t\t<\/div>\n\t\t\t\t<div class=\"elementor-element elementor-element-8a1d6b5 acordeonfsie elementor-widget elementor-widget-eael-adv-accordion\" data-id=\"8a1d6b5\" data-element_type=\"widget\" data-widget_type=\"eael-adv-accordion.default\">\n\t\t\t\t<div class=\"elementor-widget-container\">\n\t\t\t\t\t        <div class=\"eael-adv-accordion\" id=\"eael-adv-accordion-8a1d6b5\" data-scroll-on-click=\"no\" data-scroll-speed=\"300\" data-accordion-id=\"8a1d6b5\" data-accordion-type=\"toggle\" data-toogle-speed=\"300\">\n    <div class=\"eael-accordion-list\">\n                <div id=\"duracin\" class=\"elementor-tab-title eael-accordion-header active-default\" tabindex=\"0\" data-tab=\"1\" aria-controls=\"elementor-tab-content-1441\"><span class=\"eael-advanced-accordion-icon-closed\"><i aria-hidden=\"true\" class=\"fa-accordion-icon icon icon-stopwatch\"><\/i><\/span><span class=\"eael-advanced-accordion-icon-opened\"><i aria-hidden=\"true\" class=\"fa-accordion-icon icon icon-stopwatch\"><\/i><\/span><span class=\"eael-accordion-tab-title\">Duraci\u00f3n<\/span><i aria-hidden=\"true\" class=\"fa-toggle fas fa-angle-right\"><\/i><\/div><div id=\"elementor-tab-content-1441\" class=\"eael-accordion-content clearfix active-default\" data-tab=\"1\" aria-labelledby=\"duracin\"><p>5 horas<\/p><\/div>\n                <\/div><div class=\"eael-accordion-list\">\n                <div id=\"modalidad\" class=\"elementor-tab-title eael-accordion-header active-default\" tabindex=\"0\" data-tab=\"3\" aria-controls=\"elementor-tab-content-1443\"><span class=\"eael-advanced-accordion-icon-closed\"><i aria-hidden=\"true\" class=\"fa-accordion-icon icon icon-earth\"><\/i><\/span><span class=\"eael-advanced-accordion-icon-opened\"><i aria-hidden=\"true\" class=\"fa-accordion-icon icon icon-earth\"><\/i><\/span><span class=\"eael-accordion-tab-title\">Modalidad<\/span><i aria-hidden=\"true\" class=\"fa-toggle fas fa-angle-right\"><\/i><\/div><div id=\"elementor-tab-content-1443\" class=\"eael-accordion-content clearfix active-default\" data-tab=\"3\" aria-labelledby=\"modalidad\"><p>Presencial (Aula Virtual)<\/p><\/div>\n                <\/div><div class=\"eael-accordion-list\">\n                <div id=\"objetivos\" class=\"elementor-tab-title eael-accordion-header active-default\" tabindex=\"0\" data-tab=\"4\" aria-controls=\"elementor-tab-content-1444\"><span class=\"eael-advanced-accordion-icon-closed\"><i aria-hidden=\"true\" class=\"fa-accordion-icon fas fa-clipboard-list\"><\/i><\/span><span class=\"eael-advanced-accordion-icon-opened\"><i aria-hidden=\"true\" class=\"fa-accordion-icon fas fa-clipboard-list\"><\/i><\/span><span class=\"eael-accordion-tab-title\">Objetivos<\/span><i aria-hidden=\"true\" class=\"fa-toggle fas fa-angle-right\"><\/i><\/div><div id=\"elementor-tab-content-1444\" class=\"eael-accordion-content clearfix active-default\" data-tab=\"4\" aria-labelledby=\"objetivos\"><p>Tras el desarrollo de la acci\u00f3n formativa se pretende que las personas participantes:<\/p><ul><li><p>Comprender el funcionamiento b\u00e1sico de la IA generativa y su aplicaci\u00f3n en entornos<br \/>sindicales.<\/p><\/li><li><p>Redactar documentos t\u00e9cnicos con mayor precisi\u00f3n y menor tiempo.<\/p><\/li><li><p>Analizar normativa y convenios colectivos mediante herramientas de IA.<\/p><\/li><li><p>Dise\u00f1ar argumentarios estructurados para negociaci\u00f3n.<\/p><\/li><li><p>Optimizar la planificaci\u00f3n y organizaci\u00f3n del trabajo.<\/p><\/li><li><p>Aplicar criterios de protecci\u00f3n de datos y confidencialidad en el uso de IA.<\/p><\/li><\/ul><\/div>\n                <\/div><div class=\"eael-accordion-list\">\n                <div id=\"contenidos\" class=\"elementor-tab-title eael-accordion-header active-default\" tabindex=\"0\" data-tab=\"5\" aria-controls=\"elementor-tab-content-1445\"><span class=\"eael-advanced-accordion-icon-closed\"><i aria-hidden=\"true\" class=\"fa-accordion-icon fas fa-boxes\"><\/i><\/span><span class=\"eael-advanced-accordion-icon-opened\"><i aria-hidden=\"true\" class=\"fa-accordion-icon fas fa-boxes\"><\/i><\/span><span class=\"eael-accordion-tab-title\">Contenidos<\/span><i aria-hidden=\"true\" class=\"fa-toggle fas fa-angle-right\"><\/i><\/div><div id=\"elementor-tab-content-1445\" class=\"eael-accordion-content clearfix active-default\" data-tab=\"5\" aria-labelledby=\"contenidos\"><p>1. IA aplicada al trabajo sindical (1 hora)<\/p><ul><li>Conceptos b\u00e1sicos de Inteligencia Artificial y modelos generativos.<\/li><li>Aplicaciones pr\u00e1cticas en gesti\u00f3n sindical.<\/li><li>Impacto en productividad y calidad t\u00e9cnica.<\/li><\/ul><p>2. Redacci\u00f3n t\u00e9cnica y an\u00e1lisis normativo asistido (1h 45 min)<\/p><ul><li>Estructura del prompt profesional.<\/li><li>Elaboraci\u00f3n de comunicados, informes y argumentarios.<\/li><li>S\u00edntesis y comparaci\u00f3n de documentos normativos.<\/li><li>Dise\u00f1o de matrices de negociaci\u00f3n.<\/li><\/ul><p>3. Organizaci\u00f3n y planificaci\u00f3n eficiente (1h 15 min)<\/p><ul><li>Automatizaci\u00f3n de tareas repetitivas.<\/li><li>Dise\u00f1o de cronogramas y agendas estrat\u00e9gicas.<\/li><li>Generaci\u00f3n de indicadores de seguimiento.<\/li><\/ul><p>4. Comunicaci\u00f3n estrat\u00e9gica y uso responsable (1 hora)<\/p><ul><li>Adaptaci\u00f3n del discurso seg\u00fan audiencia.<\/li><li>Preparaci\u00f3n de intervenciones p\u00fablicas.<\/li><li>Protecci\u00f3n de datos y buenas pr\u00e1cticas en el uso de IA.<\/li><\/ul><\/div>\n                <\/div><\/div>\t\t\t\t<\/div>\n\t\t\t\t<\/div>\n\t\t\t\t\t<\/div>\n\t\t\t\t<\/div>\n\t\t\t\t<\/div>\n\t\t","protected":false},"excerpt":{"rendered":"<p>Quiero Inscribirme Duraci\u00f3n 5 horas Modalidad Presencial (Aula Virtual) Objetivos Tras el desarrollo de la acci\u00f3n formativa se pretende que las personas participantes: Comprender el funcionamiento b\u00e1sico de la IA generativa y su aplicaci\u00f3n en entornossindicales. Redactar documentos t\u00e9cnicos con mayor precisi\u00f3n y menor tiempo. Analizar normativa y convenios colectivos mediante herramientas de IA. Dise\u00f1ar &#8230; <a title=\"C\u00f3mo mejorar la productividad con inteligencia artificial\" class=\"read-more\" href=\"https:\/\/dialogosocial.campusfsie.es\/inscripciones\/como-mejorar-la-productividad-con-inteligencia-artificial\/\" aria-label=\"Leer m\u00e1s sobre C\u00f3mo mejorar la productividad con inteligencia artificial\">Leer m\u00e1s<\/a><\/p>\n","protected":false},"author":4,"featured_media":0,"parent":0,"menu_order":0,"comment_status":"closed","ping_status":"closed","template":"elementor_canvas","meta":{"footnotes":""},"class_list":["post-8848","page","type-page","status-publish"],"_links":{"self":[{"href":"https:\/\/dialogosocial.campusfsie.es\/inscripciones\/wp-json\/wp\/v2\/pages\/8848"}],"collection":[{"href":"https:\/\/dialogosocial.campusfsie.es\/inscripciones\/wp-json\/wp\/v2\/pages"}],"about":[{"href":"https:\/\/dialogosocial.campusfsie.es\/inscripciones\/wp-json\/wp\/v2\/types\/page"}],"author":[{"embeddable":true,"href":"https:\/\/dialogosocial.campusfsie.es\/inscripciones\/wp-json\/wp\/v2\/users\/4"}],"replies":[{"embeddable":true,"href":"https:\/\/dialogosocial.campusfsie.es\/inscripciones\/wp-json\/wp\/v2\/comments?post=8848"}],"version-history":[{"count":15,"href":"https:\/\/dialogosocial.campusfsie.es\/inscripciones\/wp-json\/wp\/v2\/pages\/8848\/revisions"}],"predecessor-version":[{"id":9086,"href":"https:\/\/dialogosocial.campusfsie.es\/inscripciones\/wp-json\/wp\/v2\/pages\/8848\/revisions\/9086"}],"wp:attachment":[{"href":"https:\/\/dialogosocial.campusfsie.es\/inscripciones\/wp-json\/wp\/v2\/media?parent=8848"}],"curies":[{"name":"wp","href":"https:\/\/api.w.org\/{rel}","templated":true}]}}