{"id":8743,"date":"2026-01-23T15:23:40","date_gmt":"2026-01-23T14:23:40","guid":{"rendered":"https:\/\/dialogosocial.campusfsie.es\/inscripciones\/?page_id=8743"},"modified":"2026-01-27T17:12:48","modified_gmt":"2026-01-27T16:12:48","slug":"ofimatica-en-la-nube-google-drive-para-negociadores","status":"publish","type":"page","link":"https:\/\/dialogosocial.campusfsie.es\/inscripciones\/ofimatica-en-la-nube-google-drive-para-negociadores\/","title":{"rendered":"Ofim\u00e1tica en la Nube: Google Drive para Negociadores"},"content":{"rendered":"\t\t<div data-elementor-type=\"wp-page\" data-elementor-id=\"8743\" class=\"elementor elementor-8743\">\n\t\t\t\t<div class=\"elementor-element elementor-element-bae0c91 e-con-full e-flex e-con e-parent\" data-id=\"bae0c91\" data-element_type=\"container\" data-settings=\"{&quot;background_background&quot;:&quot;classic&quot;}\">\n\t\t\t\t<div class=\"elementor-element elementor-element-f613058 elementor-widget elementor-widget-image\" data-id=\"f613058\" data-element_type=\"widget\" data-widget_type=\"image.default\">\n\t\t\t\t<div class=\"elementor-widget-container\">\n\t\t\t\t\t\t\t\t\t\t\t\t\t\t\t<img fetchpriority=\"high\" decoding=\"async\" width=\"2048\" height=\"758\" src=\"https:\/\/dialogosocial.campusfsie.es\/inscripciones\/wp-content\/uploads\/2026\/01\/OFIMATICA-EN-LA-NUBE-GOOGLE-DRIVE-PARA-NEGOCIADORES-2.png\" class=\"attachment-full size-full wp-image-8791\" alt=\"\" srcset=\"https:\/\/dialogosocial.campusfsie.es\/inscripciones\/wp-content\/uploads\/2026\/01\/OFIMATICA-EN-LA-NUBE-GOOGLE-DRIVE-PARA-NEGOCIADORES-2.png 2048w, https:\/\/dialogosocial.campusfsie.es\/inscripciones\/wp-content\/uploads\/2026\/01\/OFIMATICA-EN-LA-NUBE-GOOGLE-DRIVE-PARA-NEGOCIADORES-2-300x111.png 300w, https:\/\/dialogosocial.campusfsie.es\/inscripciones\/wp-content\/uploads\/2026\/01\/OFIMATICA-EN-LA-NUBE-GOOGLE-DRIVE-PARA-NEGOCIADORES-2-1024x379.png 1024w, https:\/\/dialogosocial.campusfsie.es\/inscripciones\/wp-content\/uploads\/2026\/01\/OFIMATICA-EN-LA-NUBE-GOOGLE-DRIVE-PARA-NEGOCIADORES-2-768x284.png 768w, https:\/\/dialogosocial.campusfsie.es\/inscripciones\/wp-content\/uploads\/2026\/01\/OFIMATICA-EN-LA-NUBE-GOOGLE-DRIVE-PARA-NEGOCIADORES-2-1536x569.png 1536w\" sizes=\"(max-width: 2048px) 100vw, 2048px\" \/>\t\t\t\t\t\t\t\t\t\t\t\t\t\t\t<\/div>\n\t\t\t\t<\/div>\n\t\t\t\t<\/div>\n\t\t<div class=\"elementor-element elementor-element-726c2e5 acordeonfsie e-flex e-con-boxed e-con e-parent\" data-id=\"726c2e5\" data-element_type=\"container\">\n\t\t\t\t\t<div class=\"e-con-inner\">\n\t\t\t\t<div class=\"elementor-element elementor-element-9394355 elementor-widget elementor-widget-eael-creative-button\" data-id=\"9394355\" data-element_type=\"widget\" data-widget_type=\"eael-creative-button.default\">\n\t\t\t\t<div class=\"elementor-widget-container\">\n\t\t\t\t\t        <div class=\"eael-creative-button-wrapper\">\n\n            <a class=\"eael-creative-button eael-creative-button--rayen\" href=\"https:\/\/dialogosocial.campusfsie.es\/inscripciones\/?curso=ESofimatica-en-la-nube-google-drive-para-negociadores\" data-text=\"Adelante!\">\n\n\t    \n                <div class=\"creative-button-inner\">\n\n                    \n                    <span class=\"cretive-button-text\">Quiero Inscribirme<\/span>\n\n                                    <\/div>\n\t                        <\/a>\n        <\/div>\n        \t\t\t\t<\/div>\n\t\t\t\t<\/div>\n\t\t\t\t<div class=\"elementor-element elementor-element-8a1d6b5 elementor-widget elementor-widget-eael-adv-accordion\" data-id=\"8a1d6b5\" data-element_type=\"widget\" data-widget_type=\"eael-adv-accordion.default\">\n\t\t\t\t<div class=\"elementor-widget-container\">\n\t\t\t\t\t        <div class=\"eael-adv-accordion\" id=\"eael-adv-accordion-8a1d6b5\" data-scroll-on-click=\"no\" data-scroll-speed=\"300\" data-accordion-id=\"8a1d6b5\" data-accordion-type=\"toggle\" data-toogle-speed=\"300\">\n    <div class=\"eael-accordion-list\">\n                <div id=\"duracin\" class=\"elementor-tab-title eael-accordion-header active-default\" tabindex=\"0\" data-tab=\"1\" aria-controls=\"elementor-tab-content-1441\"><span class=\"eael-advanced-accordion-icon-closed\"><i aria-hidden=\"true\" class=\"fa-accordion-icon icon icon-stopwatch\"><\/i><\/span><span class=\"eael-advanced-accordion-icon-opened\"><i aria-hidden=\"true\" class=\"fa-accordion-icon icon icon-stopwatch\"><\/i><\/span><span class=\"eael-accordion-tab-title\">Duraci\u00f3n<\/span><i aria-hidden=\"true\" class=\"fa-toggle fas fa-angle-right\"><\/i><\/div><div id=\"elementor-tab-content-1441\" class=\"eael-accordion-content clearfix active-default\" data-tab=\"1\" aria-labelledby=\"duracin\"><p>100 horas<\/p><\/div>\n                <\/div><div class=\"eael-accordion-list\">\n                <div id=\"calendario\" class=\"elementor-tab-title eael-accordion-header active-default\" tabindex=\"0\" data-tab=\"2\" aria-controls=\"elementor-tab-content-1442\"><span class=\"eael-advanced-accordion-icon-closed\"><i aria-hidden=\"true\" class=\"fa-accordion-icon far fa-calendar-alt\"><\/i><\/span><span class=\"eael-advanced-accordion-icon-opened\"><i aria-hidden=\"true\" class=\"fa-accordion-icon far fa-calendar-alt\"><\/i><\/span><span class=\"eael-accordion-tab-title\">Calendario<\/span><i aria-hidden=\"true\" class=\"fa-toggle fas fa-angle-right\"><\/i><\/div><div id=\"elementor-tab-content-1442\" class=\"eael-accordion-content clearfix active-default\" data-tab=\"2\" aria-labelledby=\"calendario\"><ul><li><strong>Fecha de inicio:<\/strong> 18\/02\/2026<\/li><li><strong>Fecha de fin:<\/strong> Por deteeminar<\/li><\/ul><\/div>\n                <\/div><div class=\"eael-accordion-list\">\n                <div id=\"modalidad\" class=\"elementor-tab-title eael-accordion-header active-default\" tabindex=\"0\" data-tab=\"3\" aria-controls=\"elementor-tab-content-1443\"><span class=\"eael-advanced-accordion-icon-closed\"><i aria-hidden=\"true\" class=\"fa-accordion-icon icon icon-earth\"><\/i><\/span><span class=\"eael-advanced-accordion-icon-opened\"><i aria-hidden=\"true\" class=\"fa-accordion-icon icon icon-earth\"><\/i><\/span><span class=\"eael-accordion-tab-title\">Modalidad<\/span><i aria-hidden=\"true\" class=\"fa-toggle fas fa-angle-right\"><\/i><\/div><div id=\"elementor-tab-content-1443\" class=\"eael-accordion-content clearfix active-default\" data-tab=\"3\" aria-labelledby=\"modalidad\"><p>Teleformaci\u00f3n<\/p><\/div>\n                <\/div><div class=\"eael-accordion-list\">\n                <div id=\"objetivos\" class=\"elementor-tab-title eael-accordion-header active-default\" tabindex=\"0\" data-tab=\"4\" aria-controls=\"elementor-tab-content-1444\"><span class=\"eael-advanced-accordion-icon-closed\"><i aria-hidden=\"true\" class=\"fa-accordion-icon fas fa-clipboard-list\"><\/i><\/span><span class=\"eael-advanced-accordion-icon-opened\"><i aria-hidden=\"true\" class=\"fa-accordion-icon fas fa-clipboard-list\"><\/i><\/span><span class=\"eael-accordion-tab-title\">Objetivos<\/span><i aria-hidden=\"true\" class=\"fa-toggle fas fa-angle-right\"><\/i><\/div><div id=\"elementor-tab-content-1444\" class=\"eael-accordion-content clearfix active-default\" data-tab=\"4\" aria-labelledby=\"objetivos\"><p>Tras el desarrollo de la actividad formativa se pretende que el alumnado:<\/p><ul><li><p>Capacitar a los participantes en el uso de Google Drive y sus herramientas colaborativas para mejorar la gesti\u00f3n documental, la comunicaci\u00f3n y la organizaci\u00f3n de la informaci\u00f3n en procesos de negociaci\u00f3n colectiva, facilitando la colaboraci\u00f3n en entornos digitales.<\/p><\/li><li><p>Permitir \u00e1 a los participantes aprender y aplicar el uso de Google Drive y sus herramientas colaborativas para la gesti\u00f3n documental, la comunicaci\u00f3n y la organizaci\u00f3n de negociaciones colectivas.<\/p><\/li><\/ul><\/div>\n                <\/div><div class=\"eael-accordion-list\">\n                <div id=\"contenidos\" class=\"elementor-tab-title eael-accordion-header active-default\" tabindex=\"0\" data-tab=\"5\" aria-controls=\"elementor-tab-content-1445\"><span class=\"eael-advanced-accordion-icon-closed\"><i aria-hidden=\"true\" class=\"fa-accordion-icon fas fa-boxes\"><\/i><\/span><span class=\"eael-advanced-accordion-icon-opened\"><i aria-hidden=\"true\" class=\"fa-accordion-icon fas fa-boxes\"><\/i><\/span><span class=\"eael-accordion-tab-title\">Contenidos<\/span><i aria-hidden=\"true\" class=\"fa-toggle fas fa-angle-right\"><\/i><\/div><div id=\"elementor-tab-content-1445\" class=\"eael-accordion-content clearfix active-default\" data-tab=\"5\" aria-labelledby=\"contenidos\"><ol><li><span class=\"EOP SCXW122698136 BCX0\" data-ccp-props=\"{&quot;201341983&quot;:0,&quot;335559739&quot;:160,&quot;335559740&quot;:259}\">Introducci\u00f3n a la Ofim\u00e1tica en la Nube y Google Drive (15 horas).<\/span><\/li><li>Creaci\u00f3n y Edici\u00f3n de Documentos en Google Drive (20 horas).<\/li><li>Colaboraci\u00f3n y Gesti\u00f3n de Permisos en Google Drive (20 horas).<\/li><li>Automatizaci\u00f3n y Optimizaci\u00f3n de Procesos con Google Drive (25 horas).<\/li><li>Seguridad, Control de Versiones e Integraciones con Otras Herramientas (20 horas).<\/li><\/ol><\/div>\n                <\/div><\/div>\t\t\t\t<\/div>\n\t\t\t\t<\/div>\n\t\t\t\t\t<\/div>\n\t\t\t\t<\/div>\n\t\t\t\t<\/div>\n\t\t","protected":false},"excerpt":{"rendered":"<p>Quiero Inscribirme Duraci\u00f3n 100 horas Calendario Fecha de inicio: 18\/02\/2026 Fecha de fin: Por deteeminar Modalidad Teleformaci\u00f3n Objetivos Tras el desarrollo de la actividad formativa se pretende que el alumnado: Capacitar a los participantes en el uso de Google Drive y sus herramientas colaborativas para mejorar la gesti\u00f3n documental, la comunicaci\u00f3n y la organizaci\u00f3n de &#8230; <a title=\"Ofim\u00e1tica en la Nube: Google Drive para Negociadores\" class=\"read-more\" href=\"https:\/\/dialogosocial.campusfsie.es\/inscripciones\/ofimatica-en-la-nube-google-drive-para-negociadores\/\" aria-label=\"Leer m\u00e1s sobre Ofim\u00e1tica en la Nube: Google Drive para Negociadores\">Leer m\u00e1s<\/a><\/p>\n","protected":false},"author":4,"featured_media":0,"parent":0,"menu_order":0,"comment_status":"closed","ping_status":"closed","template":"elementor_canvas","meta":{"footnotes":""},"class_list":["post-8743","page","type-page","status-publish"],"_links":{"self":[{"href":"https:\/\/dialogosocial.campusfsie.es\/inscripciones\/wp-json\/wp\/v2\/pages\/8743"}],"collection":[{"href":"https:\/\/dialogosocial.campusfsie.es\/inscripciones\/wp-json\/wp\/v2\/pages"}],"about":[{"href":"https:\/\/dialogosocial.campusfsie.es\/inscripciones\/wp-json\/wp\/v2\/types\/page"}],"author":[{"embeddable":true,"href":"https:\/\/dialogosocial.campusfsie.es\/inscripciones\/wp-json\/wp\/v2\/users\/4"}],"replies":[{"embeddable":true,"href":"https:\/\/dialogosocial.campusfsie.es\/inscripciones\/wp-json\/wp\/v2\/comments?post=8743"}],"version-history":[{"count":19,"href":"https:\/\/dialogosocial.campusfsie.es\/inscripciones\/wp-json\/wp\/v2\/pages\/8743\/revisions"}],"predecessor-version":[{"id":8839,"href":"https:\/\/dialogosocial.campusfsie.es\/inscripciones\/wp-json\/wp\/v2\/pages\/8743\/revisions\/8839"}],"wp:attachment":[{"href":"https:\/\/dialogosocial.campusfsie.es\/inscripciones\/wp-json\/wp\/v2\/media?parent=8743"}],"curies":[{"name":"wp","href":"https:\/\/api.w.org\/{rel}","templated":true}]}}