{"id":8741,"date":"2026-01-26T10:34:27","date_gmt":"2026-01-26T09:34:27","guid":{"rendered":"https:\/\/dialogosocial.campusfsie.es\/inscripciones\/?page_id=8741"},"modified":"2026-01-27T17:11:37","modified_gmt":"2026-01-27T16:11:37","slug":"and-chat-gpt-e-inteligencia-artificial","status":"publish","type":"page","link":"https:\/\/dialogosocial.campusfsie.es\/inscripciones\/and-chat-gpt-e-inteligencia-artificial\/","title":{"rendered":"Chat GPT e Inteligencia Artificial"},"content":{"rendered":"\t\t<div data-elementor-type=\"wp-page\" data-elementor-id=\"8741\" class=\"elementor elementor-8741\">\n\t\t\t\t<div class=\"elementor-element elementor-element-99a8f93 e-con-full e-flex e-con e-parent\" data-id=\"99a8f93\" data-element_type=\"container\" data-settings=\"{&quot;background_background&quot;:&quot;classic&quot;}\">\n\t\t\t\t<div class=\"elementor-element elementor-element-7ae03cd elementor-widget__width-inherit elementor-widget elementor-widget-image\" data-id=\"7ae03cd\" data-element_type=\"widget\" data-widget_type=\"image.default\">\n\t\t\t\t<div class=\"elementor-widget-container\">\n\t\t\t\t\t\t\t\t\t\t\t\t\t\t\t<img fetchpriority=\"high\" decoding=\"async\" width=\"2048\" height=\"758\" src=\"https:\/\/dialogosocial.campusfsie.es\/inscripciones\/wp-content\/uploads\/2026\/01\/FSIE-ANDALUCIA-2-ChatGPT-e-Inteligencia-artificial-2-1-1.png\" class=\"attachment-full size-full wp-image-8784\" alt=\"\" srcset=\"https:\/\/dialogosocial.campusfsie.es\/inscripciones\/wp-content\/uploads\/2026\/01\/FSIE-ANDALUCIA-2-ChatGPT-e-Inteligencia-artificial-2-1-1.png 2048w, https:\/\/dialogosocial.campusfsie.es\/inscripciones\/wp-content\/uploads\/2026\/01\/FSIE-ANDALUCIA-2-ChatGPT-e-Inteligencia-artificial-2-1-1-300x111.png 300w, https:\/\/dialogosocial.campusfsie.es\/inscripciones\/wp-content\/uploads\/2026\/01\/FSIE-ANDALUCIA-2-ChatGPT-e-Inteligencia-artificial-2-1-1-1024x379.png 1024w, https:\/\/dialogosocial.campusfsie.es\/inscripciones\/wp-content\/uploads\/2026\/01\/FSIE-ANDALUCIA-2-ChatGPT-e-Inteligencia-artificial-2-1-1-768x284.png 768w, https:\/\/dialogosocial.campusfsie.es\/inscripciones\/wp-content\/uploads\/2026\/01\/FSIE-ANDALUCIA-2-ChatGPT-e-Inteligencia-artificial-2-1-1-1536x569.png 1536w\" sizes=\"(max-width: 2048px) 100vw, 2048px\" \/>\t\t\t\t\t\t\t\t\t\t\t\t\t\t\t<\/div>\n\t\t\t\t<\/div>\n\t\t\t\t<\/div>\n\t\t<div class=\"elementor-element elementor-element-726c2e5 .modregofrito e-flex e-con-boxed e-con e-parent\" data-id=\"726c2e5\" data-element_type=\"container\">\n\t\t\t\t\t<div class=\"e-con-inner\">\n\t\t\t\t<div class=\"elementor-element elementor-element-2ae0a0d elementor-widget elementor-widget-eael-creative-button\" data-id=\"2ae0a0d\" data-element_type=\"widget\" data-widget_type=\"eael-creative-button.default\">\n\t\t\t\t<div class=\"elementor-widget-container\">\n\t\t\t\t\t        <div class=\"eael-creative-button-wrapper\">\n\n            <a class=\"eael-creative-button eael-creative-button--rayen\" href=\"https:\/\/dialogosocial.campusfsie.es\/inscripciones\/andalucia\/?curso=ANDChatGPTInteligenciaArtificial&#038;cursoLargo=ANDChat%20GPT%20e%20Inteligencia%20Artificial\" data-text=\"Adelante!\">\n\n\t    \n                <div class=\"creative-button-inner\">\n\n                    \n                    <span class=\"cretive-button-text\">Quiero Inscribirme<\/span>\n\n                                    <\/div>\n\t                        <\/a>\n        <\/div>\n        \t\t\t\t<\/div>\n\t\t\t\t<\/div>\n\t\t\t\t<div class=\"elementor-element elementor-element-8a1d6b5 acordeonfsie elementor-widget elementor-widget-eael-adv-accordion\" data-id=\"8a1d6b5\" data-element_type=\"widget\" data-widget_type=\"eael-adv-accordion.default\">\n\t\t\t\t<div class=\"elementor-widget-container\">\n\t\t\t\t\t        <div class=\"eael-adv-accordion\" id=\"eael-adv-accordion-8a1d6b5\" data-scroll-on-click=\"no\" data-scroll-speed=\"300\" data-accordion-id=\"8a1d6b5\" data-accordion-type=\"toggle\" data-toogle-speed=\"300\">\n    <div class=\"eael-accordion-list\">\n                <div id=\"duracin\" class=\"elementor-tab-title eael-accordion-header active-default\" tabindex=\"0\" data-tab=\"1\" aria-controls=\"elementor-tab-content-1441\"><span class=\"eael-advanced-accordion-icon-closed\"><i aria-hidden=\"true\" class=\"fa-accordion-icon icon icon-stopwatch\"><\/i><\/span><span class=\"eael-advanced-accordion-icon-opened\"><i aria-hidden=\"true\" class=\"fa-accordion-icon icon icon-stopwatch\"><\/i><\/span><span class=\"eael-accordion-tab-title\">Duraci\u00f3n<\/span><i aria-hidden=\"true\" class=\"fa-toggle fas fa-angle-right\"><\/i><\/div><div id=\"elementor-tab-content-1441\" class=\"eael-accordion-content clearfix active-default\" data-tab=\"1\" aria-labelledby=\"duracin\"><p>60 horas<\/p><\/div>\n                <\/div><div class=\"eael-accordion-list\">\n                <div id=\"modalidad\" class=\"elementor-tab-title eael-accordion-header active-default\" tabindex=\"0\" data-tab=\"2\" aria-controls=\"elementor-tab-content-1442\"><span class=\"eael-advanced-accordion-icon-closed\"><i aria-hidden=\"true\" class=\"fa-accordion-icon icon icon-earth\"><\/i><\/span><span class=\"eael-advanced-accordion-icon-opened\"><i aria-hidden=\"true\" class=\"fa-accordion-icon icon icon-earth\"><\/i><\/span><span class=\"eael-accordion-tab-title\">Modalidad<\/span><i aria-hidden=\"true\" class=\"fa-toggle fas fa-angle-right\"><\/i><\/div><div id=\"elementor-tab-content-1442\" class=\"eael-accordion-content clearfix active-default\" data-tab=\"2\" aria-labelledby=\"modalidad\"><p>Teleformaci\u00f3n<\/p><\/div>\n                <\/div><div class=\"eael-accordion-list\">\n                <div id=\"objetivos\" class=\"elementor-tab-title eael-accordion-header active-default\" tabindex=\"0\" data-tab=\"3\" aria-controls=\"elementor-tab-content-1443\"><span class=\"eael-advanced-accordion-icon-closed\"><i aria-hidden=\"true\" class=\"fa-accordion-icon fas fa-clipboard-list\"><\/i><\/span><span class=\"eael-advanced-accordion-icon-opened\"><i aria-hidden=\"true\" class=\"fa-accordion-icon fas fa-clipboard-list\"><\/i><\/span><span class=\"eael-accordion-tab-title\">Objetivos<\/span><i aria-hidden=\"true\" class=\"fa-toggle fas fa-angle-right\"><\/i><\/div><div id=\"elementor-tab-content-1443\" class=\"eael-accordion-content clearfix active-default\" data-tab=\"3\" aria-labelledby=\"objetivos\"><p class=\"x_MsoNormal\"><b data-olk-copy-source=\"MessageBody\">Objetivos a alcanzar tras el desarrollo de la actividad formativa<\/b><\/p>\n<p class=\"x_MsoNormal\">Tras el desarrollo de la actividad formativa se pretende que el alumnado pueda:<\/p>\n<ol><li>Comprender los fundamentos conceptuales y \u00e9ticos de la Inteligencia Artificial (IA) y su impacto en el entorno laboral, la representaci\u00f3n sindical y la negociaci\u00f3n colectiva.<\/li>\n<li>Identificar las aplicaciones pr\u00e1cticas de herramientas basadas en IA, como ChatGPT y otros modelos de lenguaje, en la mejora de la comunicaci\u00f3n, el an\u00e1lisis documental y la elaboraci\u00f3n de propuestas sindicales.<\/li>\n<li>Adquirir competencias digitales avanzadas que permitan integrar el uso de IA en los procesos de di\u00e1logo social, gesti\u00f3n de datos y toma de decisiones informadas.<\/li>\n<li>Analizar el marco normativo actual relativo al uso responsable de la IA, la protecci\u00f3n de datos y la privacidad en el \u00e1mbito laboral.<\/li>\n<li>Desarrollar habilidades para dise\u00f1ar estrategias sindicales innovadoras, incorporando la IA como herramienta de apoyo a la eficiencia, la transparencia y la participaci\u00f3n.<\/li>\n<li>Aplicar t\u00e9cnicas de prompting y redacci\u00f3n asistida por IA para optimizar la elaboraci\u00f3n de informes, comunicados y documentos de negociaci\u00f3n.<\/li>\n<li>Evaluar los riesgos y oportunidades de la automatizaci\u00f3n desde una perspectiva de derechos laborales, igualdad y sostenibilidad.<\/li>\n<li>Fomentar una actitud cr\u00edtica, \u00e9tica y responsable ante el uso de la IA, promoviendo su aplicaci\u00f3n con criterios de equidad, inclusi\u00f3n y beneficio social.<\/li><\/div>\n                <\/div><div class=\"eael-accordion-list\">\n                <div id=\"contenidos\" class=\"elementor-tab-title eael-accordion-header active-default\" tabindex=\"0\" data-tab=\"4\" aria-controls=\"elementor-tab-content-1444\"><span class=\"eael-advanced-accordion-icon-closed\"><i aria-hidden=\"true\" class=\"fa-accordion-icon fas fa-boxes\"><\/i><\/span><span class=\"eael-advanced-accordion-icon-opened\"><i aria-hidden=\"true\" class=\"fa-accordion-icon fas fa-boxes\"><\/i><\/span><span class=\"eael-accordion-tab-title\">Contenidos<\/span><i aria-hidden=\"true\" class=\"fa-toggle fas fa-angle-right\"><\/i><\/div><div id=\"elementor-tab-content-1444\" class=\"eael-accordion-content clearfix active-default\" data-tab=\"4\" aria-labelledby=\"contenidos\"><p><b>Unidad 1. Introducci\u00f3n a la Inteligencia Artificial y ChatGPT (10 horas)<\/b><\/p>\n<ol>\n<li>Conceptos b\u00e1sicos de Inteligencia Artificial y aprendizaje autom\u00e1tico.<\/li>\n<li>Modelos de lenguaje: fundamentos y funcionamiento.<\/li>\n<li>Aplicaciones pr\u00e1cticas de la IA en entornos laborales y sindicales.<\/li>\n<\/ol>\n<p><b>Unidad 2. Herramientas de IA aplicadas al Di\u00e1logo Social (15 horas)<\/b><\/p>\n<ol>\n<li>Uso de ChatGPT para la redacci\u00f3n y an\u00e1lisis de documentos.<\/li>\n<li>Automatizaci\u00f3n de tareas y generaci\u00f3n de contenidos sindicales.<\/li>\n<li>IA aplicada a la comunicaci\u00f3n institucional: estrategias y buenas pr\u00e1cticas.<\/li>\n<\/ol>\n<p><b>Unidad 3. \u00c9tica, legislaci\u00f3n y riesgos de la IA (10 horas)<\/b><\/p>\n<ol>\n<li>Marco normativo: protecci\u00f3n de datos y derechos digitales.<\/li>\n<li>Riesgos del sesgo algor\u00edtmico.<\/li>\n<li>Responsabilidades \u00e9ticas en el uso de la IA.<\/li>\n<li>Uso responsable y sostenible de la Inteligencia Artificial en el trabajo&lt;7li&gt;<\/li>\n<\/ol>\n<p><b>Unidad 4. Aplicaciones pr\u00e1cticas y casos de uso (15 horas)<\/b><\/p>\n<ol>\n<li>Simulaci\u00f3n de escenarios de negociaci\u00f3n colectiva con apoyo de IA.<\/li>\n<li>Creaci\u00f3n automatizada de informes, convenios y comunicados.<\/li>\n<li>Resoluci\u00f3n de conflictos y an\u00e1lisis predictivo de datos.<\/li>\n<\/ol>\n<b>Unidad 5. Innovaci\u00f3n sindical y competencias digitales (10 horas)<\/b><\/p>\n<ol>\n<li>Estrategias para la incorporaci\u00f3n de la IA en la actividad sindical.<\/li>\n<li>Desarrollo de competencias digitales.\n<\/li>\n<li>Adaptaci\u00f3n a la transformaci\u00f3n tecnol\u00f3gica.\n<\/li>\n<li> Futuro del trabajo y nuevas oportunidades para la negociaci\u00f3n colectiva.<\/li><\/ol><\/div>\n                <\/div><\/div>\t\t\t\t<\/div>\n\t\t\t\t<\/div>\n\t\t\t\t\t<\/div>\n\t\t\t\t<\/div>\n\t\t\t\t<\/div>\n\t\t","protected":false},"excerpt":{"rendered":"<p>Quiero Inscribirme Duraci\u00f3n 60 horas Modalidad Teleformaci\u00f3n Objetivos Objetivos a alcanzar tras el desarrollo de la actividad formativa Tras el desarrollo de la actividad formativa se pretende que el alumnado pueda: Comprender los fundamentos conceptuales y \u00e9ticos de la Inteligencia Artificial (IA) y su impacto en el entorno laboral, la representaci\u00f3n sindical y la negociaci\u00f3n &#8230; <a title=\"Chat GPT e Inteligencia Artificial\" class=\"read-more\" href=\"https:\/\/dialogosocial.campusfsie.es\/inscripciones\/and-chat-gpt-e-inteligencia-artificial\/\" aria-label=\"Leer m\u00e1s sobre Chat GPT e Inteligencia Artificial\">Leer m\u00e1s<\/a><\/p>\n","protected":false},"author":4,"featured_media":0,"parent":0,"menu_order":0,"comment_status":"closed","ping_status":"closed","template":"elementor_canvas","meta":{"footnotes":""},"class_list":["post-8741","page","type-page","status-publish"],"_links":{"self":[{"href":"https:\/\/dialogosocial.campusfsie.es\/inscripciones\/wp-json\/wp\/v2\/pages\/8741"}],"collection":[{"href":"https:\/\/dialogosocial.campusfsie.es\/inscripciones\/wp-json\/wp\/v2\/pages"}],"about":[{"href":"https:\/\/dialogosocial.campusfsie.es\/inscripciones\/wp-json\/wp\/v2\/types\/page"}],"author":[{"embeddable":true,"href":"https:\/\/dialogosocial.campusfsie.es\/inscripciones\/wp-json\/wp\/v2\/users\/4"}],"replies":[{"embeddable":true,"href":"https:\/\/dialogosocial.campusfsie.es\/inscripciones\/wp-json\/wp\/v2\/comments?post=8741"}],"version-history":[{"count":13,"href":"https:\/\/dialogosocial.campusfsie.es\/inscripciones\/wp-json\/wp\/v2\/pages\/8741\/revisions"}],"predecessor-version":[{"id":8836,"href":"https:\/\/dialogosocial.campusfsie.es\/inscripciones\/wp-json\/wp\/v2\/pages\/8741\/revisions\/8836"}],"wp:attachment":[{"href":"https:\/\/dialogosocial.campusfsie.es\/inscripciones\/wp-json\/wp\/v2\/media?parent=8741"}],"curies":[{"name":"wp","href":"https:\/\/api.w.org\/{rel}","templated":true}]}}