{"id":8495,"date":"2025-10-28T11:45:46","date_gmt":"2025-10-28T10:45:46","guid":{"rendered":"https:\/\/dialogosocial.campusfsie.es\/inscripciones\/?page_id=8495"},"modified":"2025-10-30T09:39:58","modified_gmt":"2025-10-30T08:39:58","slug":"formulario-jornadas","status":"publish","type":"page","link":"https:\/\/dialogosocial.campusfsie.es\/inscripciones\/formulario-jornadas\/","title":{"rendered":"Formulario Jornadas"},"content":{"rendered":"\t\t<div data-elementor-type=\"wp-post\" data-elementor-id=\"8495\" class=\"elementor elementor-8495\">\n\t\t\t\t\t\t<section class=\"elementor-section elementor-top-section elementor-element elementor-element-4a614d6 elementor-section-full_width elementor-section-stretched elementor-section-height-default elementor-section-height-default\" data-id=\"4a614d6\" data-element_type=\"section\" data-settings=\"{&quot;stretch_section&quot;:&quot;section-stretched&quot;}\">\n\t\t\t\t\t\t<div class=\"elementor-container elementor-column-gap-no\">\n\t\t\t\t\t<div class=\"elementor-column elementor-col-100 elementor-top-column elementor-element elementor-element-fcb3c94\" data-id=\"fcb3c94\" data-element_type=\"column\">\n\t\t\t<div class=\"elementor-widget-wrap elementor-element-populated\">\n\t\t\t\t\t\t<div class=\"elementor-element elementor-element-43cd634 elementor-widget__width-initial elementor-widget elementor-widget-image\" data-id=\"43cd634\" data-element_type=\"widget\" data-widget_type=\"image.default\">\n\t\t\t\t<div class=\"elementor-widget-container\">\n\t\t\t\t\t\t\t\t\t\t\t\t\t\t\t<img fetchpriority=\"high\" decoding=\"async\" width=\"2560\" height=\"895\" src=\"https:\/\/dialogosocial.campusfsie.es\/inscripciones\/wp-content\/uploads\/2025\/10\/2-1.png\" class=\"attachment-full size-full wp-image-8525\" alt=\"\" srcset=\"https:\/\/dialogosocial.campusfsie.es\/inscripciones\/wp-content\/uploads\/2025\/10\/2-1.png 2560w, https:\/\/dialogosocial.campusfsie.es\/inscripciones\/wp-content\/uploads\/2025\/10\/2-1-300x105.png 300w, https:\/\/dialogosocial.campusfsie.es\/inscripciones\/wp-content\/uploads\/2025\/10\/2-1-1024x358.png 1024w, https:\/\/dialogosocial.campusfsie.es\/inscripciones\/wp-content\/uploads\/2025\/10\/2-1-768x269.png 768w, https:\/\/dialogosocial.campusfsie.es\/inscripciones\/wp-content\/uploads\/2025\/10\/2-1-1536x537.png 1536w, https:\/\/dialogosocial.campusfsie.es\/inscripciones\/wp-content\/uploads\/2025\/10\/2-1-2048x716.png 2048w\" sizes=\"(max-width: 2560px) 100vw, 2560px\" \/>\t\t\t\t\t\t\t\t\t\t\t\t\t\t\t<\/div>\n\t\t\t\t<\/div>\n\t\t\t\t<div class=\"elementor-element elementor-element-c37a54e elementor-widget elementor-widget-text-editor\" data-id=\"c37a54e\" data-element_type=\"widget\" data-widget_type=\"text-editor.default\">\n\t\t\t\t<div class=\"elementor-widget-container\">\n\t\t\t\t\t\t\t\t\t<p><a href=\"https:\/\/dialogosocial.campusfsie.es\/inscripciones\/wp-content\/uploads\/2022\/06\/Solicitud_.pdf\" download=\"\">\u00a0<\/a><\/p>\t\t\t\t\t\t\t\t<\/div>\n\t\t\t\t<\/div>\n\t\t\t\t\t<\/div>\n\t\t<\/div>\n\t\t\t\t\t<\/div>\n\t\t<\/section>\n\t\t\t\t<section class=\"elementor-section elementor-top-section elementor-element elementor-element-1c32e2a elementor-section-boxed elementor-section-height-default elementor-section-height-default\" data-id=\"1c32e2a\" data-element_type=\"section\">\n\t\t\t\t\t\t<div class=\"elementor-container elementor-column-gap-default\">\n\t\t\t\t\t<div class=\"elementor-column elementor-col-100 elementor-top-column elementor-element elementor-element-40b3c9d\" data-id=\"40b3c9d\" data-element_type=\"column\">\n\t\t\t<div class=\"elementor-widget-wrap elementor-element-populated\">\n\t\t\t\t\t\t<div class=\"elementor-element elementor-element-fedf55d elementor-widget__width-initial elementor-widget elementor-widget-heading\" data-id=\"fedf55d\" data-element_type=\"widget\" data-widget_type=\"heading.default\">\n\t\t\t\t<div class=\"elementor-widget-container\">\n\t\t\t\t\t<h2 class=\"elementor-heading-title elementor-size-default\">Formulario de Inscripci\u00f3n<\/h2>\t\t\t\t<\/div>\n\t\t\t\t<\/div>\n\t\t\t\t\t<\/div>\n\t\t<\/div>\n\t\t\t\t\t<\/div>\n\t\t<\/section>\n\t\t\t\t<section class=\"elementor-section elementor-top-section elementor-element elementor-element-02fda79 elementor-section-boxed elementor-section-height-default elementor-section-height-default\" data-id=\"02fda79\" data-element_type=\"section\">\n\t\t\t\t\t\t<div class=\"elementor-container elementor-column-gap-default\">\n\t\t\t\t\t<div class=\"elementor-column elementor-col-100 elementor-top-column elementor-element elementor-element-c48d0e4\" data-id=\"c48d0e4\" data-element_type=\"column\">\n\t\t\t<div class=\"elementor-widget-wrap elementor-element-populated\">\n\t\t\t\t\t\t<div class=\"elementor-element elementor-element-f749b26 elementor-widget elementor-widget-shortcode\" data-id=\"f749b26\" data-element_type=\"widget\" data-widget_type=\"shortcode.default\">\n\t\t\t\t<div class=\"elementor-widget-container\">\n\t\t\t\t\t\t\t<div class=\"elementor-shortcode\">\n<div class=\"wpcf7 no-js\" id=\"wpcf7-f8497-o1\" lang=\"es-ES\" dir=\"ltr\" data-wpcf7-id=\"8497\">\n<div class=\"screen-reader-response\"><p role=\"status\" aria-live=\"polite\" aria-atomic=\"true\"><\/p> <ul><\/ul><\/div>\n<form action=\"\/inscripciones\/wp-json\/wp\/v2\/pages\/8495#wpcf7-f8497-o1\" method=\"post\" class=\"wpcf7-form init\" aria-label=\"Formulario de contacto\" enctype=\"multipart\/form-data\" novalidate=\"novalidate\" data-status=\"init\">\n<div style=\"display: none;\">\n<input type=\"hidden\" name=\"_wpcf7\" value=\"8497\" \/>\n<input type=\"hidden\" name=\"_wpcf7_version\" value=\"6.0.6\" \/>\n<input type=\"hidden\" name=\"_wpcf7_locale\" value=\"es_ES\" \/>\n<input type=\"hidden\" name=\"_wpcf7_unit_tag\" value=\"wpcf7-f8497-o1\" \/>\n<input type=\"hidden\" name=\"_wpcf7_container_post\" value=\"0\" \/>\n<input type=\"hidden\" name=\"_wpcf7_posted_data_hash\" value=\"\" \/>\n<input type=\"hidden\" name=\"_wpcf7cf_hidden_group_fields\" value=\"[]\" \/>\n<input type=\"hidden\" name=\"_wpcf7cf_hidden_groups\" value=\"[]\" \/>\n<input type=\"hidden\" name=\"_wpcf7cf_visible_groups\" value=\"[]\" \/>\n<input type=\"hidden\" name=\"_wpcf7cf_repeaters\" value=\"[]\" \/>\n<input type=\"hidden\" name=\"_wpcf7cf_steps\" value=\"{}\" \/>\n<input type=\"hidden\" name=\"_wpcf7cf_options\" value=\"{&quot;form_id&quot;:8497,&quot;conditions&quot;:[{&quot;then_field&quot;:&quot;discapacidad&quot;,&quot;and_rules&quot;:[{&quot;if_field&quot;:&quot;discapacidad1&quot;,&quot;operator&quot;:&quot;equals&quot;,&quot;if_value&quot;:&quot;Si&quot;}]}],&quot;settings&quot;:{&quot;animation&quot;:&quot;yes&quot;,&quot;animation_intime&quot;:200,&quot;animation_outtime&quot;:200,&quot;conditions_ui&quot;:&quot;normal&quot;,&quot;notice_dismissed&quot;:false}}\" \/>\n<input type=\"hidden\" name=\"_wpcf7dtx_version\" value=\"5.0.3\" \/>\n<\/div>\n<div id=\"responsive-form\" class=\"clearfix\">\n\t<fieldset id=\"dpersonales\">\n\t\t<legend style=\"font-size: 1.4rem\"> Datos Personales\n\t\t<\/legend>\n\t\t<div class=\"form-row\">\n\t\t\t<div class=\"column-half\">\n\t\t\t\t<p><label> DNI\/NIE\/NIF\/CIF (sin espacios ni guiones)<span style=\"color: red\">&nbsp*<\/span><br \/>\n<span class=\"wpcf7-form-control-wrap\" data-name=\"identidad\"><input size=\"40\" maxlength=\"400\" class=\"wpcf7-form-control wpcf7-text wpcf7-validates-as-required\" id=\"identidad\" aria-required=\"true\" aria-invalid=\"false\" placeholder=\"12345678a\" value=\"\" type=\"text\" name=\"identidad\" \/><\/span><\/label>\n\t\t\t\t<\/p>\n\t\t\t<\/div>\n\t\t\t<div class=\"column-half\">\n\t\t\t\t<p><label>Nombre <span style=\"color: red\">&nbsp*<\/span><br \/>\n<span class=\"wpcf7-form-control-wrap\" data-name=\"Nombre\"><input size=\"40\" maxlength=\"400\" class=\"wpcf7-form-control wpcf7-text wpcf7-validates-as-required campo_nombre\" id=\"camponombre\" aria-required=\"true\" aria-invalid=\"false\" placeholder=\"Tu Nombre\" value=\"\" type=\"text\" name=\"Nombre\" \/><\/span><\/label>\n\t\t\t\t<\/p>\n\t\t\t<\/div>\n\t\t<\/div>\n\t\t<div class=\"form-row\">\n\t\t\t<div class=\"column-half\">\n\t\t\t\t<p><label> Primer Apellido <span style=\"color: red\">&nbsp*<\/span><br \/>\n<span class=\"wpcf7-form-control-wrap\" data-name=\"Apellido1\"><input size=\"40\" maxlength=\"400\" class=\"wpcf7-form-control wpcf7-text wpcf7-validates-as-required\" id=\"apellido1\" aria-required=\"true\" aria-invalid=\"false\" placeholder=\"Tu Primer Apellido\" value=\"\" type=\"text\" name=\"Apellido1\" \/><\/span><\/label>\n\t\t\t\t<\/p>\n\t\t\t<\/div>\n\t\t<span class=\"wpcf7-form-control-wrap curso\" data-name=\"curso\"><input type=\"hidden\" name=\"curso\" id=\"curso\" class=\"wpcf7-form-control wpcf7-hidden wpcf7dtx wpcf7dtx-hidden curso\" aria-invalid=\"false\"><\/span>\n\t\t<span class=\"wpcf7-form-control-wrap cursoLargo\" data-name=\"cursoLargo\"><input type=\"hidden\" name=\"cursoLargo\" id=\"cursoLargo\" class=\"wpcf7-form-control wpcf7-hidden wpcf7dtx wpcf7dtx-hidden curso\" aria-invalid=\"false\"><\/span>\n\t\t\t<div class=\"column-half\">\n\t\t\t\t<p><label> Segundo Apellido <span style=\"color: red\">&nbsp*<\/span><br \/>\n<span class=\"wpcf7-form-control-wrap\" data-name=\"Apellido2\"><input size=\"40\" maxlength=\"400\" class=\"wpcf7-form-control wpcf7-text wpcf7-validates-as-required\" id=\"apellido2\" aria-required=\"true\" aria-invalid=\"false\" placeholder=\"Tu Segundo Apellido\" value=\"\" type=\"text\" name=\"Apellido2\" \/><\/span><\/label>\n\t\t\t\t<\/p>\n\t\t\t<\/div>\n\t\t<\/div>\n\t\t<div class=\"form-row\">\n\t\t\t<div class=\"column-half\">\n\t\t\t\t<p><label> Tel\u00e9fono <span style=\"color: red\">&nbsp*<\/span><br \/>\n<span class=\"wpcf7-form-control-wrap\" data-name=\"Telefono\"><input size=\"40\" maxlength=\"400\" class=\"wpcf7-form-control wpcf7-tel wpcf7-validates-as-required wpcf7-text wpcf7-validates-as-tel campo_telefono\" id=\"campotelefono\" aria-required=\"true\" aria-invalid=\"false\" placeholder=\"Tel\u00e9fono\" value=\"\" type=\"tel\" name=\"Telefono\" \/><\/span><\/label>\n\t\t\t\t<\/p>\n\t\t\t<\/div>\n\t\t\t<div class=\"column-half\" id=\"fechanacimiento\">\n\t\t\t\t<p><label> Fecha de nacimiento <span style=\"color: red\">&nbsp*<\/span><br \/>\n<span class=\"wpcf7-form-control-wrap\" data-name=\"Fecha\"><input class=\"wpcf7-form-control wpcf7-date wpcf7-validates-as-required wpcf7-validates-as-date campo_fecha\" id=\"campofecha\" aria-required=\"true\" aria-invalid=\"false\" placeholder=\"Fecha de Nacimiento\" value=\"\" type=\"date\" name=\"Fecha\" \/><\/span><\/label>\n\t\t\t\t<\/p>\n\t\t\t<\/div>\n\t\t<\/div>\n\t\t<div class=\"form-row\">\n\t\t\t<div class=\"column-half\" id=\"correoelectronico\">\n\t\t\t\t<p><label> Tu correo electr\u00f3nico <span style=\"color: red\">&nbsp*<\/span><br \/>\n<span class=\"wpcf7-form-control-wrap\" data-name=\"your-email\"><input size=\"40\" maxlength=\"400\" class=\"wpcf7-form-control wpcf7-email wpcf7-validates-as-required wpcf7-text wpcf7-validates-as-email\" id=\"correo\" aria-required=\"true\" aria-invalid=\"false\" placeholder=\"tu@correo.com\" value=\"\" type=\"email\" name=\"your-email\" \/><\/span> <\/label>\n\t\t\t\t<\/p>\n\t\t\t<\/div>\n\t\t\t<div class=\"column-half\">\n\t\t\t\t<p><label> C\u00f3digo Postal<span style=\"color: red\">&nbsp*<\/span><br \/>\n<span class=\"wpcf7-form-control-wrap\" data-name=\"Codigo\"><input class=\"wpcf7-form-control wpcf7-number wpcf7-validates-as-required wpcf7-validates-as-number codigo_postal\" id=\"codigopostal\" min=\"0\" max=\"60999\" aria-required=\"true\" aria-invalid=\"false\" value=\"C\u00f3digo Postal\" type=\"number\" name=\"Codigo\" \/><\/span><\/label>\n\t\t\t\t<\/p>\n\t\t\t<\/div>\n\t\t<\/div>\n\t\t<div class=\"form-row\">\n\t\t\t<div class=\"column-half\">\n\t\t\t\t<p><label> Localidad <span style=\"color: red\">&nbsp*<\/span><br \/>\n<span class=\"wpcf7-form-control-wrap\" data-name=\"Localidad\"><input size=\"40\" maxlength=\"400\" class=\"wpcf7-form-control wpcf7-text wpcf7-validates-as-required campo_direccion\" id=\"campodireccion2\" aria-required=\"true\" aria-invalid=\"false\" placeholder=\"Localidad\" value=\"\" type=\"text\" name=\"Localidad\" \/><\/span><\/label>\n\t\t\t\t<\/p>\n\t\t\t<\/div>\n\t\t\t<div class=\"column-half\">\n\t\t\t\t<p><label>Provincia <span style=\"color: red\">&nbsp*<\/span><br \/>\n<span class=\"wpcf7-form-control-wrap\" data-name=\"Provincia\"><input size=\"40\" maxlength=\"400\" class=\"wpcf7-form-control wpcf7-text wpcf7-validates-as-required campo_direccion\" id=\"campodireccion3\" aria-required=\"true\" aria-invalid=\"false\" placeholder=\"Provincia\" value=\"\" type=\"text\" name=\"Provincia\" \/><\/span><\/label>\n\t\t\t\t<\/p>\n\t\t\t<\/div>\n\t\t<\/div>\n\t\t<div class=\"column-row\">\n\t\t\t<div class=\"column-full\" id=\"genero\">\n\t\t\t\t<p><label> G\u00e9nero <span style=\"color: red\">&nbsp*<\/span><br \/>\n<span class=\"wpcf7-form-control-wrap\" data-name=\"Gnero\"><span class=\"wpcf7-form-control wpcf7-radio genero\" id=\"genero\"><span class=\"wpcf7-list-item first\"><label><input type=\"radio\" name=\"Gnero\" value=\"Masculino\" \/><span class=\"wpcf7-list-item-label\">Masculino<\/span><\/label><\/span><span class=\"wpcf7-list-item\"><label><input type=\"radio\" name=\"Gnero\" value=\"Femenino\" \/><span class=\"wpcf7-list-item-label\">Femenino<\/span><\/label><\/span><span class=\"wpcf7-list-item last\"><label><input type=\"radio\" name=\"Gnero\" value=\"No me identifico con ninguno de los anteriores\" \/><span class=\"wpcf7-list-item-label\">No me identifico con ninguno de los anteriores<\/span><\/label><\/span><\/span><\/span><\/label>\n\t\t\t\t<\/p>\n\t\t\t<\/div>\n\t\t<\/div>\n\t\t<div class=\"column-full\" id=\"discapacidad\">\n\t\t\t<p><label> Discapacidad: <span style=\"color: red\">&nbsp*<\/span><br \/>\n<span class=\"wpcf7-form-control-wrap\" data-name=\"discapacidad1\"><span class=\"wpcf7-form-control wpcf7-radio\"><span class=\"wpcf7-list-item first\"><label><input type=\"radio\" name=\"discapacidad1\" value=\"Si\" \/><span class=\"wpcf7-list-item-label\">Si<\/span><\/label><\/span><span class=\"wpcf7-list-item last\"><label><input type=\"radio\" name=\"discapacidad1\" value=\"No\" \/><span class=\"wpcf7-list-item-label\">No<\/span><\/label><\/span><\/span><\/span><\/label>\n\t\t\t<\/p>\n\t\t\t<div class=\"column-full\" id=\"discapacidad1\">\n\t\t\t\t<div data-id=\"discapacidad\" data-orig_data_id=\"discapacidad\" data-clear_on_hide class=\"\" data-class=\"wpcf7cf_group\">\n\t\t\t\t\t<p><span class=\"wpcf7-form-control-wrap\" data-name=\"pdiscapacidad\"><span class=\"wpcf7-form-control wpcf7-radio\"><span class=\"wpcf7-list-item first\"><label><input type=\"radio\" name=\"pdiscapacidad\" value=\"menos de 33%\" \/><span class=\"wpcf7-list-item-label\">menos de 33%<\/span><\/label><\/span><span class=\"wpcf7-list-item\"><label><input type=\"radio\" name=\"pdiscapacidad\" value=\"33% o m\u00e1s\" \/><span class=\"wpcf7-list-item-label\">33% o m\u00e1s<\/span><\/label><\/span><span class=\"wpcf7-list-item last\"><label><input type=\"radio\" name=\"pdiscapacidad\" value=\"m\u00e1s del 65%\" \/><span class=\"wpcf7-list-item-label\">m\u00e1s del 65%<\/span><\/label><\/span><\/span><\/span>\n\t\t\t\t\t<\/p>\n\t\t\t\t\t<div class=\"column-full\" id=\"discapacidad3\">\n\t\t\t\t\t\t<p><label> Si usted tiene alg\u00fan tipo de certificado de discapacidad, puede incluirlo aqu\u00ed\u2026 <span style=\"color: red\"><\/span><br \/>\n<span class=\"wpcf7-form-control-wrap\" data-name=\"DocumentacionDisc\"><input size=\"40\" class=\"wpcf7-form-control wpcf7-file campo_documentacionDisc\" id=\"campodocumentacionDisc\" accept=\".pdf,.doc,.docx,.jpeg,.jpg,.png\" aria-invalid=\"false\" type=\"file\" name=\"DocumentacionDisc\" \/><\/span><\/label>\n\t\t\t\t\t\t<\/p>\n\t\t\t\t\t<\/div>\n\t\t\t\t<\/div>\n\t\t\t<\/div>\n\t\t\t<p style=\"font-size:1rem\"> Los campos con <span style=\"color: red\">*<\/span> son obligatorios\n\t\t\t<\/p>\n\t\t<\/div>\n\t<\/fieldset>\n<\/div>\n<fieldset id=\"ddocumentacion\">\n\t<legend style=\"font-size: 1.4rem\"> Documentaci\u00f3n\n\t<\/legend>\n\t<div class=\"form-row\">\n\t\t<div class=\"column-full\">\n\t\t\t<p><label> Subir DNI\/NIE por ambas caras <span style=\"color: red\">&nbsp*<\/span><br \/>\n<span class=\"wpcf7-form-control-wrap\" data-name=\"Documentacion2\"><input size=\"40\" class=\"wpcf7-form-control wpcf7-file wpcf7-validates-as-required campo_documentacion2\" id=\"campodocumentacion2\" accept=\".pdf,.doc,.docx,.jpeg,.jpg,.png\" aria-required=\"true\" aria-invalid=\"false\" type=\"file\" name=\"Documentacion2\" \/><\/span><br \/>\n<span class=\"wpcf7-form-control-wrap\" data-name=\"Documentacion3\"><input size=\"40\" class=\"wpcf7-form-control wpcf7-file wpcf7-validates-as-required campo_documentacion3\" id=\"campodocumentacion3\" accept=\".pdf,.doc,.docx,.jpeg,.jpg,.png\" aria-required=\"true\" aria-invalid=\"false\" type=\"file\" name=\"Documentacion3\" \/><\/span><\/label>\n\t\t\t<\/p>\n\t\t<\/div>\n\t<\/div>\n\t<p style=\"font-size:1rem\"> Los campos con <span style=\"color: red\">*<\/span> son obligatorios.\n\t<\/p>\n<\/fieldset>\n<div class=\"form-row\">\n\t<div class=\"column-full\">\n\t\t<p><span class=\"wpcf7-form-control-wrap\" data-name=\"publicidad\"><span class=\"wpcf7-form-control wpcf7-acceptance optional\"><span class=\"wpcf7-list-item\"><label><input type=\"checkbox\" name=\"publicidad\" value=\"1\" class=\"campo_aceptacion\" id=\"publicidad\" aria-invalid=\"false\" \/><span class=\"wpcf7-list-item-label\">&nbsp&nbsp<span style=\"font-weight:300;font-size:1.1rem\">Consiento a que mis datos sean tratados por <span style=\"font-weight:bold;font-size:1.1rem\">GRUPO PIQUER<\/span> para el env\u00edo de comunicaciones\ncomerciales y promocionales, referidas al resto de empresas pertenecientes al mismo <span style=\"font-weight:bold;font-size:1.1rem\">GRUPO (ESTUDIOS ZARAGOZA, S.L., MENTORIZA, S.L., FORINLA, S.L. y FUNDACI\u00d3N PIQUER)<\/span>. Dichas comunicaciones se podr\u00e1n realizar a trav\u00e9s de correo ordinario y a trav\u00e9s de medios electr\u00f3nicos <span style=\"font-weight:bold;font-size:1.1rem\">(e-mail, SMS, MMS, WhatsApp, etc.).<\/span> Podr\u00e1 retirar su consentimiento en cualquier momento.<\/span><\/label><\/span><\/span><\/span>\n\t\t<\/p>\n\t<\/div>\n<\/div>\n<div class=\"form-row\">\n\t<div class=\"column-full\">\n\t\t<p><span class=\"wpcf7-form-control-wrap\" data-name=\"Aceptacion\"><span class=\"wpcf7-form-control wpcf7-acceptance\"><span class=\"wpcf7-list-item\"><label><input type=\"checkbox\" name=\"Aceptacion\" value=\"1\" class=\"campo_aceptacion\" id=\"campoaceptacion\" aria-invalid=\"false\" \/><span class=\"wpcf7-list-item-label\">&nbsp&nbsp<span style=\"font-weight:300;font-size:1.1rem\">Acepto que mis datos personales sean tratados conforme a la pol\u00edtica de privacidad, <span style=\"font-weight:bold;font-size:1.1rem\">GRUPO PIQUER (ESTUDIOS ZARAGOZA, S.L., MENTORIZA, S.L., FORINLA, S.L. y FUNDACI\u00d3N PIQUER)<\/span> te informa de que los datos del presente formulario ser\u00e1n tratados por <span style=\"font-weight:bold;font-size:1.1rem\">GRUPO PIQUER (ESTUDIOS ZARAGOZA, S.L., MENTORIZA, S.L., FORINLA, S.L. y FUNDACI\u00d3N PIQUER),<\/span> como responsable de esta web. La finalidad de la recogida y tratamiento de los datos personales es para dar respuesta a la consulta realizada as\u00ed como para el env\u00edo de informaci\u00f3n de los servicios del responsable del tratamiento. La legitimaci\u00f3n es el consentimiento del interesado. Podr\u00e1s ejercer tus derechos de acceso, rectificaci\u00f3n, limitaci\u00f3n y suprimir los datos en rgpdezsl@grupopiquer.com as\u00ed como el derecho a presentar una reclamaci\u00f3n ante la autoridad de control. \n<br>\n\n<p style=\"text-align: center;margin-top:35px;margin-bottom:35px;\"><strong>Puedes descargar el siguiente PDF con la informaci\u00f3n completa de la Ley Org\u00e1nica de Protecci\u00f3n de Datos<\/strong>\n<a href=\"https:\/\/dialogosocial.campusfsie.es\/inscripciones\/wp-content\/uploads\/2024\/09\/LOPD-DIALOGO-SOCIAL.pdf\" download=\"\"><img decoding=\"async\" class=\"aligncenter wp-image-116\" src=\"https:\/\/andaluciab1.grupopiquer.com\/andalucia\/wp-content\/uploads\/2022\/06\/PDF-icon-small-231x300-1.png\" alt=\"Solicitud pdf\" width=\"25\" height=\"32\" \/><\/a><\/p>\n\n<\/span><\/span><\/label><\/span><\/span><\/span>\n\t\t<\/p>\n\t<\/div>\n<\/div>\n<div class=\"form-row\">\n\t<div class=\"column-full\" style=\"text-align: center;\">\n\t\t<p><input class=\"wpcf7-form-control wpcf7-submit has-spinner\" type=\"submit\" value=\"Enviar\" \/>\n\t\t<\/p>\n\t<\/div>\n<\/div>\n<div class=\"wpcf7-response-output\" aria-hidden=\"true\"><\/div>\n<\/form>\n<\/div>\n<\/div>\n\t\t\t\t\t\t<\/div>\n\t\t\t\t<\/div>\n\t\t\t\t\t<\/div>\n\t\t<\/div>\n\t\t\t\t\t<\/div>\n\t\t<\/section>\n\t\t\t\t<\/div>\n\t\t","protected":false},"excerpt":{"rendered":"<p>\u00a0 Formulario de Inscripci\u00f3n<\/p>\n","protected":false},"author":4,"featured_media":0,"parent":0,"menu_order":0,"comment_status":"closed","ping_status":"closed","template":"elementor_header_footer","meta":{"footnotes":""},"class_list":["post-8495","page","type-page","status-publish"],"_links":{"self":[{"href":"https:\/\/dialogosocial.campusfsie.es\/inscripciones\/wp-json\/wp\/v2\/pages\/8495"}],"collection":[{"href":"https:\/\/dialogosocial.campusfsie.es\/inscripciones\/wp-json\/wp\/v2\/pages"}],"about":[{"href":"https:\/\/dialogosocial.campusfsie.es\/inscripciones\/wp-json\/wp\/v2\/types\/page"}],"author":[{"embeddable":true,"href":"https:\/\/dialogosocial.campusfsie.es\/inscripciones\/wp-json\/wp\/v2\/users\/4"}],"replies":[{"embeddable":true,"href":"https:\/\/dialogosocial.campusfsie.es\/inscripciones\/wp-json\/wp\/v2\/comments?post=8495"}],"version-history":[{"count":10,"href":"https:\/\/dialogosocial.campusfsie.es\/inscripciones\/wp-json\/wp\/v2\/pages\/8495\/revisions"}],"predecessor-version":[{"id":8528,"href":"https:\/\/dialogosocial.campusfsie.es\/inscripciones\/wp-json\/wp\/v2\/pages\/8495\/revisions\/8528"}],"wp:attachment":[{"href":"https:\/\/dialogosocial.campusfsie.es\/inscripciones\/wp-json\/wp\/v2\/media?parent=8495"}],"curies":[{"name":"wp","href":"https:\/\/api.w.org\/{rel}","templated":true}]}}