{"id":7126,"date":"2024-12-04T12:08:09","date_gmt":"2024-12-04T11:08:09","guid":{"rendered":"https:\/\/dialogosocial.campusfsie.es\/inscripciones\/?page_id=7126"},"modified":"2025-02-10T16:38:10","modified_gmt":"2025-02-10T15:38:10","slug":"acuerdos-de-formacion-en-la-negociacion-colectiva","status":"publish","type":"page","link":"https:\/\/dialogosocial.campusfsie.es\/inscripciones\/acuerdos-de-formacion-en-la-negociacion-colectiva\/","title":{"rendered":"Acuerdos de formaci\u00f3n en la negociaci\u00f3n colectiva"},"content":{"rendered":"\t\t<div data-elementor-type=\"wp-page\" data-elementor-id=\"7126\" class=\"elementor elementor-7126\">\n\t\t\t\t<div class=\"elementor-element elementor-element-6c01aff e-con-full e-flex e-con e-parent\" data-id=\"6c01aff\" data-element_type=\"container\" data-settings=\"{&quot;background_background&quot;:&quot;classic&quot;}\">\n\t\t\t\t<div class=\"elementor-element elementor-element-501d59c elementor-widget elementor-widget-image\" data-id=\"501d59c\" data-element_type=\"widget\" data-widget_type=\"image.default\">\n\t\t\t\t<div class=\"elementor-widget-container\">\n\t\t\t\t\t\t\t\t\t\t\t\t\t\t\t<img fetchpriority=\"high\" decoding=\"async\" width=\"2659\" height=\"984\" src=\"https:\/\/dialogosocial.campusfsie.es\/inscripciones\/wp-content\/uploads\/2025\/01\/8.png\" class=\"attachment-full size-full wp-image-7585\" alt=\"\" srcset=\"https:\/\/dialogosocial.campusfsie.es\/inscripciones\/wp-content\/uploads\/2025\/01\/8.png 2659w, https:\/\/dialogosocial.campusfsie.es\/inscripciones\/wp-content\/uploads\/2025\/01\/8-300x111.png 300w, https:\/\/dialogosocial.campusfsie.es\/inscripciones\/wp-content\/uploads\/2025\/01\/8-1024x379.png 1024w, https:\/\/dialogosocial.campusfsie.es\/inscripciones\/wp-content\/uploads\/2025\/01\/8-768x284.png 768w, https:\/\/dialogosocial.campusfsie.es\/inscripciones\/wp-content\/uploads\/2025\/01\/8-1536x568.png 1536w, https:\/\/dialogosocial.campusfsie.es\/inscripciones\/wp-content\/uploads\/2025\/01\/8-2048x758.png 2048w\" sizes=\"(max-width: 2659px) 100vw, 2659px\" \/>\t\t\t\t\t\t\t\t\t\t\t\t\t\t\t<\/div>\n\t\t\t\t<\/div>\n\t\t\t\t<\/div>\n\t\t<div class=\"elementor-element elementor-element-726c2e5 e-flex e-con-boxed e-con e-parent\" data-id=\"726c2e5\" data-element_type=\"container\">\n\t\t\t\t\t<div class=\"e-con-inner\">\n\t\t\t\t<div class=\"elementor-element elementor-element-b348a6e elementor-widget elementor-widget-eael-creative-button\" data-id=\"b348a6e\" data-element_type=\"widget\" data-widget_type=\"eael-creative-button.default\">\n\t\t\t\t<div class=\"elementor-widget-container\">\n\t\t\t\t\t        <div class=\"eael-creative-button-wrapper\">\n\n            <a class=\"eael-creative-button eael-creative-button--rayen\" href=\"https:\/\/dialogosocial.campusfsie.es\/inscripciones\/andalucia\/?curso=ANDAcuerdosdeForacionenlaNegociacionColectiva&#038;cursoLargo=Acuerdos%20de%20formaci%C3%B3n%20en%20la%20negociaci%C3%B3n%20colectiva\" data-text=\"Adelante!\">\n\n\t    \n                <div class=\"creative-button-inner\">\n\n                    \n                    <span class=\"cretive-button-text\">Quiero Inscribirme<\/span>\n\n                                    <\/div>\n\t                        <\/a>\n        <\/div>\n        \t\t\t\t<\/div>\n\t\t\t\t<\/div>\n\t\t\t\t<div class=\"elementor-element elementor-element-8a1d6b5 acordeonfsie elementor-widget elementor-widget-eael-adv-accordion\" data-id=\"8a1d6b5\" data-element_type=\"widget\" data-widget_type=\"eael-adv-accordion.default\">\n\t\t\t\t<div class=\"elementor-widget-container\">\n\t\t\t\t\t        <div class=\"eael-adv-accordion\" id=\"eael-adv-accordion-8a1d6b5\" data-scroll-on-click=\"no\" data-scroll-speed=\"300\" data-accordion-id=\"8a1d6b5\" data-accordion-type=\"toggle\" data-toogle-speed=\"300\">\n    <div class=\"eael-accordion-list\">\n                <div id=\"duracin\" class=\"elementor-tab-title eael-accordion-header active-default\" tabindex=\"0\" data-tab=\"1\" aria-controls=\"elementor-tab-content-1441\"><span class=\"eael-advanced-accordion-icon-closed\"><i aria-hidden=\"true\" class=\"fa-accordion-icon icon icon-stopwatch\"><\/i><\/span><span class=\"eael-advanced-accordion-icon-opened\"><i aria-hidden=\"true\" class=\"fa-accordion-icon icon icon-stopwatch\"><\/i><\/span><span class=\"eael-accordion-tab-title\">Duraci\u00f3n<\/span><i aria-hidden=\"true\" class=\"fa-toggle fas fa-angle-right\"><\/i><\/div><div id=\"elementor-tab-content-1441\" class=\"eael-accordion-content clearfix active-default\" data-tab=\"1\" aria-labelledby=\"duracin\"><p>60 horas<\/p><\/div>\n                <\/div><div class=\"eael-accordion-list\">\n                <div id=\"modalidad\" class=\"elementor-tab-title eael-accordion-header active-default\" tabindex=\"0\" data-tab=\"3\" aria-controls=\"elementor-tab-content-1443\"><span class=\"eael-advanced-accordion-icon-closed\"><i aria-hidden=\"true\" class=\"fa-accordion-icon icon icon-earth\"><\/i><\/span><span class=\"eael-advanced-accordion-icon-opened\"><i aria-hidden=\"true\" class=\"fa-accordion-icon icon icon-earth\"><\/i><\/span><span class=\"eael-accordion-tab-title\">Modalidad<\/span><i aria-hidden=\"true\" class=\"fa-toggle fas fa-angle-right\"><\/i><\/div><div id=\"elementor-tab-content-1443\" class=\"eael-accordion-content clearfix active-default\" data-tab=\"3\" aria-labelledby=\"modalidad\"><p>Teleformaci\u00f3n<\/p><\/div>\n                <\/div><div class=\"eael-accordion-list\">\n                <div id=\"objetivos\" class=\"elementor-tab-title eael-accordion-header active-default\" tabindex=\"0\" data-tab=\"4\" aria-controls=\"elementor-tab-content-1444\"><span class=\"eael-advanced-accordion-icon-closed\"><i aria-hidden=\"true\" class=\"fa-accordion-icon fas fa-clipboard-list\"><\/i><\/span><span class=\"eael-advanced-accordion-icon-opened\"><i aria-hidden=\"true\" class=\"fa-accordion-icon fas fa-clipboard-list\"><\/i><\/span><span class=\"eael-accordion-tab-title\">Objetivos<\/span><i aria-hidden=\"true\" class=\"fa-toggle fas fa-angle-right\"><\/i><\/div><div id=\"elementor-tab-content-1444\" class=\"eael-accordion-content clearfix active-default\" data-tab=\"4\" aria-labelledby=\"objetivos\"><p>Tras el desarrollo de la acci\u00f3n formativa se pretende que las personas participantes:<\/p><ul><li>Conozcan la importancia de la formaci\u00f3n para el empleo como materia de negociaci\u00f3n colectiva y contribuir a que se lleve a cabo mediante acuerdos<\/li><li>Aprendan a c\u00f3mo contribuir en el dise\u00f1o de los planes de formaci\u00f3n y negociar para conseguir formaci\u00f3n subvencionada<\/li><li>Sepan y tengan herramientas para informar y orientar a trabajadores y trabajadoras para que accedan a itinerarios de formaci\u00f3n que posibiliten su adaptaci\u00f3n o promoci\u00f3n profesional.<\/li><\/ul><\/div>\n                <\/div><div class=\"eael-accordion-list\">\n                <div id=\"contenidos\" class=\"elementor-tab-title eael-accordion-header active-default\" tabindex=\"0\" data-tab=\"5\" aria-controls=\"elementor-tab-content-1445\"><span class=\"eael-advanced-accordion-icon-closed\"><i aria-hidden=\"true\" class=\"fa-accordion-icon fas fa-boxes\"><\/i><\/span><span class=\"eael-advanced-accordion-icon-opened\"><i aria-hidden=\"true\" class=\"fa-accordion-icon fas fa-boxes\"><\/i><\/span><span class=\"eael-accordion-tab-title\">Contenidos<\/span><i aria-hidden=\"true\" class=\"fa-toggle fas fa-angle-right\"><\/i><\/div><div id=\"elementor-tab-content-1445\" class=\"eael-accordion-content clearfix active-default\" data-tab=\"5\" aria-labelledby=\"contenidos\"><ol><li>Derechos de los trabajadores y trabajadoras en materia de formaci\u00f3n para el empleo.<ul><li>\u00bfQu\u00e9 derechos existen en relaci\u00f3n a la formaci\u00f3n<\/li><li>Permisos retribuidos<\/li><li>Permiso individual de formaci\u00f3n<br \/>** Actividad individual\/caso pr\u00e1ctico<br \/>**Autoevaluaci\u00f3n<br \/>**EVALUACION DE LA UNIDAD<\/li><\/ul><\/li><li>Principios generales del sistema de formaci\u00f3n para el empleo.<br \/>** Actividad individual\/caso pr\u00e1ctico<br \/>** Autoevaluaci\u00f3n<br \/>** EVALUACION DE LA UNIDAD<\/li><li>Desarrollo de un plan de formaci\u00f3n amplio y accesible dirigida a los trabajadores y trabajadoras de la empresa<br \/>u Ofertas de formaci\u00f3n en el \u00e1mbito estatal transversales y sectoriales<br \/>** Actividad individual\/caso pr\u00e1ctico<br \/>** Autoevaluaci\u00f3n<br \/>** EVALUACION DE LA UNIDAD<\/li><li>Herramientas de comunicaci\u00f3n para la negociaci\u00f3n de la formaci\u00f3n.<ul><li>Garantizar la igualdad de acceso de las personas trabajadoras a la formaci\u00f3n<\/li><li>Promover la corresponsabilidad de las empresas y las personas trabajadoras en los procesos de formaci\u00f3n.<\/li><li>Fortalecer la formaci\u00f3n destinada a facilitar la transici\u00f3n digital y ecol\u00f3gica de las empresas y de las personas trabajadoras.<br \/>** Actividad individual\/caso pr\u00e1ctico<br \/>**Autoevaluaci\u00f3n<br \/>**EVALUACION DE LA UNIDAD<\/li><\/ul><\/li><li>Habilidades pr\u00e1cticas para la difusi\u00f3n de la informaci\u00f3n y orientaci\u00f3n de la formaci\u00f3n para el empleo entre los trabajadores y trabajadoras.<br \/>** Actividad individual\/caso pr\u00e1ctico<br \/>** Autoevaluaci\u00f3n<br \/>** EVALUACION DE LA UNIDAD<\/li><\/ol><\/div>\n                <\/div><\/div>\t\t\t\t<\/div>\n\t\t\t\t<\/div>\n\t\t\t\t\t<\/div>\n\t\t\t\t<\/div>\n\t\t\t\t<\/div>\n\t\t","protected":false},"excerpt":{"rendered":"<p>Quiero Inscribirme Duraci\u00f3n 60 horas Modalidad Teleformaci\u00f3n Objetivos Tras el desarrollo de la acci\u00f3n formativa se pretende que las personas participantes: Conozcan la importancia de la formaci\u00f3n para el empleo como materia de negociaci\u00f3n colectiva y contribuir a que se lleve a cabo mediante acuerdos Aprendan a c\u00f3mo contribuir en el dise\u00f1o de los planes &#8230; <a title=\"Acuerdos de formaci\u00f3n en la negociaci\u00f3n colectiva\" class=\"read-more\" href=\"https:\/\/dialogosocial.campusfsie.es\/inscripciones\/acuerdos-de-formacion-en-la-negociacion-colectiva\/\" aria-label=\"Leer m\u00e1s sobre Acuerdos de formaci\u00f3n en la negociaci\u00f3n colectiva\">Leer m\u00e1s<\/a><\/p>\n","protected":false},"author":4,"featured_media":0,"parent":0,"menu_order":0,"comment_status":"closed","ping_status":"closed","template":"elementor_canvas","meta":{"footnotes":""},"class_list":["post-7126","page","type-page","status-publish"],"_links":{"self":[{"href":"https:\/\/dialogosocial.campusfsie.es\/inscripciones\/wp-json\/wp\/v2\/pages\/7126"}],"collection":[{"href":"https:\/\/dialogosocial.campusfsie.es\/inscripciones\/wp-json\/wp\/v2\/pages"}],"about":[{"href":"https:\/\/dialogosocial.campusfsie.es\/inscripciones\/wp-json\/wp\/v2\/types\/page"}],"author":[{"embeddable":true,"href":"https:\/\/dialogosocial.campusfsie.es\/inscripciones\/wp-json\/wp\/v2\/users\/4"}],"replies":[{"embeddable":true,"href":"https:\/\/dialogosocial.campusfsie.es\/inscripciones\/wp-json\/wp\/v2\/comments?post=7126"}],"version-history":[{"count":28,"href":"https:\/\/dialogosocial.campusfsie.es\/inscripciones\/wp-json\/wp\/v2\/pages\/7126\/revisions"}],"predecessor-version":[{"id":7868,"href":"https:\/\/dialogosocial.campusfsie.es\/inscripciones\/wp-json\/wp\/v2\/pages\/7126\/revisions\/7868"}],"wp:attachment":[{"href":"https:\/\/dialogosocial.campusfsie.es\/inscripciones\/wp-json\/wp\/v2\/media?parent=7126"}],"curies":[{"name":"wp","href":"https:\/\/api.w.org\/{rel}","templated":true}]}}