{"id":7055,"date":"2024-11-19T10:14:24","date_gmt":"2024-11-19T09:14:24","guid":{"rendered":"https:\/\/dialogosocial.campusfsie.es\/inscripciones\/?page_id=7055"},"modified":"2025-02-10T16:11:13","modified_gmt":"2025-02-10T15:11:13","slug":"buenas-practicas-en-el-funcionamiento-de-la-rlt","status":"publish","type":"page","link":"https:\/\/dialogosocial.campusfsie.es\/inscripciones\/buenas-practicas-en-el-funcionamiento-de-la-rlt\/","title":{"rendered":"Buenas pr\u00e1cticas en el funcionamiento de la RLT"},"content":{"rendered":"\t\t<div data-elementor-type=\"wp-page\" data-elementor-id=\"7055\" class=\"elementor elementor-7055\">\n\t\t\t\t<div class=\"elementor-element elementor-element-99a8f93 e-con-full e-flex e-con e-parent\" data-id=\"99a8f93\" data-element_type=\"container\" data-settings=\"{&quot;background_background&quot;:&quot;classic&quot;}\">\n\t\t\t\t<div class=\"elementor-element elementor-element-7ae03cd elementor-widget__width-inherit elementor-widget elementor-widget-image\" data-id=\"7ae03cd\" data-element_type=\"widget\" data-widget_type=\"image.default\">\n\t\t\t\t<div class=\"elementor-widget-container\">\n\t\t\t\t\t\t\t\t\t\t\t\t\t\t\t<img fetchpriority=\"high\" decoding=\"async\" width=\"2659\" height=\"984\" src=\"https:\/\/dialogosocial.campusfsie.es\/inscripciones\/wp-content\/uploads\/2025\/01\/11.png\" class=\"attachment-full size-full wp-image-7581\" alt=\"\" srcset=\"https:\/\/dialogosocial.campusfsie.es\/inscripciones\/wp-content\/uploads\/2025\/01\/11.png 2659w, https:\/\/dialogosocial.campusfsie.es\/inscripciones\/wp-content\/uploads\/2025\/01\/11-300x111.png 300w, https:\/\/dialogosocial.campusfsie.es\/inscripciones\/wp-content\/uploads\/2025\/01\/11-1024x379.png 1024w, https:\/\/dialogosocial.campusfsie.es\/inscripciones\/wp-content\/uploads\/2025\/01\/11-768x284.png 768w, https:\/\/dialogosocial.campusfsie.es\/inscripciones\/wp-content\/uploads\/2025\/01\/11-1536x568.png 1536w, https:\/\/dialogosocial.campusfsie.es\/inscripciones\/wp-content\/uploads\/2025\/01\/11-2048x758.png 2048w\" sizes=\"(max-width: 2659px) 100vw, 2659px\" \/>\t\t\t\t\t\t\t\t\t\t\t\t\t\t\t<\/div>\n\t\t\t\t<\/div>\n\t\t\t\t<\/div>\n\t\t<div class=\"elementor-element elementor-element-726c2e5 .modregofrito e-flex e-con-boxed e-con e-parent\" data-id=\"726c2e5\" data-element_type=\"container\">\n\t\t\t\t\t<div class=\"e-con-inner\">\n\t\t\t\t<div class=\"elementor-element elementor-element-2ae0a0d elementor-widget elementor-widget-eael-creative-button\" data-id=\"2ae0a0d\" data-element_type=\"widget\" data-widget_type=\"eael-creative-button.default\">\n\t\t\t\t<div class=\"elementor-widget-container\">\n\t\t\t\t\t        <div class=\"eael-creative-button-wrapper\">\n\n            <a class=\"eael-creative-button eael-creative-button--rayen\" href=\"https:\/\/dialogosocial.campusfsie.es\/inscripciones\/andalucia\/?curso=ANDbuenaspracticaasenelfuncionamientodelaRLT&#038;cursoLargo=Buenas%20pr%C3%A1cticas%20en%20el%20funcionamiento%20de%20la%20RLT\" data-text=\"Adelante!\">\n\n\t    \n                <div class=\"creative-button-inner\">\n\n                    \n                    <span class=\"cretive-button-text\">Quiero Inscribirme<\/span>\n\n                                    <\/div>\n\t                        <\/a>\n        <\/div>\n        \t\t\t\t<\/div>\n\t\t\t\t<\/div>\n\t\t\t\t<div class=\"elementor-element elementor-element-8a1d6b5 acordeonfsie elementor-widget elementor-widget-eael-adv-accordion\" data-id=\"8a1d6b5\" data-element_type=\"widget\" data-widget_type=\"eael-adv-accordion.default\">\n\t\t\t\t<div class=\"elementor-widget-container\">\n\t\t\t\t\t        <div class=\"eael-adv-accordion\" id=\"eael-adv-accordion-8a1d6b5\" data-scroll-on-click=\"no\" data-scroll-speed=\"300\" data-accordion-id=\"8a1d6b5\" data-accordion-type=\"toggle\" data-toogle-speed=\"300\">\n    <div class=\"eael-accordion-list\">\n                <div id=\"duracin\" class=\"elementor-tab-title eael-accordion-header active-default\" tabindex=\"0\" data-tab=\"1\" aria-controls=\"elementor-tab-content-1441\"><span class=\"eael-advanced-accordion-icon-closed\"><i aria-hidden=\"true\" class=\"fa-accordion-icon icon icon-stopwatch\"><\/i><\/span><span class=\"eael-advanced-accordion-icon-opened\"><i aria-hidden=\"true\" class=\"fa-accordion-icon icon icon-stopwatch\"><\/i><\/span><span class=\"eael-accordion-tab-title\">Duraci\u00f3n<\/span><i aria-hidden=\"true\" class=\"fa-toggle fas fa-angle-right\"><\/i><\/div><div id=\"elementor-tab-content-1441\" class=\"eael-accordion-content clearfix active-default\" data-tab=\"1\" aria-labelledby=\"duracin\"><p>60 horas<\/p><\/div>\n                <\/div><div class=\"eael-accordion-list\">\n                <div id=\"modalidad\" class=\"elementor-tab-title eael-accordion-header active-default\" tabindex=\"0\" data-tab=\"2\" aria-controls=\"elementor-tab-content-1442\"><span class=\"eael-advanced-accordion-icon-closed\"><i aria-hidden=\"true\" class=\"fa-accordion-icon icon icon-earth\"><\/i><\/span><span class=\"eael-advanced-accordion-icon-opened\"><i aria-hidden=\"true\" class=\"fa-accordion-icon icon icon-earth\"><\/i><\/span><span class=\"eael-accordion-tab-title\">Modalidad<\/span><i aria-hidden=\"true\" class=\"fa-toggle fas fa-angle-right\"><\/i><\/div><div id=\"elementor-tab-content-1442\" class=\"eael-accordion-content clearfix active-default\" data-tab=\"2\" aria-labelledby=\"modalidad\"><p>Teleformaci\u00f3n<\/p><\/div>\n                <\/div><div class=\"eael-accordion-list\">\n                <div id=\"objetivos\" class=\"elementor-tab-title eael-accordion-header active-default\" tabindex=\"0\" data-tab=\"3\" aria-controls=\"elementor-tab-content-1443\"><span class=\"eael-advanced-accordion-icon-closed\"><i aria-hidden=\"true\" class=\"fa-accordion-icon fas fa-clipboard-list\"><\/i><\/span><span class=\"eael-advanced-accordion-icon-opened\"><i aria-hidden=\"true\" class=\"fa-accordion-icon fas fa-clipboard-list\"><\/i><\/span><span class=\"eael-accordion-tab-title\">Objetivos<\/span><i aria-hidden=\"true\" class=\"fa-toggle fas fa-angle-right\"><\/i><\/div><div id=\"elementor-tab-content-1443\" class=\"eael-accordion-content clearfix active-default\" data-tab=\"3\" aria-labelledby=\"objetivos\"><p>Con este curso, las personas participantes ser\u00e1n capaces de fomentar la participaci\u00f3n y el an\u00e1lisis colectivo para mejorar la capacidad de intervenci\u00f3n de estos en el \u00e1mbito laboral, analizando el \u00e1mbito socio-econ\u00f3mico y laboral, las pol\u00edticas de desarrollo as\u00ed como el futuro de las organizaciones sindicales.<\/p><\/div>\n                <\/div><div class=\"eael-accordion-list\">\n                <div id=\"contenidos\" class=\"elementor-tab-title eael-accordion-header active-default\" tabindex=\"0\" data-tab=\"4\" aria-controls=\"elementor-tab-content-1444\"><span class=\"eael-advanced-accordion-icon-closed\"><i aria-hidden=\"true\" class=\"fa-accordion-icon fas fa-boxes\"><\/i><\/span><span class=\"eael-advanced-accordion-icon-opened\"><i aria-hidden=\"true\" class=\"fa-accordion-icon fas fa-boxes\"><\/i><\/span><span class=\"eael-accordion-tab-title\">Contenidos<\/span><i aria-hidden=\"true\" class=\"fa-toggle fas fa-angle-right\"><\/i><\/div><div id=\"elementor-tab-content-1444\" class=\"eael-accordion-content clearfix active-default\" data-tab=\"4\" aria-labelledby=\"contenidos\"><p>UNIDAD DID\u00c1CTICA 1 \u00c1MBITO SOCIO LABORAL<\/p><ol><li>Legislaci\u00f3n Laboral<\/li><li>Fuentes de derecho del trabajo<\/li><li>Seguridad Social: Reg\u00edmenes especiales (REAS\/Empleados\/as de Hogar)<\/li><li>Inspecci\u00f3n de trabajo y Seguridad social<\/li><li>Contrataci\u00f3n<\/li><li>Extinci\u00f3n del contrato de trabajo: El despido<\/li><li>Subrogaci\u00f3n empresarial<\/li><li>Empresas de trabajo temporal<\/li><li>Subcontratas<\/li><li>La igualdad de oportunidades entre hombres y mujeres en la legislaci\u00f3n espa\u00f1ola y la jurisprudencia (\u00faltimas reformas &#8216;violencia de g\u00e9nero&#8217; &#8216;conciliaci\u00f3n de la vida profesional y personal&#8217;. . .)<\/li><li>Legislaci\u00f3n Sindical<\/li><li>Marco Jur\u00eddico de la libertad sindical<\/li><li>La Ley Org\u00e1nica de libertad sindical<\/li><li>Negociaci\u00f3n Colectiva<\/li><li>Convenio colectivo estatutario<\/li><li>\u00c1mbito de aplicaci\u00f3n<\/li><li>Legitimaci\u00f3n para negociar<\/li><li>Contenido del Convenio<\/li><li>La transversalidad de g\u00e9nero en la negociaci\u00f3n colectiva<\/li><li>Di\u00e1logo Social o Pol\u00edtica Institucional<\/li><li>Planteamiento del di\u00e1logo social en la Organizaci\u00f3n<\/li><li>Actuaciones a realizar<\/li><li>La igualdad de oportunidades entre hombres y mujeres en el dialogo social. (ANC 2003)<\/li><\/ol><p>UNIDAD DID\u00c1CTICA 2. ECONOM\u00cdA Y RELACIONES INTERNACIONALES:<\/p><ol><li>Econom\u00eda<\/li><li>F\u00f3rmula jur\u00eddica de la empresa y an\u00e1lisis de la propiedad<\/li><li>Derecho de los trabajadores a obtener informaci\u00f3n financiera<\/li><li>Las cuentas anuales<\/li><li>C\u00f3mo acceder a las cuentas anuales<\/li><li>An\u00e1lisis financiero<\/li><li>An\u00e1lisis econ\u00f3mico<\/li><li>Productividad del factor trabajo<\/li><li>El impacto que en el PIB tiene el trabajo no asalariado (trabajo dom\u00e9stico)<\/li><li>Uni\u00f3n Europea<\/li><li>Visi\u00f3n de conjunto de la U. E.<\/li><li>Los valores y Objetivos de la Uni\u00f3n Europea<\/li><li>La ciudadan\u00eda europea y los derechos fundamentales<\/li><li>Las competencias de la U E.<\/li><li>Instrumentos jur\u00eddicos (vinculantes y no vinculantes) que las Instituciones utilizar\u00e1n para ejercer las competencias de la Uni\u00f3n<\/li><li>Las instituciones y \u00f3rganos de la Uni\u00f3n Europea<\/li><li>Mercado interior<\/li><li>Pol\u00edtica econ\u00f3mica y monetaria<\/li><li>Pol\u00edtica social<\/li><li>El principio de igualdad de trato y la prohibici\u00f3n de discriminaci\u00f3n por raz\u00f3n de sexo en el derecho comunitario<\/li><li>Sindicalismo Internacional<\/li><li>La globalizaci\u00f3n y su gobierno<\/li><li>La visi\u00f3n de g\u00e9nero en un mundo globalizado. Conferencias Mundiales sobre el adelanto de las mujeres, organizadas por Naciones Unidas<\/li><li>La OIT<\/li><li>Las Instituciones Financieras Internacionales: Fondo Monetario<\/li><li>La Organizaci\u00f3n Mundial de Comercio<\/li><li>Las organizaciones sindicales europeas e internacionales: CES, CIOSL, CMT<\/li><\/ol><p>UNIDAD DID\u00c1CTICA 3. POL\u00cdTICAS DE DESARROLLO<\/p><ol><li>Igualdad de oportunidades y no discriminaci\u00f3n entre los g\u00e9neros<\/li><li>Introducci\u00f3n de las t\u00e9cnicas de planificaci\u00f3n, desarrollo y evaluaci\u00f3n de acciones positivas<\/li><li>Directivas y Recomendaciones Europeas<\/li><li>La igualdad de oportunidades en acci\u00f3n<\/li><li>Los planes de igualdad en el seno de las empresas<\/li><li>La importancia del lenguaje como elemento de visibilizaci\u00f3n de las mujeres<\/li><li>Salud Laboral y Medio Ambiente<\/li><li>Trabajo y salud<\/li><li>Legislaci\u00f3n y salud laboral<\/li><li>Organizaci\u00f3n de la prevenci\u00f3n<\/li><li>El delegado\/a de prevenci\u00f3n<\/li><li>El Comit\u00e9 de Seguridad y Salud<\/li><li>Los Servicios de prevenci\u00f3n<\/li><li>Las Mutuas de Trabajo y Enfermedades Profesionales de la Seguridad Social<\/li><li>La evaluaci\u00f3n de riesgos<\/li><li>Trabajo y medioambiente<\/li><li>Acci\u00f3n sindical en medioambiente<\/li><li>Identificaci\u00f3n de riesgos medioambientales<\/li><li>Herramientas de intervenci\u00f3n<\/li><li>Sistemas de Gesti\u00f3n medioambiental. (SGMA)<\/li><li>Los riesgos del trabajo desde una perspectiva de g\u00e9nero<\/li><li>Inmigraci\u00f3n, extranjer\u00eda y asilo<\/li><li>Situaci\u00f3n sociolaboral y pol\u00edtica sindical de inmigraci\u00f3n<\/li><li>Situaci\u00f3n de la normativa espa\u00f1ola, europea e internacional<\/li><li>El tr\u00e1fico de personas con fines de explotaci\u00f3n laboral y sexual<\/li><\/ol><p>UNIDAD DID\u00c1CTICA 4. ACTUALIZACI\u00d3N EN HABILIDADES DE DIRECCI\u00d3N:<\/p><ol><li>Desarrollo de Habilidades de Direcci\u00f3n<\/li><li>Liderazgo<\/li><li>Motivaci\u00f3n<\/li><li>Organizaci\u00f3n y Direcci\u00f3n de Equipos<\/li><li>Comunicaci\u00f3n y Negociaci\u00f3n. Definici\u00f3n de conceptos: multiculturalidad\/interculturalidad\/fusi\u00f3n cultural\/ integraci\u00f3n\/estereotipos\/prejuicios\/.<\/li><\/ol><p>UNIDAD DID\u00c1CTICA 5. LAS ORGANIZACIONES SINDICALES COMO HERRAMIENTAS DE FUTURO:<\/p><ol><li>Presente y futuro de la Organizaci\u00f3n<\/li><li>Desarrollo de cuadros sindicales<\/li><li>Pol\u00edticas afiliativas<\/li><li>Servicios de Valor A\u00f1adido<\/li><li>Servicios Jur\u00eddicos<\/li><li>Desarrollo de acciones positivas para una mayor representaci\u00f3n de mujeres en los \u00f3rganos de direcci\u00f3n y representaci\u00f3n de las organizaciones sindicales<\/li><\/ol><\/div>\n                <\/div><\/div>\t\t\t\t<\/div>\n\t\t\t\t<\/div>\n\t\t\t\t\t<\/div>\n\t\t\t\t<\/div>\n\t\t\t\t<\/div>\n\t\t","protected":false},"excerpt":{"rendered":"<p>Quiero Inscribirme Duraci\u00f3n 60 horas Modalidad Teleformaci\u00f3n Objetivos Con este curso, las personas participantes ser\u00e1n capaces de fomentar la participaci\u00f3n y el an\u00e1lisis colectivo para mejorar la capacidad de intervenci\u00f3n de estos en el \u00e1mbito laboral, analizando el \u00e1mbito socio-econ\u00f3mico y laboral, las pol\u00edticas de desarrollo as\u00ed como el futuro de las organizaciones sindicales. Contenidos &#8230; <a title=\"Buenas pr\u00e1cticas en el funcionamiento de la RLT\" class=\"read-more\" href=\"https:\/\/dialogosocial.campusfsie.es\/inscripciones\/buenas-practicas-en-el-funcionamiento-de-la-rlt\/\" aria-label=\"Leer m\u00e1s sobre Buenas pr\u00e1cticas en el funcionamiento de la RLT\">Leer m\u00e1s<\/a><\/p>\n","protected":false},"author":4,"featured_media":0,"parent":0,"menu_order":0,"comment_status":"closed","ping_status":"closed","template":"elementor_canvas","meta":{"footnotes":""},"class_list":["post-7055","page","type-page","status-publish"],"_links":{"self":[{"href":"https:\/\/dialogosocial.campusfsie.es\/inscripciones\/wp-json\/wp\/v2\/pages\/7055"}],"collection":[{"href":"https:\/\/dialogosocial.campusfsie.es\/inscripciones\/wp-json\/wp\/v2\/pages"}],"about":[{"href":"https:\/\/dialogosocial.campusfsie.es\/inscripciones\/wp-json\/wp\/v2\/types\/page"}],"author":[{"embeddable":true,"href":"https:\/\/dialogosocial.campusfsie.es\/inscripciones\/wp-json\/wp\/v2\/users\/4"}],"replies":[{"embeddable":true,"href":"https:\/\/dialogosocial.campusfsie.es\/inscripciones\/wp-json\/wp\/v2\/comments?post=7055"}],"version-history":[{"count":28,"href":"https:\/\/dialogosocial.campusfsie.es\/inscripciones\/wp-json\/wp\/v2\/pages\/7055\/revisions"}],"predecessor-version":[{"id":7863,"href":"https:\/\/dialogosocial.campusfsie.es\/inscripciones\/wp-json\/wp\/v2\/pages\/7055\/revisions\/7863"}],"wp:attachment":[{"href":"https:\/\/dialogosocial.campusfsie.es\/inscripciones\/wp-json\/wp\/v2\/media?parent=7055"}],"curies":[{"name":"wp","href":"https:\/\/api.w.org\/{rel}","templated":true}]}}