{"id":7033,"date":"2024-11-18T17:31:26","date_gmt":"2024-11-18T16:31:26","guid":{"rendered":"https:\/\/dialogosocial.campusfsie.es\/inscripciones\/?page_id=7033"},"modified":"2025-02-10T11:13:11","modified_gmt":"2025-02-10T10:13:11","slug":"tecnicas-de-comunicacion-eficaz","status":"publish","type":"page","link":"https:\/\/dialogosocial.campusfsie.es\/inscripciones\/tecnicas-de-comunicacion-eficaz\/","title":{"rendered":"T\u00e9cnicas de Comunicaci\u00f3n eficaz"},"content":{"rendered":"\t\t<div data-elementor-type=\"wp-page\" data-elementor-id=\"7033\" class=\"elementor elementor-7033\">\n\t\t\t\t<div class=\"elementor-element elementor-element-6c01aff e-con-full e-flex e-con e-parent\" data-id=\"6c01aff\" data-element_type=\"container\" data-settings=\"{&quot;background_background&quot;:&quot;classic&quot;}\">\n\t\t\t\t<div class=\"elementor-element elementor-element-501d59c elementor-widget elementor-widget-image\" data-id=\"501d59c\" data-element_type=\"widget\" data-widget_type=\"image.default\">\n\t\t\t\t<div class=\"elementor-widget-container\">\n\t\t\t\t\t\t\t\t\t\t\t\t\t\t\t<img fetchpriority=\"high\" decoding=\"async\" width=\"2659\" height=\"984\" src=\"https:\/\/dialogosocial.campusfsie.es\/inscripciones\/wp-content\/uploads\/2025\/01\/4.png\" class=\"attachment-full size-full wp-image-7548\" alt=\"\" srcset=\"https:\/\/dialogosocial.campusfsie.es\/inscripciones\/wp-content\/uploads\/2025\/01\/4.png 2659w, https:\/\/dialogosocial.campusfsie.es\/inscripciones\/wp-content\/uploads\/2025\/01\/4-300x111.png 300w, https:\/\/dialogosocial.campusfsie.es\/inscripciones\/wp-content\/uploads\/2025\/01\/4-1024x379.png 1024w, https:\/\/dialogosocial.campusfsie.es\/inscripciones\/wp-content\/uploads\/2025\/01\/4-768x284.png 768w, https:\/\/dialogosocial.campusfsie.es\/inscripciones\/wp-content\/uploads\/2025\/01\/4-1536x568.png 1536w, https:\/\/dialogosocial.campusfsie.es\/inscripciones\/wp-content\/uploads\/2025\/01\/4-2048x758.png 2048w\" sizes=\"(max-width: 2659px) 100vw, 2659px\" \/>\t\t\t\t\t\t\t\t\t\t\t\t\t\t\t<\/div>\n\t\t\t\t<\/div>\n\t\t\t\t<\/div>\n\t\t<div class=\"elementor-element elementor-element-726c2e5 e-flex e-con-boxed e-con e-parent\" data-id=\"726c2e5\" data-element_type=\"container\">\n\t\t\t\t\t<div class=\"e-con-inner\">\n\t\t\t\t<div class=\"elementor-element elementor-element-b348a6e elementor-widget elementor-widget-eael-creative-button\" data-id=\"b348a6e\" data-element_type=\"widget\" data-widget_type=\"eael-creative-button.default\">\n\t\t\t\t<div class=\"elementor-widget-container\">\n\t\t\t\t\t        <div class=\"eael-creative-button-wrapper\">\n\n            <a class=\"eael-creative-button eael-creative-button--rayen\" href=\"https:\/\/dialogosocial.campusfsie.es\/inscripciones\/andalucia\/?curso=ANDtecnicasdecomunicacioneficaz&#038;cursoLargo=T%C3%A9cnicas%20de%20comunicaci%C3%B3n%20eficaz\" data-text=\"Adelante!\">\n\n\t    \n                <div class=\"creative-button-inner\">\n\n                    \n                    <span class=\"cretive-button-text\">Quiero Inscribirme<\/span>\n\n                                    <\/div>\n\t                        <\/a>\n        <\/div>\n        \t\t\t\t<\/div>\n\t\t\t\t<\/div>\n\t\t\t\t<div class=\"elementor-element elementor-element-8a1d6b5 acordeonfsie elementor-widget elementor-widget-eael-adv-accordion\" data-id=\"8a1d6b5\" data-element_type=\"widget\" data-widget_type=\"eael-adv-accordion.default\">\n\t\t\t\t<div class=\"elementor-widget-container\">\n\t\t\t\t\t        <div class=\"eael-adv-accordion\" id=\"eael-adv-accordion-8a1d6b5\" data-scroll-on-click=\"no\" data-scroll-speed=\"300\" data-accordion-id=\"8a1d6b5\" data-accordion-type=\"toggle\" data-toogle-speed=\"300\">\n    <div class=\"eael-accordion-list\">\n                <div id=\"duracin\" class=\"elementor-tab-title eael-accordion-header active-default\" tabindex=\"0\" data-tab=\"1\" aria-controls=\"elementor-tab-content-1441\"><span class=\"eael-advanced-accordion-icon-closed\"><i aria-hidden=\"true\" class=\"fa-accordion-icon icon icon-stopwatch\"><\/i><\/span><span class=\"eael-advanced-accordion-icon-opened\"><i aria-hidden=\"true\" class=\"fa-accordion-icon icon icon-stopwatch\"><\/i><\/span><span class=\"eael-accordion-tab-title\">Duraci\u00f3n<\/span><i aria-hidden=\"true\" class=\"fa-toggle fas fa-angle-right\"><\/i><\/div><div id=\"elementor-tab-content-1441\" class=\"eael-accordion-content clearfix active-default\" data-tab=\"1\" aria-labelledby=\"duracin\"><p>10 horas<\/p><\/div>\n                <\/div><div class=\"eael-accordion-list\">\n                <div id=\"modalidad\" class=\"elementor-tab-title eael-accordion-header active-default\" tabindex=\"0\" data-tab=\"3\" aria-controls=\"elementor-tab-content-1443\"><span class=\"eael-advanced-accordion-icon-closed\"><i aria-hidden=\"true\" class=\"fa-accordion-icon icon icon-earth\"><\/i><\/span><span class=\"eael-advanced-accordion-icon-opened\"><i aria-hidden=\"true\" class=\"fa-accordion-icon icon icon-earth\"><\/i><\/span><span class=\"eael-accordion-tab-title\">Modalidad<\/span><i aria-hidden=\"true\" class=\"fa-toggle fas fa-angle-right\"><\/i><\/div><div id=\"elementor-tab-content-1443\" class=\"eael-accordion-content clearfix active-default\" data-tab=\"3\" aria-labelledby=\"modalidad\"><p>Presencial (Aula Virtual)<\/p><\/div>\n                <\/div><div class=\"eael-accordion-list\">\n                <div id=\"objetivos\" class=\"elementor-tab-title eael-accordion-header active-default\" tabindex=\"0\" data-tab=\"4\" aria-controls=\"elementor-tab-content-1444\"><span class=\"eael-advanced-accordion-icon-closed\"><i aria-hidden=\"true\" class=\"fa-accordion-icon fas fa-clipboard-list\"><\/i><\/span><span class=\"eael-advanced-accordion-icon-opened\"><i aria-hidden=\"true\" class=\"fa-accordion-icon fas fa-clipboard-list\"><\/i><\/span><span class=\"eael-accordion-tab-title\">Objetivos<\/span><i aria-hidden=\"true\" class=\"fa-toggle fas fa-angle-right\"><\/i><\/div><div id=\"elementor-tab-content-1444\" class=\"eael-accordion-content clearfix active-default\" data-tab=\"4\" aria-labelledby=\"objetivos\"><p>Tras el desarrollo de la acci\u00f3n formativa se pretende que las personas participantes:<\/p><ul><li>Desarrollen habilidades para expresarse de manera clara, precisa y persuasiva.<\/li><li>Comprendan la importancia de la comunicaci\u00f3n efectiva en diferentes contextos laborales y personales.<\/li><li>Identifiquen barreras comunes en la comunicaci\u00f3n y aprender estrategias para superarlas.<\/li><li>Mejoren la escucha activa como componente esencial de la comunicaci\u00f3n eficaz.<\/li><li>Adquieran t\u00e9cnicas para adaptar el mensaje seg\u00fan el p\u00fablico y el prop\u00f3sito de la comunicaci\u00f3n.<\/li><\/ul><\/div>\n                <\/div><div class=\"eael-accordion-list\">\n                <div id=\"contenidos\" class=\"elementor-tab-title eael-accordion-header active-default\" tabindex=\"0\" data-tab=\"5\" aria-controls=\"elementor-tab-content-1445\"><span class=\"eael-advanced-accordion-icon-closed\"><i aria-hidden=\"true\" class=\"fa-accordion-icon fas fa-boxes\"><\/i><\/span><span class=\"eael-advanced-accordion-icon-opened\"><i aria-hidden=\"true\" class=\"fa-accordion-icon fas fa-boxes\"><\/i><\/span><span class=\"eael-accordion-tab-title\">Contenidos<\/span><i aria-hidden=\"true\" class=\"fa-toggle fas fa-angle-right\"><\/i><\/div><div id=\"elementor-tab-content-1445\" class=\"eael-accordion-content clearfix active-default\" data-tab=\"5\" aria-labelledby=\"contenidos\"><ol><li>Introducci\u00f3n a la Comunicaci\u00f3n Eficaz:<ul><li>Definici\u00f3n y elementos clave.<\/li><li>Impacto de la comunicaci\u00f3n en las relaciones laborales y personales.<\/li><\/ul><\/li><li>Barreras de la Comunicaci\u00f3n:<ul><li>Identificaci\u00f3n de obst\u00e1culos comunes.<\/li><li>Estrategias para superar barreras en la comunicaci\u00f3n.<\/li><\/ul><\/li><li>Habilidades Verbales y No Verbales:<ul><li>Uso efectivo del lenguaje verbal.<\/li><li>Importancia de la expresi\u00f3n facial, gestos y postura corporal.<\/li><\/ul><\/li><li>Escucha Activa:<ul><li>T\u00e9cnicas para mejorar la escucha.<\/li><li>Preguntas abiertas y cerradas en la comunicaci\u00f3n.<\/li><\/ul><\/li><li>Adaptaci\u00f3n del Mensaje:<ul><li>Consideraci\u00f3n del p\u00fablico objetivo.<\/li><li>Adecuaci\u00f3n del mensaje al contexto y prop\u00f3sito.<\/li><\/ul><\/li><li>Comunicaci\u00f3n en Situaciones Dif\u00edciles:\u00a0<ul><li>Manejo de conflictos a trav\u00e9s de la comunicaci\u00f3n.<\/li><li>T\u00e9cnicas para transmitir mensajes dif\u00edciles de manera constructiva.<\/li><\/ul><\/li><li>Comunicaci\u00f3n Escrita Efectiva:<ul><li>Principios de redacci\u00f3n clara y concisa.<\/li><li>Uso de correos electr\u00f3nicos y documentos escritos de manera efectiva.<\/li><\/ul><\/li><li>T\u00e9cnicas de Persuasi\u00f3n:<ul><li>Estrategias para influir positivamente.<\/li><li>T\u00e9cnicas de argumentaci\u00f3n convincente.<\/li><\/ul><\/li><li>Comunicaci\u00f3n en Equipos y Grupos:<ul><li>Din\u00e1micas de comunicaci\u00f3n grupal.<\/li><li>Roles y responsabilidades en la comunicaci\u00f3n del equipo.<\/li><\/ul><\/li><li>Casos Pr\u00e1cticos y Simulaciones:<ul><li>Aplicaci\u00f3n de las t\u00e9cnicas aprendidas en situaciones simuladas.<\/li><li>An\u00e1lisis de casos reales de \u00e9xito en la comunicaci\u00f3n eficaz.<\/li><\/ul><\/li><li>Retroalimentaci\u00f3n y Mejora Continua:<ul><li>Recepci\u00f3n de feedback sobre habilidades de comunicaci\u00f3n.<\/li><li>Planificaci\u00f3n de acciones para mejorar la comunicaci\u00f3n personal.<\/li><\/ul><\/li><\/ol><\/div>\n                <\/div><\/div>\t\t\t\t<\/div>\n\t\t\t\t<\/div>\n\t\t\t\t\t<\/div>\n\t\t\t\t<\/div>\n\t\t\t\t<\/div>\n\t\t","protected":false},"excerpt":{"rendered":"<p>Quiero Inscribirme Duraci\u00f3n 10 horas Modalidad Presencial (Aula Virtual) Objetivos Tras el desarrollo de la acci\u00f3n formativa se pretende que las personas participantes: Desarrollen habilidades para expresarse de manera clara, precisa y persuasiva. Comprendan la importancia de la comunicaci\u00f3n efectiva en diferentes contextos laborales y personales. Identifiquen barreras comunes en la comunicaci\u00f3n y aprender estrategias &#8230; <a title=\"T\u00e9cnicas de Comunicaci\u00f3n eficaz\" class=\"read-more\" href=\"https:\/\/dialogosocial.campusfsie.es\/inscripciones\/tecnicas-de-comunicacion-eficaz\/\" aria-label=\"Leer m\u00e1s sobre T\u00e9cnicas de Comunicaci\u00f3n eficaz\">Leer m\u00e1s<\/a><\/p>\n","protected":false},"author":4,"featured_media":0,"parent":0,"menu_order":0,"comment_status":"closed","ping_status":"closed","template":"elementor_canvas","meta":{"footnotes":""},"class_list":["post-7033","page","type-page","status-publish"],"_links":{"self":[{"href":"https:\/\/dialogosocial.campusfsie.es\/inscripciones\/wp-json\/wp\/v2\/pages\/7033"}],"collection":[{"href":"https:\/\/dialogosocial.campusfsie.es\/inscripciones\/wp-json\/wp\/v2\/pages"}],"about":[{"href":"https:\/\/dialogosocial.campusfsie.es\/inscripciones\/wp-json\/wp\/v2\/types\/page"}],"author":[{"embeddable":true,"href":"https:\/\/dialogosocial.campusfsie.es\/inscripciones\/wp-json\/wp\/v2\/users\/4"}],"replies":[{"embeddable":true,"href":"https:\/\/dialogosocial.campusfsie.es\/inscripciones\/wp-json\/wp\/v2\/comments?post=7033"}],"version-history":[{"count":25,"href":"https:\/\/dialogosocial.campusfsie.es\/inscripciones\/wp-json\/wp\/v2\/pages\/7033\/revisions"}],"predecessor-version":[{"id":7782,"href":"https:\/\/dialogosocial.campusfsie.es\/inscripciones\/wp-json\/wp\/v2\/pages\/7033\/revisions\/7782"}],"wp:attachment":[{"href":"https:\/\/dialogosocial.campusfsie.es\/inscripciones\/wp-json\/wp\/v2\/media?parent=7033"}],"curies":[{"name":"wp","href":"https:\/\/api.w.org\/{rel}","templated":true}]}}