{"id":7005,"date":"2024-11-18T13:16:39","date_gmt":"2024-11-18T12:16:39","guid":{"rendered":"https:\/\/dialogosocial.campusfsie.es\/inscripciones\/?page_id=7005"},"modified":"2025-02-10T15:07:30","modified_gmt":"2025-02-10T14:07:30","slug":"regimen-salarial-en-la-negociacion-colectiva-and","status":"publish","type":"page","link":"https:\/\/dialogosocial.campusfsie.es\/inscripciones\/regimen-salarial-en-la-negociacion-colectiva-and\/","title":{"rendered":"R\u00e9gimen Salarial en la Negociaci\u00f3n Colectiva"},"content":{"rendered":"\t\t<div data-elementor-type=\"wp-page\" data-elementor-id=\"7005\" class=\"elementor elementor-7005\">\n\t\t\t\t<div class=\"elementor-element elementor-element-f691942 e-con-full e-flex e-con e-parent\" data-id=\"f691942\" data-element_type=\"container\" data-settings=\"{&quot;background_background&quot;:&quot;classic&quot;}\">\n\t\t\t\t<div class=\"elementor-element elementor-element-53a8ebf elementor-widget elementor-widget-image\" data-id=\"53a8ebf\" data-element_type=\"widget\" data-widget_type=\"image.default\">\n\t\t\t\t<div class=\"elementor-widget-container\">\n\t\t\t\t\t\t\t\t\t\t\t\t\t\t\t<img fetchpriority=\"high\" decoding=\"async\" width=\"2659\" height=\"984\" src=\"https:\/\/dialogosocial.campusfsie.es\/inscripciones\/wp-content\/uploads\/2025\/01\/1.png\" class=\"attachment-full size-full wp-image-7527\" alt=\"\" srcset=\"https:\/\/dialogosocial.campusfsie.es\/inscripciones\/wp-content\/uploads\/2025\/01\/1.png 2659w, https:\/\/dialogosocial.campusfsie.es\/inscripciones\/wp-content\/uploads\/2025\/01\/1-300x111.png 300w, https:\/\/dialogosocial.campusfsie.es\/inscripciones\/wp-content\/uploads\/2025\/01\/1-1024x379.png 1024w, https:\/\/dialogosocial.campusfsie.es\/inscripciones\/wp-content\/uploads\/2025\/01\/1-768x284.png 768w, https:\/\/dialogosocial.campusfsie.es\/inscripciones\/wp-content\/uploads\/2025\/01\/1-1536x568.png 1536w, https:\/\/dialogosocial.campusfsie.es\/inscripciones\/wp-content\/uploads\/2025\/01\/1-2048x758.png 2048w\" sizes=\"(max-width: 2659px) 100vw, 2659px\" \/>\t\t\t\t\t\t\t\t\t\t\t\t\t\t\t<\/div>\n\t\t\t\t<\/div>\n\t\t\t\t<\/div>\n\t\t<div class=\"elementor-element elementor-element-726c2e5 e-con-full e-flex e-con e-parent\" data-id=\"726c2e5\" data-element_type=\"container\">\n\t\t\t\t<div class=\"elementor-element elementor-element-2299aff elementor-widget elementor-widget-eael-creative-button\" data-id=\"2299aff\" data-element_type=\"widget\" data-widget_type=\"eael-creative-button.default\">\n\t\t\t\t<div class=\"elementor-widget-container\">\n\t\t\t\t\t        <div class=\"eael-creative-button-wrapper\">\n\n            <a class=\"eael-creative-button eael-creative-button--rayen\" href=\"https:\/\/dialogosocial.campusfsie.es\/inscripciones\/andalucia\/?curso=ANDregimensalarial&#038;cursoLargo=R%C3%A9gimen%20salarial%20en%20la%20negociaci%C3%B3n%20colectiva\" data-text=\"Adelante!\">\n\n\t    \n                <div class=\"creative-button-inner\">\n\n                    \n                    <span class=\"cretive-button-text\">Quiero Inscribirme<\/span>\n\n                                    <\/div>\n\t                        <\/a>\n        <\/div>\n        \t\t\t\t<\/div>\n\t\t\t\t<\/div>\n\t\t\t\t<div class=\"elementor-element elementor-element-8a1d6b5 acordeonfsie elementor-widget elementor-widget-eael-adv-accordion\" data-id=\"8a1d6b5\" data-element_type=\"widget\" data-widget_type=\"eael-adv-accordion.default\">\n\t\t\t\t<div class=\"elementor-widget-container\">\n\t\t\t\t\t        <div class=\"eael-adv-accordion\" id=\"eael-adv-accordion-8a1d6b5\" data-scroll-on-click=\"no\" data-scroll-speed=\"300\" data-accordion-id=\"8a1d6b5\" data-accordion-type=\"toggle\" data-toogle-speed=\"300\">\n    <div class=\"eael-accordion-list\">\n                <div id=\"duracin\" class=\"elementor-tab-title eael-accordion-header active-default\" tabindex=\"0\" data-tab=\"1\" aria-controls=\"elementor-tab-content-1441\"><span class=\"eael-advanced-accordion-icon-closed\"><i aria-hidden=\"true\" class=\"fa-accordion-icon icon icon-stopwatch\"><\/i><\/span><span class=\"eael-advanced-accordion-icon-opened\"><i aria-hidden=\"true\" class=\"fa-accordion-icon icon icon-stopwatch\"><\/i><\/span><span class=\"eael-accordion-tab-title\">Duraci\u00f3n<\/span><i aria-hidden=\"true\" class=\"fa-toggle fas fa-angle-right\"><\/i><\/div><div id=\"elementor-tab-content-1441\" class=\"eael-accordion-content clearfix active-default\" data-tab=\"1\" aria-labelledby=\"duracin\"><p>60 horas<\/p><\/div>\n                <\/div><div class=\"eael-accordion-list\">\n                <div id=\"modalidad\" class=\"elementor-tab-title eael-accordion-header active-default\" tabindex=\"0\" data-tab=\"3\" aria-controls=\"elementor-tab-content-1443\"><span class=\"eael-advanced-accordion-icon-closed\"><i aria-hidden=\"true\" class=\"fa-accordion-icon icon icon-earth\"><\/i><\/span><span class=\"eael-advanced-accordion-icon-opened\"><i aria-hidden=\"true\" class=\"fa-accordion-icon icon icon-earth\"><\/i><\/span><span class=\"eael-accordion-tab-title\">Modalidad<\/span><i aria-hidden=\"true\" class=\"fa-toggle fas fa-angle-right\"><\/i><\/div><div id=\"elementor-tab-content-1443\" class=\"eael-accordion-content clearfix active-default\" data-tab=\"3\" aria-labelledby=\"modalidad\"><p>Teleformaci\u00f3n<\/p><\/div>\n                <\/div><div class=\"eael-accordion-list\">\n                <div id=\"objetivos\" class=\"elementor-tab-title eael-accordion-header active-default\" tabindex=\"0\" data-tab=\"4\" aria-controls=\"elementor-tab-content-1444\"><span class=\"eael-advanced-accordion-icon-closed\"><i aria-hidden=\"true\" class=\"fa-accordion-icon fas fa-clipboard-list\"><\/i><\/span><span class=\"eael-advanced-accordion-icon-opened\"><i aria-hidden=\"true\" class=\"fa-accordion-icon fas fa-clipboard-list\"><\/i><\/span><span class=\"eael-accordion-tab-title\">Objetivos<\/span><i aria-hidden=\"true\" class=\"fa-toggle fas fa-angle-right\"><\/i><\/div><div id=\"elementor-tab-content-1444\" class=\"eael-accordion-content clearfix active-default\" data-tab=\"4\" aria-labelledby=\"objetivos\"><p>Tras el desarrollo de la actividad formativa se pretende:<\/p><ul><li>Comprender los fundamentos del r\u00e9gimen salarial y su relevancia en la negociaci\u00f3n colectiva.<\/li><li>Conocer en detalle las variables que influyen en la estructuraci\u00f3n de los salarios.<\/li><li>Analizar los diferentes sistemas de remuneraci\u00f3n y su aplicaci\u00f3n en distintos contextos laborales.<\/li><li>Entender el marco legal que regula el r\u00e9gimen salarial y su relaci\u00f3n con la negociaci\u00f3n colectiva.<\/li><li>Desarrollar habilidades para negociar y acordar condiciones salariales justas y equitativas.<\/li><li>Identificar estrategias para la gesti\u00f3n de conflictos relacionados con el r\u00e9gimen salarial.<\/li><li>Aplicar metodolog\u00edas de an\u00e1lisis y comparaci\u00f3n salarial para respaldar propuestas en la negociaci\u00f3n colectiva.<\/li><li>Fomentar la transparencia y la comunicaci\u00f3n efectiva en las discusiones sobre salarios.<\/li><\/ul><\/div>\n                <\/div><div class=\"eael-accordion-list\">\n                <div id=\"contenidos\" class=\"elementor-tab-title eael-accordion-header active-default\" tabindex=\"0\" data-tab=\"5\" aria-controls=\"elementor-tab-content-1445\"><span class=\"eael-advanced-accordion-icon-closed\"><i aria-hidden=\"true\" class=\"fa-accordion-icon fas fa-boxes\"><\/i><\/span><span class=\"eael-advanced-accordion-icon-opened\"><i aria-hidden=\"true\" class=\"fa-accordion-icon fas fa-boxes\"><\/i><\/span><span class=\"eael-accordion-tab-title\">Contenidos<\/span><i aria-hidden=\"true\" class=\"fa-toggle fas fa-angle-right\"><\/i><\/div><div id=\"elementor-tab-content-1445\" class=\"eael-accordion-content clearfix active-default\" data-tab=\"5\" aria-labelledby=\"contenidos\"><p>M\u00f3dulo 1: Introducci\u00f3n al R\u00e9gimen Salarial y su Importancia en la Negociaci\u00f3n Colectiva.<\/p><ul><li>Definici\u00f3n y conceptos clave.<\/li><li>Rol del r\u00e9gimen salarial en la motivaci\u00f3n y retenci\u00f3n del talento.<\/li><li>V\u00ednculo entre el r\u00e9gimen salarial y la competitividad de la empresa.<\/li><\/ul><p>M\u00f3dulo 2: Componentes del R\u00e9gimen Salarial.<\/p><ul><li>Salario base y complementos.<\/li><li>Beneficios sociales y extrasalariales.<\/li><li>Incentivos y bonificaciones.<\/li><\/ul><p>M\u00f3dulo 3: Legislaci\u00f3n Laboral y Normativas Relativas al R\u00e9gimen Salarial.<\/p><ul><li>Marco legal y regulaciones vigentes.<\/li><li>Convenios colectivos y su impacto en la negociaci\u00f3n salarial.<\/li><li>Derechos y obligaciones de las partes involucradas.<\/li><\/ul><p>M\u00f3dulo4:SistemasdeRemuneraci\u00f3n.<\/p><ul><li>Sistemas salariales tradicionales.<\/li><li>Modelos de participaci\u00f3n y beneficios.<\/li><li>Evaluaci\u00f3n del desempe\u00f1o y su influencia en el r\u00e9gimen salarial.<\/li><\/ul><p>M\u00f3dulo 5: Estrategias de Negociaci\u00f3n Colectiva.<\/p><ul><li>Principios de la negociaci\u00f3n salarial.<\/li><li>T\u00e9cnicas de persuasi\u00f3n y argumentaci\u00f3n.<\/li><li>Resoluci\u00f3n de conflictos durante la negociaci\u00f3n.<\/li><\/ul><p>M\u00f3dulo 6: An\u00e1lisis y Comparaci\u00f3n Salarial.<\/p><ul><li>M\u00e9todos para la evaluaci\u00f3n de la competitividad salarial.<\/li><li>Estudios de mercado y benchmarking salarial.<\/li><li>Consideraciones \u00e9ticas en el an\u00e1lisis salaria.<\/li><\/ul><p>M\u00f3dulo7:Casos Pr\u00e1cticos y Simulaciones de Negociaci\u00f3n.<\/p><ul><li>Aplicaci\u00f3n de los conceptos aprendidos en escenarios simulados.<\/li><li>An\u00e1lisis de casos reales de negociaci\u00f3n colectiva.<\/li><\/ul><p>M\u00f3dulo 8: Comunicaci\u00f3n y Transparencia en la Gesti\u00f3n Salarial.<\/p><ul><li>Importancia de la comunicaci\u00f3n efectiva en temas salariales.<\/li><li>Transparencia en la divulgaci\u00f3n de informaci\u00f3n salarial.<\/li><li>Estrategias para la gesti\u00f3n de expectativas.<\/li><\/ul><\/div>\n                <\/div><\/div>\t\t\t\t<\/div>\n\t\t\t\t<\/div>\n\t\t\t\t<\/div>\n\t\t\t\t<\/div>\n\t\t","protected":false},"excerpt":{"rendered":"<p>Quiero Inscribirme Duraci\u00f3n 60 horas Modalidad Teleformaci\u00f3n Objetivos Tras el desarrollo de la actividad formativa se pretende: Comprender los fundamentos del r\u00e9gimen salarial y su relevancia en la negociaci\u00f3n colectiva. Conocer en detalle las variables que influyen en la estructuraci\u00f3n de los salarios. Analizar los diferentes sistemas de remuneraci\u00f3n y su aplicaci\u00f3n en distintos contextos &#8230; <a title=\"R\u00e9gimen Salarial en la Negociaci\u00f3n Colectiva\" class=\"read-more\" href=\"https:\/\/dialogosocial.campusfsie.es\/inscripciones\/regimen-salarial-en-la-negociacion-colectiva-and\/\" aria-label=\"Leer m\u00e1s sobre R\u00e9gimen Salarial en la Negociaci\u00f3n Colectiva\">Leer m\u00e1s<\/a><\/p>\n","protected":false},"author":4,"featured_media":0,"parent":0,"menu_order":0,"comment_status":"closed","ping_status":"closed","template":"elementor_canvas","meta":{"footnotes":""},"class_list":["post-7005","page","type-page","status-publish"],"_links":{"self":[{"href":"https:\/\/dialogosocial.campusfsie.es\/inscripciones\/wp-json\/wp\/v2\/pages\/7005"}],"collection":[{"href":"https:\/\/dialogosocial.campusfsie.es\/inscripciones\/wp-json\/wp\/v2\/pages"}],"about":[{"href":"https:\/\/dialogosocial.campusfsie.es\/inscripciones\/wp-json\/wp\/v2\/types\/page"}],"author":[{"embeddable":true,"href":"https:\/\/dialogosocial.campusfsie.es\/inscripciones\/wp-json\/wp\/v2\/users\/4"}],"replies":[{"embeddable":true,"href":"https:\/\/dialogosocial.campusfsie.es\/inscripciones\/wp-json\/wp\/v2\/comments?post=7005"}],"version-history":[{"count":25,"href":"https:\/\/dialogosocial.campusfsie.es\/inscripciones\/wp-json\/wp\/v2\/pages\/7005\/revisions"}],"predecessor-version":[{"id":7830,"href":"https:\/\/dialogosocial.campusfsie.es\/inscripciones\/wp-json\/wp\/v2\/pages\/7005\/revisions\/7830"}],"wp:attachment":[{"href":"https:\/\/dialogosocial.campusfsie.es\/inscripciones\/wp-json\/wp\/v2\/media?parent=7005"}],"curies":[{"name":"wp","href":"https:\/\/api.w.org\/{rel}","templated":true}]}}