{"id":6996,"date":"2024-11-18T12:38:47","date_gmt":"2024-11-18T11:38:47","guid":{"rendered":"https:\/\/dialogosocial.campusfsie.es\/inscripciones\/?page_id=6996"},"modified":"2025-02-10T16:00:59","modified_gmt":"2025-02-10T15:00:59","slug":"planes-de-igualdad-en-la-empresa-and","status":"publish","type":"page","link":"https:\/\/dialogosocial.campusfsie.es\/inscripciones\/planes-de-igualdad-en-la-empresa-and\/","title":{"rendered":"Planes de Igualdad en la Empresa"},"content":{"rendered":"\t\t<div data-elementor-type=\"wp-page\" data-elementor-id=\"6996\" class=\"elementor elementor-6996\">\n\t\t\t\t<div class=\"elementor-element elementor-element-bae0c91 e-con-full e-flex e-con e-parent\" data-id=\"bae0c91\" data-element_type=\"container\" data-settings=\"{&quot;background_background&quot;:&quot;classic&quot;}\">\n\t\t\t\t<div class=\"elementor-element elementor-element-f613058 elementor-widget__width-inherit elementor-widget elementor-widget-image\" data-id=\"f613058\" data-element_type=\"widget\" data-widget_type=\"image.default\">\n\t\t\t\t<div class=\"elementor-widget-container\">\n\t\t\t\t\t\t\t\t\t\t\t\t\t\t\t<img fetchpriority=\"high\" decoding=\"async\" width=\"2659\" height=\"984\" src=\"https:\/\/dialogosocial.campusfsie.es\/inscripciones\/wp-content\/uploads\/2025\/01\/3.png\" class=\"attachment-full size-full wp-image-7544\" alt=\"\" srcset=\"https:\/\/dialogosocial.campusfsie.es\/inscripciones\/wp-content\/uploads\/2025\/01\/3.png 2659w, https:\/\/dialogosocial.campusfsie.es\/inscripciones\/wp-content\/uploads\/2025\/01\/3-300x111.png 300w, https:\/\/dialogosocial.campusfsie.es\/inscripciones\/wp-content\/uploads\/2025\/01\/3-1024x379.png 1024w, https:\/\/dialogosocial.campusfsie.es\/inscripciones\/wp-content\/uploads\/2025\/01\/3-768x284.png 768w, https:\/\/dialogosocial.campusfsie.es\/inscripciones\/wp-content\/uploads\/2025\/01\/3-1536x568.png 1536w, https:\/\/dialogosocial.campusfsie.es\/inscripciones\/wp-content\/uploads\/2025\/01\/3-2048x758.png 2048w\" sizes=\"(max-width: 2659px) 100vw, 2659px\" \/>\t\t\t\t\t\t\t\t\t\t\t\t\t\t\t<\/div>\n\t\t\t\t<\/div>\n\t\t\t\t<\/div>\n\t\t<div class=\"elementor-element elementor-element-726c2e5 acordeonfsie e-flex e-con-boxed e-con e-parent\" data-id=\"726c2e5\" data-element_type=\"container\">\n\t\t\t\t\t<div class=\"e-con-inner\">\n\t\t\t\t<div class=\"elementor-element elementor-element-9394355 elementor-widget elementor-widget-eael-creative-button\" data-id=\"9394355\" data-element_type=\"widget\" data-widget_type=\"eael-creative-button.default\">\n\t\t\t\t<div class=\"elementor-widget-container\">\n\t\t\t\t\t        <div class=\"eael-creative-button-wrapper\">\n\n            <a class=\"eael-creative-button eael-creative-button--rayen\" href=\"https:\/\/dialogosocial.campusfsie.es\/inscripciones\/andalucia\/?curso=ANDplanesdeigualdad&#038;cursoLargo=Planes%20de%20igualdad%20en%20la%20empresa\" data-text=\"Adelante!\">\n\n\t    \n                <div class=\"creative-button-inner\">\n\n                    \n                    <span class=\"cretive-button-text\">Quiero Inscribirme<\/span>\n\n                                    <\/div>\n\t                        <\/a>\n        <\/div>\n        \t\t\t\t<\/div>\n\t\t\t\t<\/div>\n\t\t\t\t<div class=\"elementor-element elementor-element-8a1d6b5 elementor-widget elementor-widget-eael-adv-accordion\" data-id=\"8a1d6b5\" data-element_type=\"widget\" data-widget_type=\"eael-adv-accordion.default\">\n\t\t\t\t<div class=\"elementor-widget-container\">\n\t\t\t\t\t        <div class=\"eael-adv-accordion\" id=\"eael-adv-accordion-8a1d6b5\" data-scroll-on-click=\"no\" data-scroll-speed=\"300\" data-accordion-id=\"8a1d6b5\" data-accordion-type=\"toggle\" data-toogle-speed=\"300\">\n    <div class=\"eael-accordion-list\">\n                <div id=\"duracin\" class=\"elementor-tab-title eael-accordion-header active-default\" tabindex=\"0\" data-tab=\"1\" aria-controls=\"elementor-tab-content-1441\"><span class=\"eael-advanced-accordion-icon-closed\"><i aria-hidden=\"true\" class=\"fa-accordion-icon icon icon-stopwatch\"><\/i><\/span><span class=\"eael-advanced-accordion-icon-opened\"><i aria-hidden=\"true\" class=\"fa-accordion-icon icon icon-stopwatch\"><\/i><\/span><span class=\"eael-accordion-tab-title\">Duraci\u00f3n<\/span><i aria-hidden=\"true\" class=\"fa-toggle fas fa-angle-right\"><\/i><\/div><div id=\"elementor-tab-content-1441\" class=\"eael-accordion-content clearfix active-default\" data-tab=\"1\" aria-labelledby=\"duracin\"><p>60 horas<\/p><\/div>\n                <\/div><div class=\"eael-accordion-list\">\n                <div id=\"modalidad\" class=\"elementor-tab-title eael-accordion-header active-default\" tabindex=\"0\" data-tab=\"3\" aria-controls=\"elementor-tab-content-1443\"><span class=\"eael-advanced-accordion-icon-closed\"><i aria-hidden=\"true\" class=\"fa-accordion-icon icon icon-earth\"><\/i><\/span><span class=\"eael-advanced-accordion-icon-opened\"><i aria-hidden=\"true\" class=\"fa-accordion-icon icon icon-earth\"><\/i><\/span><span class=\"eael-accordion-tab-title\">Modalidad<\/span><i aria-hidden=\"true\" class=\"fa-toggle fas fa-angle-right\"><\/i><\/div><div id=\"elementor-tab-content-1443\" class=\"eael-accordion-content clearfix active-default\" data-tab=\"3\" aria-labelledby=\"modalidad\"><p>Teleformaci\u00f3n<\/p><\/div>\n                <\/div><div class=\"eael-accordion-list\">\n                <div id=\"objetivos\" class=\"elementor-tab-title eael-accordion-header active-default\" tabindex=\"0\" data-tab=\"4\" aria-controls=\"elementor-tab-content-1444\"><span class=\"eael-advanced-accordion-icon-closed\"><i aria-hidden=\"true\" class=\"fa-accordion-icon fas fa-clipboard-list\"><\/i><\/span><span class=\"eael-advanced-accordion-icon-opened\"><i aria-hidden=\"true\" class=\"fa-accordion-icon fas fa-clipboard-list\"><\/i><\/span><span class=\"eael-accordion-tab-title\">Objetivos<\/span><i aria-hidden=\"true\" class=\"fa-toggle fas fa-angle-right\"><\/i><\/div><div id=\"elementor-tab-content-1444\" class=\"eael-accordion-content clearfix active-default\" data-tab=\"4\" aria-labelledby=\"objetivos\"><p>Tras el desarrollo de la actividad formativa se pretende que el alumnado:<\/p><ul><li>Comprenda la importancia de la igualdad de g\u00e9nero en el \u00e1mbito laboral y su impacto en la empresa.<\/li><li>Conozca la normativa legal relacionada con los Planes de Igualdad en Espa\u00f1a y en el contexto internacional.<\/li><li>Desarrolle habilidades para analizar la situaci\u00f3n de igualdad en la empresa y dise\u00f1ar planes de acci\u00f3n efectivos.<\/li><li>Promueva la participaci\u00f3n activa de los empleados en la implementaci\u00f3n y seguimiento de los Planes de Igualdad.<\/li><li>Fomente una cultura organizacional inclusiva y respetuosa con la diversidad.<\/li><\/ul><\/div>\n                <\/div><div class=\"eael-accordion-list\">\n                <div id=\"contenidos\" class=\"elementor-tab-title eael-accordion-header active-default\" tabindex=\"0\" data-tab=\"5\" aria-controls=\"elementor-tab-content-1445\"><span class=\"eael-advanced-accordion-icon-closed\"><i aria-hidden=\"true\" class=\"fa-accordion-icon fas fa-boxes\"><\/i><\/span><span class=\"eael-advanced-accordion-icon-opened\"><i aria-hidden=\"true\" class=\"fa-accordion-icon fas fa-boxes\"><\/i><\/span><span class=\"eael-accordion-tab-title\">Contenidos<\/span><i aria-hidden=\"true\" class=\"fa-toggle fas fa-angle-right\"><\/i><\/div><div id=\"elementor-tab-content-1445\" class=\"eael-accordion-content clearfix active-default\" data-tab=\"5\" aria-labelledby=\"contenidos\"><ol><li><span class=\"TextRun SCXW122698136 BCX0\" lang=\"ES-ES\" xml:lang=\"ES-ES\" data-contrast=\"auto\"><span class=\"NormalTextRun SCXW122698136 BCX0\">Introducci\u00f3n<\/span> <span class=\"NormalTextRun SCXW122698136 BCX0\">a<\/span> <span class=\"NormalTextRun SCXW122698136 BCX0\">la<\/span> <span class=\"NormalTextRun SCXW122698136 BCX0\">Igualdad<\/span> <span class=\"NormalTextRun SCXW122698136 BCX0\">de<\/span> <span class=\"NormalTextRun SCXW122698136 BCX0\">G\u00e9nero<\/span> <span class=\"NormalTextRun SCXW122698136 BCX0\">en<\/span> <span class=\"NormalTextRun SCXW122698136 BCX0\">el<\/span> <span class=\"NormalTextRun SCXW122698136 BCX0\">\u00c1mbito<\/span> <span class=\"NormalTextRun SCXW122698136 BCX0\">Laboral:<\/span><\/span><ul><li>Conceptos fundamentales y su relevancia.<\/li><li>Beneficios de la igualdad de g\u00e9nero para la empresa.<\/li><\/ul><\/li><li><span class=\"TextRun SCXW48327890 BCX0\" lang=\"ES-ES\" xml:lang=\"ES-ES\" data-contrast=\"auto\"><span class=\"NormalTextRun SCXW48327890 BCX0\">Marco<\/span> <span class=\"NormalTextRun SCXW48327890 BCX0\">Legal<\/span> <span class=\"NormalTextRun SCXW48327890 BCX0\">de<\/span> <span class=\"NormalTextRun SCXW48327890 BCX0\">los<\/span> <span class=\"NormalTextRun SCXW48327890 BCX0\">Planes<\/span> <span class=\"NormalTextRun SCXW48327890 BCX0\">de<\/span> <span class=\"NormalTextRun SCXW48327890 BCX0\">Igualdad:\u00a0<\/span><\/span><ul><li>Legislaci\u00f3n nacional e internacional.<\/li><\/ul><\/li><li><span class=\"NormalTextRun SCXW179740494 BCX0\">Diagn\u00f3stico<\/span> <span class=\"NormalTextRun SCXW179740494 BCX0\">de<\/span> <span class=\"NormalTextRun SCXW179740494 BCX0\">Igualdad<\/span> <span class=\"NormalTextRun SCXW179740494 BCX0\">en<\/span> <span class=\"NormalTextRun SCXW179740494 BCX0\">la<\/span> <span class=\"NormalTextRun SCXW179740494 BCX0\">Empresa:<\/span><ul><li>Herramientas para evaluar la situaci\u00f3n de igualdad.<\/li><li>Identificaci\u00f3n de brechas y \u00e1reas de mejora.<\/li><\/ul><\/li><li><span class=\"NormalTextRun SCXW62560758 BCX0\">Dise\u00f1o<\/span> <span class=\"NormalTextRun SCXW62560758 BCX0\">y<\/span> <span class=\"NormalTextRun SCXW62560758 BCX0\">Desarrollo<\/span> <span class=\"NormalTextRun SCXW62560758 BCX0\">de<\/span> <span class=\"NormalTextRun SCXW62560758 BCX0\">Planes<\/span> <span class=\"NormalTextRun SCXW62560758 BCX0\">de<\/span> <span class=\"NormalTextRun SCXW62560758 BCX0\">Igualdad:<\/span><ul><li>Medidas concretas para promover la igualdad.<\/li><li>Integraci\u00f3n de la perspectiva de g\u00e9nero en pol\u00edticas y pr\u00e1cticas laborales.<\/li><\/ul><\/li><li><span class=\"NormalTextRun SCXW233017762 BCX0\">Participaci\u00f3n<\/span> <span class=\"NormalTextRun SCXW233017762 BCX0\">y<\/span> <span class=\"NormalTextRun SCXW233017762 BCX0\">Comunicaci\u00f3n<\/span> <span class=\"NormalTextRun SCXW233017762 BCX0\">en<\/span> <span class=\"NormalTextRun SCXW233017762 BCX0\">la<\/span> <span class=\"NormalTextRun SCXW233017762 BCX0\">Implementaci\u00f3n<\/span> <span class=\"NormalTextRun SCXW233017762 BCX0\">de<\/span> <span class=\"NormalTextRun SCXW233017762 BCX0\">Planes<\/span> <span class=\"NormalTextRun SCXW233017762 BCX0\">de Igualdad:\u00a0<\/span><ul><li>Estrategias para involucrar a empleados y directivos.<\/li><li>Comunicaci\u00f3n efectiva sobre las iniciativas de igualdad.<\/li><\/ul><\/li><li><span class=\"NormalTextRun SCXW203161096 BCX0\">Medici\u00f3n<\/span> <span class=\"NormalTextRun SCXW203161096 BCX0\">y<\/span> <span class=\"NormalTextRun SCXW203161096 BCX0\">Evaluaci\u00f3n<\/span> <span class=\"NormalTextRun SCXW203161096 BCX0\">de<\/span> <span class=\"NormalTextRun SCXW203161096 BCX0\">Resultados:<\/span><ul><li>Indicadores clave de desempe\u00f1o para medir el progreso.<\/li><li>Evaluaci\u00f3n de la efectividad de las medidas implementadas.<\/li><\/ul><\/li><li><span class=\"NormalTextRun SCXW52835207 BCX0\">Gesti\u00f3n<\/span> <span class=\"NormalTextRun SCXW52835207 BCX0\">del<\/span> <span class=\"NormalTextRun SCXW52835207 BCX0\">Cambio<\/span> <span class=\"NormalTextRun SCXW52835207 BCX0\">hacia<\/span> <span class=\"NormalTextRun SCXW52835207 BCX0\">una<\/span> <span class=\"NormalTextRun SCXW52835207 BCX0\">Cultura<\/span> <span class=\"NormalTextRun SCXW52835207 BCX0\">de<\/span> <span class=\"NormalTextRun SCXW52835207 BCX0\">Igualdad:<\/span><ul><li>Superaci\u00f3n de resistencias.<\/li><li>Formaci\u00f3n y sensibilizaci\u00f3n.<\/li><\/ul><\/li><li><span class=\"TextRun SCXW196873701 BCX0\" lang=\"ES-ES\" xml:lang=\"ES-ES\" data-contrast=\"auto\"><span class=\"NormalTextRun SCXW196873701 BCX0\">Inclusi\u00f3n de la Perspectiva de G\u00e9nero en la Toma de Decisiones:<\/span><\/span><ul><li>Implicaciones \u00e9ticas de la toma de decisiones basada en la igualdad.<\/li><\/ul><\/li><li><span class=\"NormalTextRun SCXW95535030 BCX0\">Buenas<\/span> <span class=\"NormalTextRun SCXW95535030 BCX0\">Pr\u00e1cticas<\/span> <span class=\"NormalTextRun SCXW95535030 BCX0\">en<\/span> <span class=\"NormalTextRun SCXW95535030 BCX0\">Igualdad<\/span> <span class=\"NormalTextRun SCXW95535030 BCX0\">de<\/span> <span class=\"NormalTextRun SCXW95535030 BCX0\">G\u00e9nero:<\/span><ul><li>Adaptaci\u00f3n de experiencias positivas a contextos empresariales espec\u00edficos.<\/li><\/ul><\/li><li><span class=\"NormalTextRun SCXW86479657 BCX0\">Auditor\u00eda<\/span> <span class=\"NormalTextRun SCXW86479657 BCX0\">y<\/span> <span class=\"NormalTextRun SCXW86479657 BCX0\">Certificaci\u00f3n<\/span> <span class=\"NormalTextRun SCXW86479657 BCX0\">de<\/span> <span class=\"NormalTextRun SCXW86479657 BCX0\">Planes<\/span> <span class=\"NormalTextRun SCXW86479657 BCX0\">de<\/span> <span class=\"NormalTextRun SCXW86479657 BCX0\">Igualdad:<\/span><ul><li>Procedimientos y requisitos para obtener la certificaci\u00f3n.<\/li><li>Importancia de la auditor\u00eda en la mejora continua.<\/li><\/ul><\/li><li><span class=\"NormalTextRun SCXW114176785 BCX0\">Casos<\/span> <span class=\"NormalTextRun SCXW114176785 BCX0\">Pr\u00e1cticos<\/span> <span class=\"NormalTextRun SCXW114176785 BCX0\">y<\/span> <span class=\"NormalTextRun SCXW114176785 BCX0\">Simulaciones:<\/span><ul><li>Aplicaci\u00f3n de conocimientos a situaciones laborales simuladas.<\/li><li>An\u00e1lisis de casos reales de implementaci\u00f3n de Planes de Igualdad.<\/li><\/ul><\/li><li>\u00c9tica y Compromiso Social:<ul><li>Valores \u00e9ticos en la promoci\u00f3n de la igualdad.<\/li><li>Responsabilidad social empresarial.<\/li><\/ul><\/li><\/ol><\/div>\n                <\/div><\/div>\t\t\t\t<\/div>\n\t\t\t\t<\/div>\n\t\t\t\t\t<\/div>\n\t\t\t\t<\/div>\n\t\t\t\t<\/div>\n\t\t","protected":false},"excerpt":{"rendered":"<p>Quiero Inscribirme Duraci\u00f3n 60 horas Modalidad Teleformaci\u00f3n Objetivos Tras el desarrollo de la actividad formativa se pretende que el alumnado: Comprenda la importancia de la igualdad de g\u00e9nero en el \u00e1mbito laboral y su impacto en la empresa. Conozca la normativa legal relacionada con los Planes de Igualdad en Espa\u00f1a y en el contexto internacional. &#8230; <a title=\"Planes de Igualdad en la Empresa\" class=\"read-more\" href=\"https:\/\/dialogosocial.campusfsie.es\/inscripciones\/planes-de-igualdad-en-la-empresa-and\/\" aria-label=\"Leer m\u00e1s sobre Planes de Igualdad en la Empresa\">Leer m\u00e1s<\/a><\/p>\n","protected":false},"author":4,"featured_media":0,"parent":0,"menu_order":0,"comment_status":"closed","ping_status":"closed","template":"elementor_canvas","meta":{"footnotes":""},"class_list":["post-6996","page","type-page","status-publish"],"_links":{"self":[{"href":"https:\/\/dialogosocial.campusfsie.es\/inscripciones\/wp-json\/wp\/v2\/pages\/6996"}],"collection":[{"href":"https:\/\/dialogosocial.campusfsie.es\/inscripciones\/wp-json\/wp\/v2\/pages"}],"about":[{"href":"https:\/\/dialogosocial.campusfsie.es\/inscripciones\/wp-json\/wp\/v2\/types\/page"}],"author":[{"embeddable":true,"href":"https:\/\/dialogosocial.campusfsie.es\/inscripciones\/wp-json\/wp\/v2\/users\/4"}],"replies":[{"embeddable":true,"href":"https:\/\/dialogosocial.campusfsie.es\/inscripciones\/wp-json\/wp\/v2\/comments?post=6996"}],"version-history":[{"count":28,"href":"https:\/\/dialogosocial.campusfsie.es\/inscripciones\/wp-json\/wp\/v2\/pages\/6996\/revisions"}],"predecessor-version":[{"id":7856,"href":"https:\/\/dialogosocial.campusfsie.es\/inscripciones\/wp-json\/wp\/v2\/pages\/6996\/revisions\/7856"}],"wp:attachment":[{"href":"https:\/\/dialogosocial.campusfsie.es\/inscripciones\/wp-json\/wp\/v2\/media?parent=6996"}],"curies":[{"name":"wp","href":"https:\/\/api.w.org\/{rel}","templated":true}]}}