{"id":6843,"date":"2024-11-08T14:39:10","date_gmt":"2024-11-08T13:39:10","guid":{"rendered":"https:\/\/dialogosocial.campusfsie.es\/inscripciones\/?page_id=6843"},"modified":"2025-02-10T15:14:23","modified_gmt":"2025-02-10T14:14:23","slug":"formacion-en-negociacion-colectiva-con-perspectiva-de-genero","status":"publish","type":"page","link":"https:\/\/dialogosocial.campusfsie.es\/inscripciones\/formacion-en-negociacion-colectiva-con-perspectiva-de-genero\/","title":{"rendered":"FORMACI\u00d3N EN NEGOCIACI\u00d3N COLECTIVA CON PERSPECTIVA DE G\u00c9NERO"},"content":{"rendered":"\t\t<div data-elementor-type=\"wp-page\" data-elementor-id=\"6843\" class=\"elementor elementor-6843\">\n\t\t\t\t<div class=\"elementor-element elementor-element-6c01aff e-con-full e-flex e-con e-parent\" data-id=\"6c01aff\" data-element_type=\"container\" data-settings=\"{&quot;background_background&quot;:&quot;classic&quot;}\">\n\t\t\t\t<div class=\"elementor-element elementor-element-501d59c elementor-widget elementor-widget-image\" data-id=\"501d59c\" data-element_type=\"widget\" data-widget_type=\"image.default\">\n\t\t\t\t<div class=\"elementor-widget-container\">\n\t\t\t\t\t\t\t\t\t\t\t\t\t\t\t<img fetchpriority=\"high\" decoding=\"async\" width=\"2659\" height=\"984\" src=\"https:\/\/dialogosocial.campusfsie.es\/inscripciones\/wp-content\/uploads\/2025\/01\/9.png\" class=\"attachment-full size-full wp-image-7536\" alt=\"\" srcset=\"https:\/\/dialogosocial.campusfsie.es\/inscripciones\/wp-content\/uploads\/2025\/01\/9.png 2659w, https:\/\/dialogosocial.campusfsie.es\/inscripciones\/wp-content\/uploads\/2025\/01\/9-300x111.png 300w, https:\/\/dialogosocial.campusfsie.es\/inscripciones\/wp-content\/uploads\/2025\/01\/9-1024x379.png 1024w, https:\/\/dialogosocial.campusfsie.es\/inscripciones\/wp-content\/uploads\/2025\/01\/9-768x284.png 768w, https:\/\/dialogosocial.campusfsie.es\/inscripciones\/wp-content\/uploads\/2025\/01\/9-1536x568.png 1536w, https:\/\/dialogosocial.campusfsie.es\/inscripciones\/wp-content\/uploads\/2025\/01\/9-2048x758.png 2048w\" sizes=\"(max-width: 2659px) 100vw, 2659px\" \/>\t\t\t\t\t\t\t\t\t\t\t\t\t\t\t<\/div>\n\t\t\t\t<\/div>\n\t\t\t\t<\/div>\n\t\t<div class=\"elementor-element elementor-element-726c2e5 e-flex e-con-boxed e-con e-parent\" data-id=\"726c2e5\" data-element_type=\"container\">\n\t\t\t\t\t<div class=\"e-con-inner\">\n\t\t\t\t<div class=\"elementor-element elementor-element-b348a6e elementor-widget elementor-widget-eael-creative-button\" data-id=\"b348a6e\" data-element_type=\"widget\" data-widget_type=\"eael-creative-button.default\">\n\t\t\t\t<div class=\"elementor-widget-container\">\n\t\t\t\t\t        <div class=\"eael-creative-button-wrapper\">\n\n            <a class=\"eael-creative-button eael-creative-button--rayen\" href=\"https:\/\/dialogosocial.campusfsie.es\/inscripciones\/andalucia\/?curso=ANDformacionennegociacioncolectivaenperspectivadegenero&#038;cursoLargo=Formaci%C3%B3n%20en%20negociaci%C3%B3n%20colectiva%20con%20perspectiva%20de%20g%C3%A9nero\" data-text=\"Adelante!\">\n\n\t    \n                <div class=\"creative-button-inner\">\n\n                    \n                    <span class=\"cretive-button-text\">Quiero Inscribirme<\/span>\n\n                                    <\/div>\n\t                        <\/a>\n        <\/div>\n        \t\t\t\t<\/div>\n\t\t\t\t<\/div>\n\t\t\t\t<div class=\"elementor-element elementor-element-8a1d6b5 acordeonfsie elementor-widget elementor-widget-eael-adv-accordion\" data-id=\"8a1d6b5\" data-element_type=\"widget\" data-widget_type=\"eael-adv-accordion.default\">\n\t\t\t\t<div class=\"elementor-widget-container\">\n\t\t\t\t\t        <div class=\"eael-adv-accordion\" id=\"eael-adv-accordion-8a1d6b5\" data-scroll-on-click=\"no\" data-scroll-speed=\"300\" data-accordion-id=\"8a1d6b5\" data-accordion-type=\"toggle\" data-toogle-speed=\"300\">\n    <div class=\"eael-accordion-list\">\n                <div id=\"duracin\" class=\"elementor-tab-title eael-accordion-header active-default\" tabindex=\"0\" data-tab=\"1\" aria-controls=\"elementor-tab-content-1441\"><span class=\"eael-advanced-accordion-icon-closed\"><i aria-hidden=\"true\" class=\"fa-accordion-icon icon icon-stopwatch\"><\/i><\/span><span class=\"eael-advanced-accordion-icon-opened\"><i aria-hidden=\"true\" class=\"fa-accordion-icon icon icon-stopwatch\"><\/i><\/span><span class=\"eael-accordion-tab-title\">Duraci\u00f3n<\/span><i aria-hidden=\"true\" class=\"fa-toggle fas fa-angle-right\"><\/i><\/div><div id=\"elementor-tab-content-1441\" class=\"eael-accordion-content clearfix active-default\" data-tab=\"1\" aria-labelledby=\"duracin\"><p>60 horas<\/p><\/div>\n                <\/div><div class=\"eael-accordion-list\">\n                <div id=\"modalidad\" class=\"elementor-tab-title eael-accordion-header active-default\" tabindex=\"0\" data-tab=\"3\" aria-controls=\"elementor-tab-content-1443\"><span class=\"eael-advanced-accordion-icon-closed\"><i aria-hidden=\"true\" class=\"fa-accordion-icon icon icon-earth\"><\/i><\/span><span class=\"eael-advanced-accordion-icon-opened\"><i aria-hidden=\"true\" class=\"fa-accordion-icon icon icon-earth\"><\/i><\/span><span class=\"eael-accordion-tab-title\">Modalidad<\/span><i aria-hidden=\"true\" class=\"fa-toggle fas fa-angle-right\"><\/i><\/div><div id=\"elementor-tab-content-1443\" class=\"eael-accordion-content clearfix active-default\" data-tab=\"3\" aria-labelledby=\"modalidad\"><p>Teleformaci\u00f3n<\/p><\/div>\n                <\/div><div class=\"eael-accordion-list\">\n                <div id=\"objetivos\" class=\"elementor-tab-title eael-accordion-header active-default\" tabindex=\"0\" data-tab=\"4\" aria-controls=\"elementor-tab-content-1444\"><span class=\"eael-advanced-accordion-icon-closed\"><i aria-hidden=\"true\" class=\"fa-accordion-icon fas fa-clipboard-list\"><\/i><\/span><span class=\"eael-advanced-accordion-icon-opened\"><i aria-hidden=\"true\" class=\"fa-accordion-icon fas fa-clipboard-list\"><\/i><\/span><span class=\"eael-accordion-tab-title\">Objetivos<\/span><i aria-hidden=\"true\" class=\"fa-toggle fas fa-angle-right\"><\/i><\/div><div id=\"elementor-tab-content-1444\" class=\"eael-accordion-content clearfix active-default\" data-tab=\"4\" aria-labelledby=\"objetivos\"><p>Con esta formaci\u00f3n se pretenden los siguientes Objetivos:<\/p><ul><li>Abordar con el alumnado participante el principio de igualdad y los conceptos b\u00e1sicos relacionados con el an\u00e1lisis de la realidad desde la perspectiva de g\u00e9nero.<\/li><li>Generar pensamiento cr\u00edtico en torno a los comportamientos y actitudes que generan y perpet\u00faan las desigualdades de g\u00e9nero en materia de empleo y en las relaciones laborales en Espa\u00f1a.<\/li><li>Conocer las causas de la desigualdad de g\u00e9nero en la actualidad y las consecuencias que esta tiene en la calidad de vida de las mujeres.<\/li><li>Conocer los mecanismos b\u00e1sicos de negociaci\u00f3n colectiva aplicando la perspectiva de g\u00e9nero tanto en el conocimiento de la situaci\u00f3n de las trabajadoras como en la adopci\u00f3n de acciones y medidas para revertir la desigualdad en el \u00e1mbito de las relaciones laborales.<\/li><li>Conocer el marco normativo aplicable en materia de igualdad de trato y no discriminaci\u00f3n entre hombres y mujeres.<\/li><\/ul><\/div>\n                <\/div><div class=\"eael-accordion-list\">\n                <div id=\"contenidos\" class=\"elementor-tab-title eael-accordion-header active-default\" tabindex=\"0\" data-tab=\"5\" aria-controls=\"elementor-tab-content-1445\"><span class=\"eael-advanced-accordion-icon-closed\"><i aria-hidden=\"true\" class=\"fa-accordion-icon fas fa-boxes\"><\/i><\/span><span class=\"eael-advanced-accordion-icon-opened\"><i aria-hidden=\"true\" class=\"fa-accordion-icon fas fa-boxes\"><\/i><\/span><span class=\"eael-accordion-tab-title\">Contenidos<\/span><i aria-hidden=\"true\" class=\"fa-toggle fas fa-angle-right\"><\/i><\/div><div id=\"elementor-tab-content-1445\" class=\"eael-accordion-content clearfix active-default\" data-tab=\"5\" aria-labelledby=\"contenidos\"><ol><li>La igualdad de oportunidades entre mujeres y hombres en Espa\u00f1a en el \u00e1mbito laboral<ul><li type=\"a\">An\u00e1lisis de la LOIEMH.<\/li><li type=\"a\">Justificaci\u00f3n socioecon\u00f3mica en el actual contexto laboral.<\/li><li type=\"a\">Reivindicaciones sindicales y sociales.<\/li><li type=\"a\">Contenido de la LOIEMH.<ul><li>Actividad individua<\/li><li>Autoevaluaci\u00f3n<\/li><li>EVALUACION DE LA UNIDAD<\/li><\/ul><\/li><\/ul><\/li><li>La negociaci\u00f3n colectiva desde la perspectiva de g\u00e9nero como herramienta para implantar la igualdad de g\u00e9nero en el mercado de trabajo<ul><li>La negociaci\u00f3n colectiva como instrumento de igualdad en la LOIEMH.<\/li><li>Participaci\u00f3n del a representaci\u00f3n legal de las trabajadoras y trabajadores.<\/li><li>Introducci\u00f3n a los planes de igualdad<\/li><li>Marco Legal, Ley Org\u00e1nica 3\/2007, de 22 de marzo, para la igualdad efectiva de mujeres y hombres Reales Decretos 901\/2020 y 902\/2020.<ul><li>Actividad individual<\/li><li>Autoevaluaci\u00f3n<\/li><li>EVALUACION DE LA UNIDAD<\/li><\/ul><\/li><\/ul><\/li><li>Los planes de igualdad: Diagn\u00f3stico, elaboraci\u00f3n e implantaci\u00f3n del plan y acciones de seguimiento y evaluaci\u00f3n<ul><li>Aspectos b\u00e1sicos sobre el plan de igualdad.<\/li><li>Metodolog\u00eda para la elaboraci\u00f3n de un plan de igualdad.<\/li><li>Algunas experiencias de planes de igualdad en las empresas.<\/li><li>La negociaci\u00f3n de los planes de igualdad y medidas y acciones de igualdad en los Convenios colectivos<ul><li>Actividad individual<\/li><li>Autoevaluaci\u00f3n<\/li><li>EVALUACION DE LA UNIDAD<\/li><\/ul><\/li><\/ul><\/li><\/ol><\/div>\n                <\/div><\/div>\t\t\t\t<\/div>\n\t\t\t\t<\/div>\n\t\t\t\t\t<\/div>\n\t\t\t\t<\/div>\n\t\t\t\t<\/div>\n\t\t","protected":false},"excerpt":{"rendered":"<p>Quiero Inscribirme Duraci\u00f3n 60 horas Modalidad Teleformaci\u00f3n Objetivos Con esta formaci\u00f3n se pretenden los siguientes Objetivos: Abordar con el alumnado participante el principio de igualdad y los conceptos b\u00e1sicos relacionados con el an\u00e1lisis de la realidad desde la perspectiva de g\u00e9nero. Generar pensamiento cr\u00edtico en torno a los comportamientos y actitudes que generan y perpet\u00faan &#8230; <a title=\"FORMACI\u00d3N EN NEGOCIACI\u00d3N COLECTIVA CON PERSPECTIVA DE G\u00c9NERO\" class=\"read-more\" href=\"https:\/\/dialogosocial.campusfsie.es\/inscripciones\/formacion-en-negociacion-colectiva-con-perspectiva-de-genero\/\" aria-label=\"Leer m\u00e1s sobre FORMACI\u00d3N EN NEGOCIACI\u00d3N COLECTIVA CON PERSPECTIVA DE G\u00c9NERO\">Leer m\u00e1s<\/a><\/p>\n","protected":false},"author":4,"featured_media":0,"parent":0,"menu_order":0,"comment_status":"closed","ping_status":"closed","template":"elementor_canvas","meta":{"footnotes":""},"class_list":["post-6843","page","type-page","status-publish"],"_links":{"self":[{"href":"https:\/\/dialogosocial.campusfsie.es\/inscripciones\/wp-json\/wp\/v2\/pages\/6843"}],"collection":[{"href":"https:\/\/dialogosocial.campusfsie.es\/inscripciones\/wp-json\/wp\/v2\/pages"}],"about":[{"href":"https:\/\/dialogosocial.campusfsie.es\/inscripciones\/wp-json\/wp\/v2\/types\/page"}],"author":[{"embeddable":true,"href":"https:\/\/dialogosocial.campusfsie.es\/inscripciones\/wp-json\/wp\/v2\/users\/4"}],"replies":[{"embeddable":true,"href":"https:\/\/dialogosocial.campusfsie.es\/inscripciones\/wp-json\/wp\/v2\/comments?post=6843"}],"version-history":[{"count":31,"href":"https:\/\/dialogosocial.campusfsie.es\/inscripciones\/wp-json\/wp\/v2\/pages\/6843\/revisions"}],"predecessor-version":[{"id":7833,"href":"https:\/\/dialogosocial.campusfsie.es\/inscripciones\/wp-json\/wp\/v2\/pages\/6843\/revisions\/7833"}],"wp:attachment":[{"href":"https:\/\/dialogosocial.campusfsie.es\/inscripciones\/wp-json\/wp\/v2\/media?parent=6843"}],"curies":[{"name":"wp","href":"https:\/\/api.w.org\/{rel}","templated":true}]}}