{"id":6841,"date":"2024-11-08T14:22:22","date_gmt":"2024-11-08T13:22:22","guid":{"rendered":"https:\/\/dialogosocial.campusfsie.es\/inscripciones\/?page_id=6841"},"modified":"2025-02-10T11:14:26","modified_gmt":"2025-02-10T10:14:26","slug":"resolucion-de-conflictos-como-herramienta-en-la-negociacion-colectiva","status":"publish","type":"page","link":"https:\/\/dialogosocial.campusfsie.es\/inscripciones\/resolucion-de-conflictos-como-herramienta-en-la-negociacion-colectiva\/","title":{"rendered":"RESOLUCI\u00d3N DE CONFLICTOS COMO HERRAMIENTA EN LA NEGOCIACI\u00d3N COLECTIVA"},"content":{"rendered":"\t\t<div data-elementor-type=\"wp-page\" data-elementor-id=\"6841\" class=\"elementor elementor-6841\">\n\t\t\t\t<div class=\"elementor-element elementor-element-6c01aff e-con-full e-flex e-con e-parent\" data-id=\"6c01aff\" data-element_type=\"container\" data-settings=\"{&quot;background_background&quot;:&quot;classic&quot;}\">\n\t\t\t\t<div class=\"elementor-element elementor-element-501d59c elementor-widget elementor-widget-image\" data-id=\"501d59c\" data-element_type=\"widget\" data-widget_type=\"image.default\">\n\t\t\t\t<div class=\"elementor-widget-container\">\n\t\t\t\t\t\t\t\t\t\t\t\t\t\t\t<img fetchpriority=\"high\" decoding=\"async\" width=\"2659\" height=\"984\" src=\"https:\/\/dialogosocial.campusfsie.es\/inscripciones\/wp-content\/uploads\/2025\/01\/12.png\" class=\"attachment-full size-full wp-image-7556\" alt=\"\" srcset=\"https:\/\/dialogosocial.campusfsie.es\/inscripciones\/wp-content\/uploads\/2025\/01\/12.png 2659w, https:\/\/dialogosocial.campusfsie.es\/inscripciones\/wp-content\/uploads\/2025\/01\/12-300x111.png 300w, https:\/\/dialogosocial.campusfsie.es\/inscripciones\/wp-content\/uploads\/2025\/01\/12-1024x379.png 1024w, https:\/\/dialogosocial.campusfsie.es\/inscripciones\/wp-content\/uploads\/2025\/01\/12-768x284.png 768w, https:\/\/dialogosocial.campusfsie.es\/inscripciones\/wp-content\/uploads\/2025\/01\/12-1536x568.png 1536w, https:\/\/dialogosocial.campusfsie.es\/inscripciones\/wp-content\/uploads\/2025\/01\/12-2048x758.png 2048w\" sizes=\"(max-width: 2659px) 100vw, 2659px\" \/>\t\t\t\t\t\t\t\t\t\t\t\t\t\t\t<\/div>\n\t\t\t\t<\/div>\n\t\t\t\t<\/div>\n\t\t<div class=\"elementor-element elementor-element-726c2e5 e-flex e-con-boxed e-con e-parent\" data-id=\"726c2e5\" data-element_type=\"container\">\n\t\t\t\t\t<div class=\"e-con-inner\">\n\t\t\t\t<div class=\"elementor-element elementor-element-b348a6e elementor-widget elementor-widget-eael-creative-button\" data-id=\"b348a6e\" data-element_type=\"widget\" data-widget_type=\"eael-creative-button.default\">\n\t\t\t\t<div class=\"elementor-widget-container\">\n\t\t\t\t\t        <div class=\"eael-creative-button-wrapper\">\n\n            <a class=\"eael-creative-button eael-creative-button--rayen\" href=\"https:\/\/dialogosocial.campusfsie.es\/inscripciones\/andalucia\/?curso=ANDresoluciondeconflictoscomoherramientadelanegociacioncolectiva&#038;cursoLargo=Resoluci%C3%B3n%20de%20conflictos\" data-text=\"Adelante!\">\n\n\t    \n                <div class=\"creative-button-inner\">\n\n                    \n                    <span class=\"cretive-button-text\">Quiero Inscribirme<\/span>\n\n                                    <\/div>\n\t                        <\/a>\n        <\/div>\n        \t\t\t\t<\/div>\n\t\t\t\t<\/div>\n\t\t\t\t<div class=\"elementor-element elementor-element-8a1d6b5 acordeonfsie elementor-widget elementor-widget-eael-adv-accordion\" data-id=\"8a1d6b5\" data-element_type=\"widget\" data-widget_type=\"eael-adv-accordion.default\">\n\t\t\t\t<div class=\"elementor-widget-container\">\n\t\t\t\t\t        <div class=\"eael-adv-accordion\" id=\"eael-adv-accordion-8a1d6b5\" data-scroll-on-click=\"no\" data-scroll-speed=\"300\" data-accordion-id=\"8a1d6b5\" data-accordion-type=\"toggle\" data-toogle-speed=\"300\">\n    <div class=\"eael-accordion-list\">\n                <div id=\"duracin\" class=\"elementor-tab-title eael-accordion-header active-default\" tabindex=\"0\" data-tab=\"1\" aria-controls=\"elementor-tab-content-1441\"><span class=\"eael-advanced-accordion-icon-closed\"><i aria-hidden=\"true\" class=\"fa-accordion-icon icon icon-stopwatch\"><\/i><\/span><span class=\"eael-advanced-accordion-icon-opened\"><i aria-hidden=\"true\" class=\"fa-accordion-icon icon icon-stopwatch\"><\/i><\/span><span class=\"eael-accordion-tab-title\">Duraci\u00f3n<\/span><i aria-hidden=\"true\" class=\"fa-toggle fas fa-angle-right\"><\/i><\/div><div id=\"elementor-tab-content-1441\" class=\"eael-accordion-content clearfix active-default\" data-tab=\"1\" aria-labelledby=\"duracin\"><p>10 horas<\/p><\/div>\n                <\/div><div class=\"eael-accordion-list\">\n                <div id=\"modalidad\" class=\"elementor-tab-title eael-accordion-header active-default\" tabindex=\"0\" data-tab=\"3\" aria-controls=\"elementor-tab-content-1443\"><span class=\"eael-advanced-accordion-icon-closed\"><i aria-hidden=\"true\" class=\"fa-accordion-icon icon icon-earth\"><\/i><\/span><span class=\"eael-advanced-accordion-icon-opened\"><i aria-hidden=\"true\" class=\"fa-accordion-icon icon icon-earth\"><\/i><\/span><span class=\"eael-accordion-tab-title\">Modalidad<\/span><i aria-hidden=\"true\" class=\"fa-toggle fas fa-angle-right\"><\/i><\/div><div id=\"elementor-tab-content-1443\" class=\"eael-accordion-content clearfix active-default\" data-tab=\"3\" aria-labelledby=\"modalidad\"><p>Aula Virtual<\/p><\/div>\n                <\/div><div class=\"eael-accordion-list\">\n                <div id=\"objetivos\" class=\"elementor-tab-title eael-accordion-header active-default\" tabindex=\"0\" data-tab=\"4\" aria-controls=\"elementor-tab-content-1444\"><span class=\"eael-advanced-accordion-icon-closed\"><i aria-hidden=\"true\" class=\"fa-accordion-icon fas fa-clipboard-list\"><\/i><\/span><span class=\"eael-advanced-accordion-icon-opened\"><i aria-hidden=\"true\" class=\"fa-accordion-icon fas fa-clipboard-list\"><\/i><\/span><span class=\"eael-accordion-tab-title\">Objetivos<\/span><i aria-hidden=\"true\" class=\"fa-toggle fas fa-angle-right\"><\/i><\/div><div id=\"elementor-tab-content-1444\" class=\"eael-accordion-content clearfix active-default\" data-tab=\"4\" aria-labelledby=\"objetivos\"><p>Tras el desarrollo de la acci\u00f3n formativa se pretende que las personas participantes:<\/p><ul><li>Asimilar conocimiento sobre las fases principales de un proceso negociador y las t\u00e9cnicas m\u00e1s adecuadas para su realizaci\u00f3n.<\/li><li>Identificar la metodolog\u00eda para resolver conflictos a trav\u00e9s de la negociaci\u00f3n, acerc\u00e1ndose a las t\u00e9cnicas aplicadas m\u00e1s creativas.<\/li><li>Proporcionar conocimientos sobre la importancia de la escucha activa para el \u00e9xito en la negociaci\u00f3n, as\u00ed como las t\u00e9cnicas para ejercitarla.<\/li><\/ul><\/div>\n                <\/div><div class=\"eael-accordion-list\">\n                <div id=\"contenidos\" class=\"elementor-tab-title eael-accordion-header active-default\" tabindex=\"0\" data-tab=\"5\" aria-controls=\"elementor-tab-content-1445\"><span class=\"eael-advanced-accordion-icon-closed\"><i aria-hidden=\"true\" class=\"fa-accordion-icon fas fa-boxes\"><\/i><\/span><span class=\"eael-advanced-accordion-icon-opened\"><i aria-hidden=\"true\" class=\"fa-accordion-icon fas fa-boxes\"><\/i><\/span><span class=\"eael-accordion-tab-title\">Contenidos<\/span><i aria-hidden=\"true\" class=\"fa-toggle fas fa-angle-right\"><\/i><\/div><div id=\"elementor-tab-content-1445\" class=\"eael-accordion-content clearfix active-default\" data-tab=\"5\" aria-labelledby=\"contenidos\"><p>UNIDAD DID\u00c1CTICA 1: T\u00e9cnicas de resoluci\u00f3n de conflictos 2 h<\/p><ul><li>Modelos de negociaci\u00f3n.<\/li><li>Fases de la negociaci\u00f3n.<\/li><li>Estrategias para una negociaci\u00f3n eficaz<\/li><\/ul><p>UNIDAD DID\u00c1CTICA 2: T\u00e9cnicas creativas aplicadas a los procesos de negociaci\u00f3n colectiva. 2h<\/p><p>\u00a0<\/p><p>UNIDAD DID\u00c1CTICA 3: La escucha activa y otros soportes en la negociaci\u00f3n 2h<\/p><ul><li>Niveles de escucha<\/li><li>\u00bfPara qu\u00e9 sirve la escucha activa y emp\u00e1tica<\/li><li>Las ventajas de la escucha activa.<\/li><li>C\u00f3mo mejorar la escucha activa.<\/li><li>La importancia de conocer bien al otro para emprender un di\u00e1logo.<\/li><li>C\u00f3mo generar confianza en el otro.<\/li><li>T\u00e9cnicas para propiciar la empat\u00eda.<\/li><li>Din\u00e1mica de trabajo.<\/li><\/ul><p>UNIDAD DID\u00c1CTICA 4: Habilidades de comunicaci\u00f3n 2h<\/p><ul><li>Negociaci\u00f3n y ret\u00f3rica.<\/li><li>T\u00e9cnicas de la argumentaci\u00f3n. Fines y contextos de la argumentaci\u00f3n.<\/li><li>Comunicaci\u00f3n asertiva.<\/li><li>Oratoria.<\/li><li>Lenguaje no verbal.<\/li><li>C\u00f3mo interpretar determinados gestos y situaciones del otro.<\/li><li>Vencer los miedos.<\/li><li>Conciencia de los puntos d\u00e9biles y c\u00f3mo minimizarlos.<\/li><li>Conciencia de nuestra imagen y cambio de puntos d\u00e9biles.<\/li><li>Tipos de comunicaci\u00f3n: agresiva, conciliadora, emp\u00e1tica, etc.<\/li><li>Necesidades y estrategias: su diferencia y su papel en el conflicto.<\/li><li>Escuchar el \u201cS\u00ed\u201d detr\u00e1s del \u201cNo\u201d.<\/li><li>C\u00f3mo afrontar el \u201cd\u00eda despu\u00e9s\u201d a la finalizaci\u00f3n de la negociaci\u00f3n.<\/li><\/ul><p>UNIDAD DID\u00c1CTICA 5: Herramientas para el control emocional 2h<\/p><ul><li>Introducci\u00f3n al concepto de Mindfulness o Atenci\u00f3n Plena.<\/li><li>Qu\u00e9 es el estr\u00e9s y sus s\u00edntomas.<\/li><li>El autoconocimiento emocional.<\/li><li>Mindfulness y el control de nuestra mente y nuestras conductas.<\/li><li>T\u00e9cnicas de relajaci\u00f3n.<\/li><\/ul><\/div>\n                <\/div><\/div>\t\t\t\t<\/div>\n\t\t\t\t<\/div>\n\t\t\t\t\t<\/div>\n\t\t\t\t<\/div>\n\t\t\t\t<\/div>\n\t\t","protected":false},"excerpt":{"rendered":"<p>Quiero Inscribirme Duraci\u00f3n 10 horas Modalidad Aula Virtual Objetivos Tras el desarrollo de la acci\u00f3n formativa se pretende que las personas participantes: Asimilar conocimiento sobre las fases principales de un proceso negociador y las t\u00e9cnicas m\u00e1s adecuadas para su realizaci\u00f3n. Identificar la metodolog\u00eda para resolver conflictos a trav\u00e9s de la negociaci\u00f3n, acerc\u00e1ndose a las t\u00e9cnicas &#8230; <a title=\"RESOLUCI\u00d3N DE CONFLICTOS COMO HERRAMIENTA EN LA NEGOCIACI\u00d3N COLECTIVA\" class=\"read-more\" href=\"https:\/\/dialogosocial.campusfsie.es\/inscripciones\/resolucion-de-conflictos-como-herramienta-en-la-negociacion-colectiva\/\" aria-label=\"Leer m\u00e1s sobre RESOLUCI\u00d3N DE CONFLICTOS COMO HERRAMIENTA EN LA NEGOCIACI\u00d3N COLECTIVA\">Leer m\u00e1s<\/a><\/p>\n","protected":false},"author":4,"featured_media":0,"parent":0,"menu_order":0,"comment_status":"closed","ping_status":"closed","template":"elementor_canvas","meta":{"footnotes":""},"class_list":["post-6841","page","type-page","status-publish"],"_links":{"self":[{"href":"https:\/\/dialogosocial.campusfsie.es\/inscripciones\/wp-json\/wp\/v2\/pages\/6841"}],"collection":[{"href":"https:\/\/dialogosocial.campusfsie.es\/inscripciones\/wp-json\/wp\/v2\/pages"}],"about":[{"href":"https:\/\/dialogosocial.campusfsie.es\/inscripciones\/wp-json\/wp\/v2\/types\/page"}],"author":[{"embeddable":true,"href":"https:\/\/dialogosocial.campusfsie.es\/inscripciones\/wp-json\/wp\/v2\/users\/4"}],"replies":[{"embeddable":true,"href":"https:\/\/dialogosocial.campusfsie.es\/inscripciones\/wp-json\/wp\/v2\/comments?post=6841"}],"version-history":[{"count":25,"href":"https:\/\/dialogosocial.campusfsie.es\/inscripciones\/wp-json\/wp\/v2\/pages\/6841\/revisions"}],"predecessor-version":[{"id":7785,"href":"https:\/\/dialogosocial.campusfsie.es\/inscripciones\/wp-json\/wp\/v2\/pages\/6841\/revisions\/7785"}],"wp:attachment":[{"href":"https:\/\/dialogosocial.campusfsie.es\/inscripciones\/wp-json\/wp\/v2\/media?parent=6841"}],"curies":[{"name":"wp","href":"https:\/\/api.w.org\/{rel}","templated":true}]}}