{"id":6781,"date":"2024-11-07T13:05:33","date_gmt":"2024-11-07T12:05:33","guid":{"rendered":"https:\/\/dialogosocial.campusfsie.es\/inscripciones\/?page_id=6781"},"modified":"2025-02-10T15:17:59","modified_gmt":"2025-02-10T14:17:59","slug":"estructura-de-la-negociacion-colectiva","status":"publish","type":"page","link":"https:\/\/dialogosocial.campusfsie.es\/inscripciones\/estructura-de-la-negociacion-colectiva\/","title":{"rendered":"Estructura de la Negociaci\u00f3n Colectiva"},"content":{"rendered":"\t\t<div data-elementor-type=\"wp-page\" data-elementor-id=\"6781\" class=\"elementor elementor-6781\">\n\t\t\t\t<div class=\"elementor-element elementor-element-6c01aff e-con-full e-flex e-con e-parent\" data-id=\"6c01aff\" data-element_type=\"container\" data-settings=\"{&quot;background_background&quot;:&quot;classic&quot;}\">\n\t\t\t\t<div class=\"elementor-element elementor-element-501d59c elementor-widget elementor-widget-image\" data-id=\"501d59c\" data-element_type=\"widget\" data-widget_type=\"image.default\">\n\t\t\t\t<div class=\"elementor-widget-container\">\n\t\t\t\t\t\t\t\t\t\t\t\t\t\t\t<img fetchpriority=\"high\" decoding=\"async\" width=\"2659\" height=\"984\" src=\"https:\/\/dialogosocial.campusfsie.es\/inscripciones\/wp-content\/uploads\/2025\/01\/10.png\" class=\"attachment-full size-full wp-image-7540\" alt=\"\" srcset=\"https:\/\/dialogosocial.campusfsie.es\/inscripciones\/wp-content\/uploads\/2025\/01\/10.png 2659w, https:\/\/dialogosocial.campusfsie.es\/inscripciones\/wp-content\/uploads\/2025\/01\/10-300x111.png 300w, https:\/\/dialogosocial.campusfsie.es\/inscripciones\/wp-content\/uploads\/2025\/01\/10-1024x379.png 1024w, https:\/\/dialogosocial.campusfsie.es\/inscripciones\/wp-content\/uploads\/2025\/01\/10-768x284.png 768w, https:\/\/dialogosocial.campusfsie.es\/inscripciones\/wp-content\/uploads\/2025\/01\/10-1536x568.png 1536w, https:\/\/dialogosocial.campusfsie.es\/inscripciones\/wp-content\/uploads\/2025\/01\/10-2048x758.png 2048w\" sizes=\"(max-width: 2659px) 100vw, 2659px\" \/>\t\t\t\t\t\t\t\t\t\t\t\t\t\t\t<\/div>\n\t\t\t\t<\/div>\n\t\t\t\t<\/div>\n\t\t<div class=\"elementor-element elementor-element-726c2e5 e-flex e-con-boxed e-con e-parent\" data-id=\"726c2e5\" data-element_type=\"container\">\n\t\t\t\t\t<div class=\"e-con-inner\">\n\t\t\t\t<div class=\"elementor-element elementor-element-b348a6e elementor-widget elementor-widget-eael-creative-button\" data-id=\"b348a6e\" data-element_type=\"widget\" data-widget_type=\"eael-creative-button.default\">\n\t\t\t\t<div class=\"elementor-widget-container\">\n\t\t\t\t\t        <div class=\"eael-creative-button-wrapper\">\n\n            <a class=\"eael-creative-button eael-creative-button--rayen\" href=\"https:\/\/dialogosocial.campusfsie.es\/inscripciones\/andalucia\/?curso=ANDEstructuradelaNegociacionColectiva&#038;cursoLargo=Estructura%20de%20la%20negociaci%C3%B3n%20colectiva\" data-text=\"Adelante!\">\n\n\t    \n                <div class=\"creative-button-inner\">\n\n                    \n                    <span class=\"cretive-button-text\">Quiero Inscribirme<\/span>\n\n                                    <\/div>\n\t                        <\/a>\n        <\/div>\n        \t\t\t\t<\/div>\n\t\t\t\t<\/div>\n\t\t\t\t<div class=\"elementor-element elementor-element-8a1d6b5 acordeonfsie elementor-widget elementor-widget-eael-adv-accordion\" data-id=\"8a1d6b5\" data-element_type=\"widget\" data-widget_type=\"eael-adv-accordion.default\">\n\t\t\t\t<div class=\"elementor-widget-container\">\n\t\t\t\t\t        <div class=\"eael-adv-accordion\" id=\"eael-adv-accordion-8a1d6b5\" data-scroll-on-click=\"no\" data-scroll-speed=\"300\" data-accordion-id=\"8a1d6b5\" data-accordion-type=\"toggle\" data-toogle-speed=\"300\">\n    <div class=\"eael-accordion-list\">\n                <div id=\"duracin\" class=\"elementor-tab-title eael-accordion-header active-default\" tabindex=\"0\" data-tab=\"1\" aria-controls=\"elementor-tab-content-1441\"><span class=\"eael-advanced-accordion-icon-closed\"><i aria-hidden=\"true\" class=\"fa-accordion-icon icon icon-stopwatch\"><\/i><\/span><span class=\"eael-advanced-accordion-icon-opened\"><i aria-hidden=\"true\" class=\"fa-accordion-icon icon icon-stopwatch\"><\/i><\/span><span class=\"eael-accordion-tab-title\">Duraci\u00f3n<\/span><i aria-hidden=\"true\" class=\"fa-toggle fas fa-angle-right\"><\/i><\/div><div id=\"elementor-tab-content-1441\" class=\"eael-accordion-content clearfix active-default\" data-tab=\"1\" aria-labelledby=\"duracin\"><p>60 horas<\/p><\/div>\n                <\/div><div class=\"eael-accordion-list\">\n                <div id=\"modalidad\" class=\"elementor-tab-title eael-accordion-header active-default\" tabindex=\"0\" data-tab=\"3\" aria-controls=\"elementor-tab-content-1443\"><span class=\"eael-advanced-accordion-icon-closed\"><i aria-hidden=\"true\" class=\"fa-accordion-icon icon icon-earth\"><\/i><\/span><span class=\"eael-advanced-accordion-icon-opened\"><i aria-hidden=\"true\" class=\"fa-accordion-icon icon icon-earth\"><\/i><\/span><span class=\"eael-accordion-tab-title\">Modalidad<\/span><i aria-hidden=\"true\" class=\"fa-toggle fas fa-angle-right\"><\/i><\/div><div id=\"elementor-tab-content-1443\" class=\"eael-accordion-content clearfix active-default\" data-tab=\"3\" aria-labelledby=\"modalidad\"><p>Teleformaci\u00f3n<\/p><\/div>\n                <\/div><div class=\"eael-accordion-list\">\n                <div id=\"objetivos\" class=\"elementor-tab-title eael-accordion-header active-default\" tabindex=\"0\" data-tab=\"4\" aria-controls=\"elementor-tab-content-1444\"><span class=\"eael-advanced-accordion-icon-closed\"><i aria-hidden=\"true\" class=\"fa-accordion-icon fas fa-clipboard-list\"><\/i><\/span><span class=\"eael-advanced-accordion-icon-opened\"><i aria-hidden=\"true\" class=\"fa-accordion-icon fas fa-clipboard-list\"><\/i><\/span><span class=\"eael-accordion-tab-title\">Objetivos<\/span><i aria-hidden=\"true\" class=\"fa-toggle fas fa-angle-right\"><\/i><\/div><div id=\"elementor-tab-content-1444\" class=\"eael-accordion-content clearfix active-default\" data-tab=\"4\" aria-labelledby=\"objetivos\">Tras el desarrollo de la acci\u00f3n formativa se pretende que las personas participantes:\n<ul>\n \t<li>Sepan identificar la estructura de la negociaci\u00f3n colectiva.<\/li>\n \t<li>Conozcan los principales requisitos de los implicados cuando se desarrolla una negociaci\u00f3n colectiva.<\/li>\n \t<li>Identifiquen las principales caracter\u00edsticas de la representaci\u00f3n legal de los trabajadores.<\/li>\n \t<li>Asimilen el funcionamiento de la representaci\u00f3n legal de los trabajadores.<\/li>\n \t<li>Interioricen los principales elementos que componen un convenio colectivo.<\/li>\n<\/ul><\/div>\n                <\/div><div class=\"eael-accordion-list\">\n                <div id=\"contenidos\" class=\"elementor-tab-title eael-accordion-header active-default\" tabindex=\"0\" data-tab=\"5\" aria-controls=\"elementor-tab-content-1445\"><span class=\"eael-advanced-accordion-icon-closed\"><i aria-hidden=\"true\" class=\"fa-accordion-icon fas fa-boxes\"><\/i><\/span><span class=\"eael-advanced-accordion-icon-opened\"><i aria-hidden=\"true\" class=\"fa-accordion-icon fas fa-boxes\"><\/i><\/span><span class=\"eael-accordion-tab-title\">Contenidos<\/span><i aria-hidden=\"true\" class=\"fa-toggle fas fa-angle-right\"><\/i><\/div><div id=\"elementor-tab-content-1445\" class=\"eael-accordion-content clearfix active-default\" data-tab=\"5\" aria-labelledby=\"contenidos\"><ol><li>Introducci\u00f3n:<\/li><li>Estructura de la negociaci\u00f3n colectiva:<ul><li>Unidad de negociaci\u00f3n<\/li><li>Nivel de negociaci\u00f3n<\/li><li>Centralizaci\u00f3n y descentralizaci\u00f3n de la estructura de la negociaci\u00f3n colectiva<br \/>** Actividad individual<br \/>** Autoevaluaci\u00f3n<br \/>** EVALUACION DE LA UNIDAD<\/li><\/ul><\/li><li>La elecci\u00f3n del nivel: autonom\u00eda y restricciones:<br \/>** Actividad individual<br \/>** Autoevaluaci\u00f3n<br \/>** EVALUACION DE LA UNIDAD<\/li><li>Intervenci\u00f3n estatal en la negociaci\u00f3n colectiva:<br \/>** Actividad individual<br \/>** Autoevaluaci\u00f3n<br \/>** EVALUACION DE LA UNIDAD<\/li><li>Relaci\u00f3n entre Convenio y ley:<ul><li>Convenio colectivo de trabajo y ley estatal:sistema de fuentes<\/li><li>Intervenci\u00f3n estatal y eficacia de los convenios colectivos de trabajo<br \/>** Actividad individual<br \/>** Autoevaluaci\u00f3n<br \/>** EVALUACION DE LA UNIDAD<\/li><\/ul><\/li><li>Reglas de concurrencia en la estructura de la negociaci\u00f3n colectiva:<ul><li>Relaciones de conflicto entre convenios colectivos<\/li><li>Relaciones de coordinaci\u00f3n entre convenios colectivos<br \/>** Actividad individual<br \/>** Autoevaluaci\u00f3n<br \/>** EVALUACION DE LA UNIDAD<\/li><\/ul><\/li><li>Sujetos negociadores y su influencia en la estructura de la negociaci\u00f3n colectiva: 8 h<ul><li>Representaci\u00f3n empresarial<\/li><li>Sujeto negociador sindical<br \/>** Actividad individual<br \/>** Autoevaluaci\u00f3n<br \/>** EVALUACION DE LA UNIDAD<\/li><\/ul><\/li><li>Regulaci\u00f3n estatal sobre la vigencia del convenio y la estructura de la negociaci\u00f3n colectiva:<br \/>** Actividad individual<br \/>** Autoevaluaci\u00f3n<br \/>** EVALUACION DE LA UNIDAD EVALUACI\u00d3N FINAL<br \/>GLOSARIO<br \/>BIBLIOGRAF\u00cdA<br \/>CUESTIONARIO DE SATISFACCI\u00d3N<\/li><\/ol><ol><li style=\"list-style-type: none;\">\u00a0<\/li><\/ol><\/div>\n                <\/div><\/div>\t\t\t\t<\/div>\n\t\t\t\t<\/div>\n\t\t\t\t\t<\/div>\n\t\t\t\t<\/div>\n\t\t\t\t<\/div>\n\t\t","protected":false},"excerpt":{"rendered":"<p>Quiero Inscribirme Duraci\u00f3n 60 horas Modalidad Teleformaci\u00f3n ObjetivosTras el desarrollo de la acci\u00f3n formativa se pretende que las personas participantes: Sepan identificar la estructura de la negociaci\u00f3n colectiva. Conozcan los principales requisitos de los implicados cuando se desarrolla una negociaci\u00f3n colectiva. Identifiquen las principales caracter\u00edsticas de la representaci\u00f3n legal de los trabajadores. Asimilen el funcionamiento &#8230; <a title=\"Estructura de la Negociaci\u00f3n Colectiva\" class=\"read-more\" href=\"https:\/\/dialogosocial.campusfsie.es\/inscripciones\/estructura-de-la-negociacion-colectiva\/\" aria-label=\"Leer m\u00e1s sobre Estructura de la Negociaci\u00f3n Colectiva\">Leer m\u00e1s<\/a><\/p>\n","protected":false},"author":4,"featured_media":0,"parent":0,"menu_order":0,"comment_status":"closed","ping_status":"closed","template":"elementor_canvas","meta":{"footnotes":""},"class_list":["post-6781","page","type-page","status-publish"],"_links":{"self":[{"href":"https:\/\/dialogosocial.campusfsie.es\/inscripciones\/wp-json\/wp\/v2\/pages\/6781"}],"collection":[{"href":"https:\/\/dialogosocial.campusfsie.es\/inscripciones\/wp-json\/wp\/v2\/pages"}],"about":[{"href":"https:\/\/dialogosocial.campusfsie.es\/inscripciones\/wp-json\/wp\/v2\/types\/page"}],"author":[{"embeddable":true,"href":"https:\/\/dialogosocial.campusfsie.es\/inscripciones\/wp-json\/wp\/v2\/users\/4"}],"replies":[{"embeddable":true,"href":"https:\/\/dialogosocial.campusfsie.es\/inscripciones\/wp-json\/wp\/v2\/comments?post=6781"}],"version-history":[{"count":67,"href":"https:\/\/dialogosocial.campusfsie.es\/inscripciones\/wp-json\/wp\/v2\/pages\/6781\/revisions"}],"predecessor-version":[{"id":7836,"href":"https:\/\/dialogosocial.campusfsie.es\/inscripciones\/wp-json\/wp\/v2\/pages\/6781\/revisions\/7836"}],"wp:attachment":[{"href":"https:\/\/dialogosocial.campusfsie.es\/inscripciones\/wp-json\/wp\/v2\/media?parent=6781"}],"curies":[{"name":"wp","href":"https:\/\/api.w.org\/{rel}","templated":true}]}}