{"id":5984,"date":"2024-11-18T17:11:46","date_gmt":"2024-11-18T16:11:46","guid":{"rendered":"https:\/\/dialogosocial.campusfsie.es\/inscripciones\/?page_id=5984"},"modified":"2025-02-10T16:08:48","modified_gmt":"2025-02-10T15:08:48","slug":"el-teletrabajo-las-tic-en-la-negociacion-colectiva","status":"publish","type":"page","link":"https:\/\/dialogosocial.campusfsie.es\/inscripciones\/el-teletrabajo-las-tic-en-la-negociacion-colectiva\/","title":{"rendered":"El teletrabajo: las TIC en la negociaci\u00f3n colectiva"},"content":{"rendered":"\t\t<div data-elementor-type=\"wp-page\" data-elementor-id=\"5984\" class=\"elementor elementor-5984\">\n\t\t\t\t<div class=\"elementor-element elementor-element-8b7251c e-con-full e-flex e-con e-parent\" data-id=\"8b7251c\" data-element_type=\"container\" data-settings=\"{&quot;background_background&quot;:&quot;classic&quot;}\">\n\t\t\t\t<div class=\"elementor-element elementor-element-995d9b1 elementor-widget__width-inherit elementor-widget elementor-widget-image\" data-id=\"995d9b1\" data-element_type=\"widget\" data-widget_type=\"image.default\">\n\t\t\t\t<div class=\"elementor-widget-container\">\n\t\t\t\t\t\t\t\t\t\t\t\t\t\t\t<img fetchpriority=\"high\" decoding=\"async\" width=\"2659\" height=\"984\" src=\"https:\/\/dialogosocial.campusfsie.es\/inscripciones\/wp-content\/uploads\/2025\/01\/5.png\" class=\"attachment-full size-full wp-image-7576\" alt=\"\" srcset=\"https:\/\/dialogosocial.campusfsie.es\/inscripciones\/wp-content\/uploads\/2025\/01\/5.png 2659w, https:\/\/dialogosocial.campusfsie.es\/inscripciones\/wp-content\/uploads\/2025\/01\/5-300x111.png 300w, https:\/\/dialogosocial.campusfsie.es\/inscripciones\/wp-content\/uploads\/2025\/01\/5-1024x379.png 1024w, https:\/\/dialogosocial.campusfsie.es\/inscripciones\/wp-content\/uploads\/2025\/01\/5-768x284.png 768w, https:\/\/dialogosocial.campusfsie.es\/inscripciones\/wp-content\/uploads\/2025\/01\/5-1536x568.png 1536w, https:\/\/dialogosocial.campusfsie.es\/inscripciones\/wp-content\/uploads\/2025\/01\/5-2048x758.png 2048w\" sizes=\"(max-width: 2659px) 100vw, 2659px\" \/>\t\t\t\t\t\t\t\t\t\t\t\t\t\t\t<\/div>\n\t\t\t\t<\/div>\n\t\t\t\t<\/div>\n\t\t<div class=\"elementor-element elementor-element-726c2e5 .modregofrito e-flex e-con-boxed e-con e-parent\" data-id=\"726c2e5\" data-element_type=\"container\">\n\t\t\t\t\t<div class=\"e-con-inner\">\n\t\t\t\t<div class=\"elementor-element elementor-element-2ae0a0d elementor-widget elementor-widget-eael-creative-button\" data-id=\"2ae0a0d\" data-element_type=\"widget\" data-widget_type=\"eael-creative-button.default\">\n\t\t\t\t<div class=\"elementor-widget-container\">\n\t\t\t\t\t        <div class=\"eael-creative-button-wrapper\">\n\n            <a class=\"eael-creative-button eael-creative-button--rayen\" href=\"https:\/\/dialogosocial.campusfsie.es\/inscripciones\/andalucia\/?curso=ANDElteletrabajol&#038;cursoLargo=El%20teletrabajo%3A%20las%20TIC%20en%20la%20negociaci%C3%B3n%20colectiva\" data-text=\"Adelante!\">\n\n\t    \n                <div class=\"creative-button-inner\">\n\n                    \n                    <span class=\"cretive-button-text\">Quiero Inscribirme<\/span>\n\n                                    <\/div>\n\t                        <\/a>\n        <\/div>\n        \t\t\t\t<\/div>\n\t\t\t\t<\/div>\n\t\t\t\t<div class=\"elementor-element elementor-element-8a1d6b5 acordeonfsie elementor-widget elementor-widget-eael-adv-accordion\" data-id=\"8a1d6b5\" data-element_type=\"widget\" data-widget_type=\"eael-adv-accordion.default\">\n\t\t\t\t<div class=\"elementor-widget-container\">\n\t\t\t\t\t        <div class=\"eael-adv-accordion\" id=\"eael-adv-accordion-8a1d6b5\" data-scroll-on-click=\"no\" data-scroll-speed=\"300\" data-accordion-id=\"8a1d6b5\" data-accordion-type=\"toggle\" data-toogle-speed=\"300\">\n    <div class=\"eael-accordion-list\">\n                <div id=\"duracin\" class=\"elementor-tab-title eael-accordion-header active-default\" tabindex=\"0\" data-tab=\"1\" aria-controls=\"elementor-tab-content-1441\"><span class=\"eael-advanced-accordion-icon-closed\"><i aria-hidden=\"true\" class=\"fa-accordion-icon icon icon-stopwatch\"><\/i><\/span><span class=\"eael-advanced-accordion-icon-opened\"><i aria-hidden=\"true\" class=\"fa-accordion-icon icon icon-stopwatch\"><\/i><\/span><span class=\"eael-accordion-tab-title\">Duraci\u00f3n<\/span><i aria-hidden=\"true\" class=\"fa-toggle fas fa-angle-right\"><\/i><\/div><div id=\"elementor-tab-content-1441\" class=\"eael-accordion-content clearfix active-default\" data-tab=\"1\" aria-labelledby=\"duracin\"><p>60 horas<\/p><\/div>\n                <\/div><div class=\"eael-accordion-list\">\n                <div id=\"modalidad\" class=\"elementor-tab-title eael-accordion-header active-default\" tabindex=\"0\" data-tab=\"2\" aria-controls=\"elementor-tab-content-1442\"><span class=\"eael-advanced-accordion-icon-closed\"><i aria-hidden=\"true\" class=\"fa-accordion-icon icon icon-earth\"><\/i><\/span><span class=\"eael-advanced-accordion-icon-opened\"><i aria-hidden=\"true\" class=\"fa-accordion-icon icon icon-earth\"><\/i><\/span><span class=\"eael-accordion-tab-title\">Modalidad<\/span><i aria-hidden=\"true\" class=\"fa-toggle fas fa-angle-right\"><\/i><\/div><div id=\"elementor-tab-content-1442\" class=\"eael-accordion-content clearfix active-default\" data-tab=\"2\" aria-labelledby=\"modalidad\"><p>Teleformaci\u00f3n<\/p><\/div>\n                <\/div><div class=\"eael-accordion-list\">\n                <div id=\"objetivos\" class=\"elementor-tab-title eael-accordion-header active-default\" tabindex=\"0\" data-tab=\"3\" aria-controls=\"elementor-tab-content-1443\"><span class=\"eael-advanced-accordion-icon-closed\"><i aria-hidden=\"true\" class=\"fa-accordion-icon fas fa-clipboard-list\"><\/i><\/span><span class=\"eael-advanced-accordion-icon-opened\"><i aria-hidden=\"true\" class=\"fa-accordion-icon fas fa-clipboard-list\"><\/i><\/span><span class=\"eael-accordion-tab-title\">Objetivos<\/span><i aria-hidden=\"true\" class=\"fa-toggle fas fa-angle-right\"><\/i><\/div><div id=\"elementor-tab-content-1443\" class=\"eael-accordion-content clearfix active-default\" data-tab=\"3\" aria-labelledby=\"objetivos\"><ul><li data-leveltext=\"\uf0b7\" data-font=\"Symbol\" data-listid=\"1\" data-list-defn-props=\"{&quot;335552541&quot;:1,&quot;335559685&quot;:720,&quot;335559991&quot;:360,&quot;469769226&quot;:&quot;Symbol&quot;,&quot;469769242&quot;:[8226],&quot;469777803&quot;:&quot;left&quot;,&quot;469777804&quot;:&quot;\uf0b7&quot;,&quot;469777815&quot;:&quot;hybridMultilevel&quot;}\" aria-setsize=\"-1\" data-aria-posinset=\"1\" data-aria-level=\"1\">Comprender el impacto del teletrabajo en la negociaci\u00f3n colectiva.<\/li><li data-leveltext=\"\uf0b7\" data-font=\"Symbol\" data-listid=\"1\" data-list-defn-props=\"{&quot;335552541&quot;:1,&quot;335559685&quot;:720,&quot;335559991&quot;:360,&quot;469769226&quot;:&quot;Symbol&quot;,&quot;469769242&quot;:[8226],&quot;469777803&quot;:&quot;left&quot;,&quot;469777804&quot;:&quot;\uf0b7&quot;,&quot;469777815&quot;:&quot;hybridMultilevel&quot;}\" aria-setsize=\"-1\" data-aria-posinset=\"1\" data-aria-level=\"1\">Familiarizarse con las tecnolog\u00edas de la informaci\u00f3n y comunicaci\u00f3n (TIC) aplicadas al \u00e1mbito laboral y la negociaci\u00f3n.<\/li><li data-leveltext=\"\uf0b7\" data-font=\"Symbol\" data-listid=\"1\" data-list-defn-props=\"{&quot;335552541&quot;:1,&quot;335559685&quot;:720,&quot;335559991&quot;:360,&quot;469769226&quot;:&quot;Symbol&quot;,&quot;469769242&quot;:[8226],&quot;469777803&quot;:&quot;left&quot;,&quot;469777804&quot;:&quot;\uf0b7&quot;,&quot;469777815&quot;:&quot;hybridMultilevel&quot;}\" aria-setsize=\"-1\" data-aria-posinset=\"1\" data-aria-level=\"1\">Desarrollar estrategias efectivas para abordar la negociaci\u00f3n colectiva en un entorno de teletrabajo.<\/li><li data-leveltext=\"\uf0b7\" data-font=\"Symbol\" data-listid=\"1\" data-list-defn-props=\"{&quot;335552541&quot;:1,&quot;335559685&quot;:720,&quot;335559991&quot;:360,&quot;469769226&quot;:&quot;Symbol&quot;,&quot;469769242&quot;:[8226],&quot;469777803&quot;:&quot;left&quot;,&quot;469777804&quot;:&quot;\uf0b7&quot;,&quot;469777815&quot;:&quot;hybridMultilevel&quot;}\" aria-setsize=\"-1\" data-aria-posinset=\"1\" data-aria-level=\"1\">Conocer las normativas y buenas pr\u00e1cticas relacionadas con la regulaci\u00f3n del teletrabajo en el marco de la negociaci\u00f3n colectiva.<\/li><li data-leveltext=\"\uf0b7\" data-font=\"Symbol\" data-listid=\"1\" data-list-defn-props=\"{&quot;335552541&quot;:1,&quot;335559685&quot;:720,&quot;335559991&quot;:360,&quot;469769226&quot;:&quot;Symbol&quot;,&quot;469769242&quot;:[8226],&quot;469777803&quot;:&quot;left&quot;,&quot;469777804&quot;:&quot;\uf0b7&quot;,&quot;469777815&quot;:&quot;hybridMultilevel&quot;}\" aria-setsize=\"-1\" data-aria-posinset=\"1\" data-aria-level=\"1\">Fomentar la participaci\u00f3n activa de los representantes sindicales y empleadores en la negociaci\u00f3n colectiva a trav\u00e9s de medios tecnol\u00f3gicos.<\/li><li data-leveltext=\"\uf0b7\" data-font=\"Symbol\" data-listid=\"1\" data-list-defn-props=\"{&quot;335552541&quot;:1,&quot;335559685&quot;:720,&quot;335559991&quot;:360,&quot;469769226&quot;:&quot;Symbol&quot;,&quot;469769242&quot;:[8226],&quot;469777803&quot;:&quot;left&quot;,&quot;469777804&quot;:&quot;\uf0b7&quot;,&quot;469777815&quot;:&quot;hybridMultilevel&quot;}\" aria-setsize=\"-1\" data-aria-posinset=\"1\" data-aria-level=\"1\">Adaptar la comunicaci\u00f3n y las din\u00e1micas de trabajo colectivo al entorno virtual.<\/li><\/ul><\/div>\n                <\/div><div class=\"eael-accordion-list\">\n                <div id=\"contenidos\" class=\"elementor-tab-title eael-accordion-header active-default\" tabindex=\"0\" data-tab=\"4\" aria-controls=\"elementor-tab-content-1444\"><span class=\"eael-advanced-accordion-icon-closed\"><i aria-hidden=\"true\" class=\"fa-accordion-icon fas fa-boxes\"><\/i><\/span><span class=\"eael-advanced-accordion-icon-opened\"><i aria-hidden=\"true\" class=\"fa-accordion-icon fas fa-boxes\"><\/i><\/span><span class=\"eael-accordion-tab-title\">Contenidos<\/span><i aria-hidden=\"true\" class=\"fa-toggle fas fa-angle-right\"><\/i><\/div><div id=\"elementor-tab-content-1444\" class=\"eael-accordion-content clearfix active-default\" data-tab=\"4\" aria-labelledby=\"contenidos\"><ol><li>Introducci\u00f3n al Teletrabajo y su Impacto en la Negociaci\u00f3n Colectiva:<ul><li>Definici\u00f3n de teletrabajo.<\/li><li>Ventajas y desaf\u00edos para la negociaci\u00f3n colectiva.<\/li><\/ul><\/li><li>Tecnolog\u00edas de la Informaci\u00f3n y Comunicaci\u00f3n en el \u00c1mbito Laboral:<ul><li>Herramientas virtuales para la comunicaci\u00f3n y colaboraci\u00f3n.<\/li><li>Plataformas de videoconferencia y gesti\u00f3n de proyectos.<\/li><\/ul><\/li><li>Normativas y Marco Legal del Teletrabajo en la Negociaci\u00f3n Colectiva:\u00a0<ul><li>Legislaci\u00f3n y regulaciones espec\u00edficas.<\/li><li>Acuerdos y cl\u00e1usulas relacionadas con el teletrabajo en convenios colectivos.<\/li><\/ul><\/li><li>Estrategias de Negociaci\u00f3n Colectiva en Entornos Virtuales:\u00a0<ul><li>M\u00e9todos para establecer acuerdos a distancia.<\/li><li>Gesti\u00f3n de conflictos y consenso en el teletrabajo.<\/li><\/ul><\/li><li>Participaci\u00f3n y Representaci\u00f3n Sindical en el Teletrabajo:<ul><li>Herramientas para la participaci\u00f3n activa en la negociaci\u00f3n colectiva virtual.<\/li><li>Retos y oportunidades para los representantes sindicales.<\/li><\/ul><\/li><li>Adaptaci\u00f3n de Procesos de Negociaci\u00f3n al Teletrabajo:<ul><li>Programaci\u00f3n y din\u00e1micas de reuniones virtuales.<\/li><li>Herramientas para la toma de decisiones colaborativa a distancia.<\/li><\/ul><\/li><li>Comunicaci\u00f3n Efectiva en la Negociaci\u00f3n Colectiva Virtual:<ul><li>Estrategias para la expresi\u00f3n clara y persuasiva.<\/li><li>Uso de lenguaje no verbal en entornos virtuales.<\/li><\/ul><\/li><li>Gesti\u00f3n de la Conciliaci\u00f3n entre el Teletrabajo y la Vida Personal:<ul><li>Medidas de conciliaci\u00f3n y equilibrio trabajo-vida en entornos virtuales.<\/li><li>Estrategias para evitar la desconexi\u00f3n digital.<\/li><\/ul><\/li><li>Seguridad y Protecci\u00f3n de Datos en el Teletrabajo:<ul><li>Buenas pr\u00e1cticas para la seguridad de la informaci\u00f3n.<\/li><li>Cumplimiento de normativas de protecci\u00f3n de datos.<\/li><\/ul><\/li><li>Casos Pr\u00e1cticos y Simulaciones:<ul><li>Aplicaci\u00f3n de estrategias aprendidas en escenarios de negociaci\u00f3n vi<\/li><li>An\u00e1lisis de casos reales de \u00e9xito y desaf\u00edos en la negociaci\u00f3n colectiva a distancia.<\/li><\/ul><\/li><li>Evaluaci\u00f3n y Mejora Continua:<ul><li>Indicadores de \u00e9xito en la negociaci\u00f3n colectiva virtual.<\/li><li>Retroalimentaci\u00f3n y ajustes necesarios.<\/li><\/ul><\/li><li>\u00c9tica en la Negociaci\u00f3n Colectiva Virtual:<ul><li>Principios \u00e9ticos en la negociaci\u00f3n a trav\u00e9s de medios tecnol\u00f3gicos.<\/li><li>Responsabilidad social y ambiental en el teletrabajo.<\/li><\/ul><\/li><\/ol><\/div>\n                <\/div><\/div>\t\t\t\t<\/div>\n\t\t\t\t<\/div>\n\t\t\t\t\t<\/div>\n\t\t\t\t<\/div>\n\t\t\t\t<\/div>\n\t\t","protected":false},"excerpt":{"rendered":"<p>Quiero Inscribirme Duraci\u00f3n 60 horas Modalidad Teleformaci\u00f3n Objetivos Comprender el impacto del teletrabajo en la negociaci\u00f3n colectiva. Familiarizarse con las tecnolog\u00edas de la informaci\u00f3n y comunicaci\u00f3n (TIC) aplicadas al \u00e1mbito laboral y la negociaci\u00f3n. Desarrollar estrategias efectivas para abordar la negociaci\u00f3n colectiva en un entorno de teletrabajo. Conocer las normativas y buenas pr\u00e1cticas relacionadas con &#8230; <a title=\"El teletrabajo: las TIC en la negociaci\u00f3n colectiva\" class=\"read-more\" href=\"https:\/\/dialogosocial.campusfsie.es\/inscripciones\/el-teletrabajo-las-tic-en-la-negociacion-colectiva\/\" aria-label=\"Leer m\u00e1s sobre El teletrabajo: las TIC en la negociaci\u00f3n colectiva\">Leer m\u00e1s<\/a><\/p>\n","protected":false},"author":4,"featured_media":0,"parent":0,"menu_order":0,"comment_status":"closed","ping_status":"closed","template":"elementor_canvas","meta":{"footnotes":""},"class_list":["post-5984","page","type-page","status-publish"],"_links":{"self":[{"href":"https:\/\/dialogosocial.campusfsie.es\/inscripciones\/wp-json\/wp\/v2\/pages\/5984"}],"collection":[{"href":"https:\/\/dialogosocial.campusfsie.es\/inscripciones\/wp-json\/wp\/v2\/pages"}],"about":[{"href":"https:\/\/dialogosocial.campusfsie.es\/inscripciones\/wp-json\/wp\/v2\/types\/page"}],"author":[{"embeddable":true,"href":"https:\/\/dialogosocial.campusfsie.es\/inscripciones\/wp-json\/wp\/v2\/users\/4"}],"replies":[{"embeddable":true,"href":"https:\/\/dialogosocial.campusfsie.es\/inscripciones\/wp-json\/wp\/v2\/comments?post=5984"}],"version-history":[{"count":19,"href":"https:\/\/dialogosocial.campusfsie.es\/inscripciones\/wp-json\/wp\/v2\/pages\/5984\/revisions"}],"predecessor-version":[{"id":7860,"href":"https:\/\/dialogosocial.campusfsie.es\/inscripciones\/wp-json\/wp\/v2\/pages\/5984\/revisions\/7860"}],"wp:attachment":[{"href":"https:\/\/dialogosocial.campusfsie.es\/inscripciones\/wp-json\/wp\/v2\/media?parent=5984"}],"curies":[{"name":"wp","href":"https:\/\/api.w.org\/{rel}","templated":true}]}}