{"id":5365,"date":"2024-10-01T17:36:25","date_gmt":"2024-10-01T15:36:25","guid":{"rendered":"https:\/\/dialogosocial.campusfsie.es\/inscripciones\/?page_id=5365"},"modified":"2024-12-11T18:02:46","modified_gmt":"2024-12-11T17:02:46","slug":"brecha-salarial-e-igualdad-retributiva","status":"publish","type":"page","link":"https:\/\/dialogosocial.campusfsie.es\/inscripciones\/brecha-salarial-e-igualdad-retributiva\/","title":{"rendered":"Brecha Salarial e Igualdad Retributiva"},"content":{"rendered":"\t\t<div data-elementor-type=\"wp-page\" data-elementor-id=\"5365\" class=\"elementor elementor-5365\">\n\t\t\t\t<div class=\"elementor-element elementor-element-6c01aff e-con-full e-flex e-con e-parent\" data-id=\"6c01aff\" data-element_type=\"container\" data-settings=\"{&quot;background_background&quot;:&quot;classic&quot;}\">\n\t\t\t\t<div class=\"elementor-element elementor-element-501d59c elementor-widget elementor-widget-image\" data-id=\"501d59c\" data-element_type=\"widget\" data-widget_type=\"image.default\">\n\t\t\t\t<div class=\"elementor-widget-container\">\n\t\t\t\t\t\t\t\t\t\t\t\t\t\t\t<img fetchpriority=\"high\" decoding=\"async\" width=\"1277\" height=\"473\" src=\"https:\/\/dialogosocial.campusfsie.es\/inscripciones\/wp-content\/uploads\/2024\/12\/5.png\" class=\"attachment-full size-full wp-image-7251\" alt=\"\" srcset=\"https:\/\/dialogosocial.campusfsie.es\/inscripciones\/wp-content\/uploads\/2024\/12\/5.png 1277w, https:\/\/dialogosocial.campusfsie.es\/inscripciones\/wp-content\/uploads\/2024\/12\/5-300x111.png 300w, https:\/\/dialogosocial.campusfsie.es\/inscripciones\/wp-content\/uploads\/2024\/12\/5-1024x379.png 1024w, https:\/\/dialogosocial.campusfsie.es\/inscripciones\/wp-content\/uploads\/2024\/12\/5-768x284.png 768w\" sizes=\"(max-width: 1277px) 100vw, 1277px\" \/>\t\t\t\t\t\t\t\t\t\t\t\t\t\t\t<\/div>\n\t\t\t\t<\/div>\n\t\t\t\t<\/div>\n\t\t<div class=\"elementor-element elementor-element-726c2e5 e-flex e-con-boxed e-con e-parent\" data-id=\"726c2e5\" data-element_type=\"container\">\n\t\t\t\t\t<div class=\"e-con-inner\">\n\t\t\t\t<div class=\"elementor-element elementor-element-b348a6e elementor-widget elementor-widget-eael-creative-button\" data-id=\"b348a6e\" data-element_type=\"widget\" data-widget_type=\"eael-creative-button.default\">\n\t\t\t\t<div class=\"elementor-widget-container\">\n\t\t\t\t\t        <div class=\"eael-creative-button-wrapper\">\n\n            <a class=\"eael-creative-button eael-creative-button--rayen\" href=\"https:\/\/dialogosocial.campusfsie.es\/inscripciones\/?curso=ESlbrechaslarial\" data-text=\"Adelante!\">\n\n\t    \n                <div class=\"creative-button-inner\">\n\n                    \n                    <span class=\"cretive-button-text\">Quiero Inscribirme<\/span>\n\n                                    <\/div>\n\t                        <\/a>\n        <\/div>\n        \t\t\t\t<\/div>\n\t\t\t\t<\/div>\n\t\t\t\t<div class=\"elementor-element elementor-element-8a1d6b5 acordeonfsie elementor-widget elementor-widget-eael-adv-accordion\" data-id=\"8a1d6b5\" data-element_type=\"widget\" data-widget_type=\"eael-adv-accordion.default\">\n\t\t\t\t<div class=\"elementor-widget-container\">\n\t\t\t\t\t        <div class=\"eael-adv-accordion\" id=\"eael-adv-accordion-8a1d6b5\" data-scroll-on-click=\"no\" data-scroll-speed=\"300\" data-accordion-id=\"8a1d6b5\" data-accordion-type=\"toggle\" data-toogle-speed=\"300\">\n    <div class=\"eael-accordion-list\">\n                <div id=\"duracin\" class=\"elementor-tab-title eael-accordion-header active-default\" tabindex=\"0\" data-tab=\"1\" aria-controls=\"elementor-tab-content-1441\"><span class=\"eael-advanced-accordion-icon-closed\"><i aria-hidden=\"true\" class=\"fa-accordion-icon icon icon-stopwatch\"><\/i><\/span><span class=\"eael-advanced-accordion-icon-opened\"><i aria-hidden=\"true\" class=\"fa-accordion-icon icon icon-stopwatch\"><\/i><\/span><span class=\"eael-accordion-tab-title\">Duraci\u00f3n<\/span><i aria-hidden=\"true\" class=\"fa-toggle fas fa-angle-right\"><\/i><\/div><div id=\"elementor-tab-content-1441\" class=\"eael-accordion-content clearfix active-default\" data-tab=\"1\" aria-labelledby=\"duracin\"><p>10 horas<\/p><\/div>\n                <\/div><div class=\"eael-accordion-list\">\n                <div id=\"calendario\" class=\"elementor-tab-title eael-accordion-header active-default\" tabindex=\"0\" data-tab=\"2\" aria-controls=\"elementor-tab-content-1442\"><span class=\"eael-advanced-accordion-icon-closed\"><i aria-hidden=\"true\" class=\"fa-accordion-icon far fa-calendar-alt\"><\/i><\/span><span class=\"eael-advanced-accordion-icon-opened\"><i aria-hidden=\"true\" class=\"fa-accordion-icon far fa-calendar-alt\"><\/i><\/span><span class=\"eael-accordion-tab-title\">Calendario<\/span><i aria-hidden=\"true\" class=\"fa-toggle fas fa-angle-right\"><\/i><\/div><div id=\"elementor-tab-content-1442\" class=\"eael-accordion-content clearfix active-default\" data-tab=\"2\" aria-labelledby=\"calendario\"><ul><li><strong>Aula virtual 1:<\/strong> Lunes 03\/02\/2025 en horario de 16:00 a 18:00<\/li><li><strong>Aula virtual 2:<\/strong> Mi\u00e9rcoles 05\/02\/2025 en horario de 16:00 a 18:00<\/li><li><strong>Aula virtual 3:<\/strong> Lunes 10\/02\/2025 en horario de 16:00 a 18:00<\/li><li><strong>Aula virtual 4:<\/strong> Mi\u00e9rcoles 12\/02\/2025 en horario de 16:00 a 18:00<\/li><li><strong>Aula virtual 5:<\/strong> Lunes 17\/02\/2025 en horario de 16:00 a 18:00<\/li><\/ul><\/div>\n                <\/div><div class=\"eael-accordion-list\">\n                <div id=\"modalidad\" class=\"elementor-tab-title eael-accordion-header active-default\" tabindex=\"0\" data-tab=\"3\" aria-controls=\"elementor-tab-content-1443\"><span class=\"eael-advanced-accordion-icon-closed\"><i aria-hidden=\"true\" class=\"fa-accordion-icon icon icon-earth\"><\/i><\/span><span class=\"eael-advanced-accordion-icon-opened\"><i aria-hidden=\"true\" class=\"fa-accordion-icon icon icon-earth\"><\/i><\/span><span class=\"eael-accordion-tab-title\">Modalidad<\/span><i aria-hidden=\"true\" class=\"fa-toggle fas fa-angle-right\"><\/i><\/div><div id=\"elementor-tab-content-1443\" class=\"eael-accordion-content clearfix active-default\" data-tab=\"3\" aria-labelledby=\"modalidad\"><p>Presencial (Aula Virtual)<\/p><\/div>\n                <\/div><div class=\"eael-accordion-list\">\n                <div id=\"objetivos\" class=\"elementor-tab-title eael-accordion-header active-default\" tabindex=\"0\" data-tab=\"4\" aria-controls=\"elementor-tab-content-1444\"><span class=\"eael-advanced-accordion-icon-closed\"><i aria-hidden=\"true\" class=\"fa-accordion-icon fas fa-clipboard-list\"><\/i><\/span><span class=\"eael-advanced-accordion-icon-opened\"><i aria-hidden=\"true\" class=\"fa-accordion-icon fas fa-clipboard-list\"><\/i><\/span><span class=\"eael-accordion-tab-title\">Objetivos<\/span><i aria-hidden=\"true\" class=\"fa-toggle fas fa-angle-right\"><\/i><\/div><div id=\"elementor-tab-content-1444\" class=\"eael-accordion-content clearfix active-default\" data-tab=\"4\" aria-labelledby=\"objetivos\"><p>Tras el desarrollo de la actividad formativa se pretende:<\/p><ul><li>Comprender los conceptos fundamentales de la brecha salarial de g\u00e9nero y la igualdad retributiva.<\/li><li>Analizar las causas y factores que contribuyen a la brecha salarial en el \u00e1mbito laboral.<\/li><li>Conocer las normativas y legislaciones vigentes relacionadas con la igualdad salarial.<\/li><li>Desarrollar habilidades para realizar an\u00e1lisis de brechas salariales y evaluaciones de puestos de trabajo.<\/li><li>Implementar estrategias para promover la igualdad retributiva dentro de la organizaci\u00f3n.<\/li><li>Sensibilizar a los participantes sobre la importancia de la equidad salarial y sus beneficios para la empresa.<\/li><li>Fomentar la transparencia en las pol\u00edticas salariales y la comunicaci\u00f3n sobre remuneraci\u00f3n.<\/li><\/ul><\/div>\n                <\/div><div class=\"eael-accordion-list\">\n                <div id=\"contenidos\" class=\"elementor-tab-title eael-accordion-header active-default\" tabindex=\"0\" data-tab=\"5\" aria-controls=\"elementor-tab-content-1445\"><span class=\"eael-advanced-accordion-icon-closed\"><i aria-hidden=\"true\" class=\"fa-accordion-icon fas fa-boxes\"><\/i><\/span><span class=\"eael-advanced-accordion-icon-opened\"><i aria-hidden=\"true\" class=\"fa-accordion-icon fas fa-boxes\"><\/i><\/span><span class=\"eael-accordion-tab-title\">Contenidos<\/span><i aria-hidden=\"true\" class=\"fa-toggle fas fa-angle-right\"><\/i><\/div><div id=\"elementor-tab-content-1445\" class=\"eael-accordion-content clearfix active-default\" data-tab=\"5\" aria-labelledby=\"contenidos\"><ol><li>Introducci\u00f3n a la brecha salarial de g\u00e9nero: definici\u00f3n y dimensiones.<\/li><li>Factores que contribuyen a la brecha salarial: discriminaci\u00f3n, estereotipos y roles de g\u00e9nero.<\/li><li>Marco legal y normativas sobre igualdad retributiva.<\/li><li>Metodolog\u00edas de an\u00e1lisis de brechas salariales y evaluaci\u00f3n de puestos de trabajo.<\/li><li>Herramientas para la detecci\u00f3n y correcci\u00f3n de desigualdades salariales.<\/li><li>Dise\u00f1o y aplicaci\u00f3n de pol\u00edticas salariales justas y equitativas.<\/li><li>Estrategias para promover la igualdad de oportunidades y desarrollo profesional.<\/li><li>Comunicaci\u00f3n transparente sobre remuneraci\u00f3n y beneficios.<\/li><li>Sensibilizaci\u00f3n y capacitaci\u00f3n en igualdad salarial<\/li><li>Casos pr\u00e1cticos y ejemplos de buenas pr\u00e1cticas en igualdad retributiva<\/li><li>Evaluaci\u00f3n y seguimiento de la efectividad de las pol\u00edticas de igualdad salarial.<\/li><\/ol><p>\u00a0<\/p><\/div>\n                <\/div><\/div>\t\t\t\t<\/div>\n\t\t\t\t<\/div>\n\t\t\t\t\t<\/div>\n\t\t\t\t<\/div>\n\t\t\t\t<\/div>\n\t\t","protected":false},"excerpt":{"rendered":"<p>Quiero Inscribirme Duraci\u00f3n 10 horas Calendario Aula virtual 1: Lunes 03\/02\/2025 en horario de 16:00 a 18:00 Aula virtual 2: Mi\u00e9rcoles 05\/02\/2025 en horario de 16:00 a 18:00 Aula virtual 3: Lunes 10\/02\/2025 en horario de 16:00 a 18:00 Aula virtual 4: Mi\u00e9rcoles 12\/02\/2025 en horario de 16:00 a 18:00 Aula virtual 5: Lunes 17\/02\/2025 &#8230; <a title=\"Brecha Salarial e Igualdad Retributiva\" class=\"read-more\" href=\"https:\/\/dialogosocial.campusfsie.es\/inscripciones\/brecha-salarial-e-igualdad-retributiva\/\" aria-label=\"Leer m\u00e1s sobre Brecha Salarial e Igualdad Retributiva\">Leer m\u00e1s<\/a><\/p>\n","protected":false},"author":5,"featured_media":0,"parent":0,"menu_order":0,"comment_status":"closed","ping_status":"closed","template":"elementor_canvas","meta":{"footnotes":""},"class_list":["post-5365","page","type-page","status-publish"],"_links":{"self":[{"href":"https:\/\/dialogosocial.campusfsie.es\/inscripciones\/wp-json\/wp\/v2\/pages\/5365"}],"collection":[{"href":"https:\/\/dialogosocial.campusfsie.es\/inscripciones\/wp-json\/wp\/v2\/pages"}],"about":[{"href":"https:\/\/dialogosocial.campusfsie.es\/inscripciones\/wp-json\/wp\/v2\/types\/page"}],"author":[{"embeddable":true,"href":"https:\/\/dialogosocial.campusfsie.es\/inscripciones\/wp-json\/wp\/v2\/users\/5"}],"replies":[{"embeddable":true,"href":"https:\/\/dialogosocial.campusfsie.es\/inscripciones\/wp-json\/wp\/v2\/comments?post=5365"}],"version-history":[{"count":60,"href":"https:\/\/dialogosocial.campusfsie.es\/inscripciones\/wp-json\/wp\/v2\/pages\/5365\/revisions"}],"predecessor-version":[{"id":7254,"href":"https:\/\/dialogosocial.campusfsie.es\/inscripciones\/wp-json\/wp\/v2\/pages\/5365\/revisions\/7254"}],"wp:attachment":[{"href":"https:\/\/dialogosocial.campusfsie.es\/inscripciones\/wp-json\/wp\/v2\/media?parent=5365"}],"curies":[{"name":"wp","href":"https:\/\/api.w.org\/{rel}","templated":true}]}}