{"id":5263,"date":"2024-10-01T15:59:40","date_gmt":"2024-10-01T13:59:40","guid":{"rendered":"https:\/\/dialogosocial.campusfsie.es\/inscripciones\/?page_id=5263"},"modified":"2025-03-27T12:08:00","modified_gmt":"2025-03-27T11:08:00","slug":"presenciales","status":"publish","type":"page","link":"https:\/\/dialogosocial.campusfsie.es\/inscripciones\/presenciales\/","title":{"rendered":"Cursos Presenciales Aula Virtual"},"content":{"rendered":"\t\t<div data-elementor-type=\"wp-page\" data-elementor-id=\"5263\" class=\"elementor elementor-5263\">\n\t\t\t\t<div class=\"elementor-element elementor-element-28442ac e-con-full e-flex e-con e-parent\" data-id=\"28442ac\" data-element_type=\"container\" data-settings=\"{&quot;background_background&quot;:&quot;classic&quot;}\">\n\t\t\t\t<div class=\"elementor-element elementor-element-da84d84 elementor-widget__width-inherit elementor-widget elementor-widget-image\" data-id=\"da84d84\" data-element_type=\"widget\" data-widget_type=\"image.default\">\n\t\t\t\t<div class=\"elementor-widget-container\">\n\t\t\t\t\t\t\t\t\t\t\t\t\t\t\t<img fetchpriority=\"high\" decoding=\"async\" width=\"2878\" height=\"794\" src=\"https:\/\/dialogosocial.campusfsie.es\/inscripciones\/wp-content\/uploads\/2024\/10\/FSIE_Cabecera_Cursos_Presenciales.png\" class=\"attachment-full size-full wp-image-5958\" alt=\"\" srcset=\"https:\/\/dialogosocial.campusfsie.es\/inscripciones\/wp-content\/uploads\/2024\/10\/FSIE_Cabecera_Cursos_Presenciales.png 2878w, https:\/\/dialogosocial.campusfsie.es\/inscripciones\/wp-content\/uploads\/2024\/10\/FSIE_Cabecera_Cursos_Presenciales-300x83.png 300w, https:\/\/dialogosocial.campusfsie.es\/inscripciones\/wp-content\/uploads\/2024\/10\/FSIE_Cabecera_Cursos_Presenciales-1024x283.png 1024w, https:\/\/dialogosocial.campusfsie.es\/inscripciones\/wp-content\/uploads\/2024\/10\/FSIE_Cabecera_Cursos_Presenciales-768x212.png 768w, https:\/\/dialogosocial.campusfsie.es\/inscripciones\/wp-content\/uploads\/2024\/10\/FSIE_Cabecera_Cursos_Presenciales-1536x424.png 1536w, https:\/\/dialogosocial.campusfsie.es\/inscripciones\/wp-content\/uploads\/2024\/10\/FSIE_Cabecera_Cursos_Presenciales-2048x565.png 2048w\" sizes=\"(max-width: 2878px) 100vw, 2878px\" \/>\t\t\t\t\t\t\t\t\t\t\t\t\t\t\t<\/div>\n\t\t\t\t<\/div>\n\t\t\t\t<\/div>\n\t\t<div class=\"elementor-element elementor-element-97eaca3 e-grid elementor-hidden-desktop elementor-hidden-tablet elementor-hidden-mobile e-con-boxed e-con e-parent\" data-id=\"97eaca3\" data-element_type=\"container\">\n\t\t\t\t\t<div class=\"e-con-inner\">\n\t\t\t\t<div class=\"elementor-element elementor-element-798862c ekit-equal-height-disable elementor-widget elementor-widget-elementskit-image-box\" data-id=\"798862c\" data-element_type=\"widget\" data-widget_type=\"elementskit-image-box.default\">\n\t\t\t\t<div class=\"elementor-widget-container\">\n\t\t\t\t\t<div class=\"ekit-wid-con\" >\n            <div class=\"elementskit-info-image-box ekit-image-box text-center simple-card\" >\n\n                <a href=\"https:\/\/dialogosocial.campusfsie.es\/inscripciones\/lacontratacion\/\" target=\"_blank\" rel=\"nofollow\">\n                <div class=\"elementskit-box-header image-box-img-center\">\n\n                    <img decoding=\"async\" width=\"2068\" height=\"1245\" src=\"https:\/\/dialogosocial.campusfsie.es\/inscripciones\/wp-content\/uploads\/2024\/09\/la-contratacion.png\" class=\"attachment-full size-full wp-image-5040\" alt=\"\" srcset=\"https:\/\/dialogosocial.campusfsie.es\/inscripciones\/wp-content\/uploads\/2024\/09\/la-contratacion.png 2068w, https:\/\/dialogosocial.campusfsie.es\/inscripciones\/wp-content\/uploads\/2024\/09\/la-contratacion-300x181.png 300w, https:\/\/dialogosocial.campusfsie.es\/inscripciones\/wp-content\/uploads\/2024\/09\/la-contratacion-1024x616.png 1024w, https:\/\/dialogosocial.campusfsie.es\/inscripciones\/wp-content\/uploads\/2024\/09\/la-contratacion-768x462.png 768w, https:\/\/dialogosocial.campusfsie.es\/inscripciones\/wp-content\/uploads\/2024\/09\/la-contratacion-1536x925.png 1536w, https:\/\/dialogosocial.campusfsie.es\/inscripciones\/wp-content\/uploads\/2024\/09\/la-contratacion-2048x1233.png 2048w\" sizes=\"(max-width: 2068px) 100vw, 2068px\" \/>\n                <\/div>\n                <\/a>\n                <div class=\"elementskit-box-body ekit-image-box-body\">\n                    <div class=\"elementskit-box-content ekit-image-box-body-inner\">\n                                                <h3 class=\"elementskit-info-box-title\">\n\n                        La Contrataci\u00f3n Laboral\n                        \n                    <\/h3>\n                                                        <\/div>\n\n                                <div class=\"elementskit-box-footer\">\n                    <div class=\"box-footer\">\n                        <div class=\"btn-wraper\">\n                                                            <a href=\"https:\/\/dialogosocial.campusfsie.es\/inscripciones\/lacontratacion\/\" target=\"_blank\" rel=\"nofollow\" class=\"elementskit-btn whitespace--normal\">\n                                    Inscr\u00edbete\n                                    <i aria-hidden=\"true\" class=\"fasicon icon-arrow-right\"><\/i>\n                                <\/a>\n                                                        <\/div>\n                    <\/div>\n                <\/div>\n                            <\/div>\n            <\/div>\n    <\/div>\t\t\t\t<\/div>\n\t\t\t\t<\/div>\n\t\t\t\t<div class=\"elementor-element elementor-element-f3db802 ekit-equal-height-disable elementor-widget elementor-widget-elementskit-image-box\" data-id=\"f3db802\" data-element_type=\"widget\" data-widget_type=\"elementskit-image-box.default\">\n\t\t\t\t<div class=\"elementor-widget-container\">\n\t\t\t\t\t<div class=\"ekit-wid-con\" >\n            <div class=\"elementskit-info-image-box ekit-image-box text-center simple-card\" >\n\n                <a href=\"https:\/\/dialogosocial.campusfsie.es\/inscripciones\/extincion-de-la-relacion-laboral-y-el-despido\/\" target=\"_blank\" rel=\"nofollow\">\n                <div class=\"elementskit-box-header image-box-img-center\">\n\n                    <img decoding=\"async\" width=\"2068\" height=\"1245\" src=\"https:\/\/dialogosocial.campusfsie.es\/inscripciones\/wp-content\/uploads\/2024\/10\/extincion-de-la-relacion-laboral.png\" class=\"attachment-full size-full wp-image-5281\" alt=\"\" srcset=\"https:\/\/dialogosocial.campusfsie.es\/inscripciones\/wp-content\/uploads\/2024\/10\/extincion-de-la-relacion-laboral.png 2068w, https:\/\/dialogosocial.campusfsie.es\/inscripciones\/wp-content\/uploads\/2024\/10\/extincion-de-la-relacion-laboral-300x181.png 300w, https:\/\/dialogosocial.campusfsie.es\/inscripciones\/wp-content\/uploads\/2024\/10\/extincion-de-la-relacion-laboral-1024x616.png 1024w, https:\/\/dialogosocial.campusfsie.es\/inscripciones\/wp-content\/uploads\/2024\/10\/extincion-de-la-relacion-laboral-768x462.png 768w, https:\/\/dialogosocial.campusfsie.es\/inscripciones\/wp-content\/uploads\/2024\/10\/extincion-de-la-relacion-laboral-1536x925.png 1536w, https:\/\/dialogosocial.campusfsie.es\/inscripciones\/wp-content\/uploads\/2024\/10\/extincion-de-la-relacion-laboral-2048x1233.png 2048w\" sizes=\"(max-width: 2068px) 100vw, 2068px\" \/>\n                <\/div>\n                <\/a>\n                <div class=\"elementskit-box-body ekit-image-box-body\">\n                    <div class=\"elementskit-box-content ekit-image-box-body-inner\">\n                                                <h3 class=\"elementskit-info-box-title\">\n\n                        Extinci\u00f3n de la Relaci\u00f3n Laboral y el Despido\n                        \n                    <\/h3>\n                                                        <\/div>\n\n                                <div class=\"elementskit-box-footer\">\n                    <div class=\"box-footer\">\n                        <div class=\"btn-wraper\">\n                                                            <a href=\"https:\/\/dialogosocial.campusfsie.es\/inscripciones\/extincion-de-la-relacion-laboral-y-el-despido\/\" target=\"_blank\" rel=\"nofollow\" class=\"elementskit-btn whitespace--normal\">\n                                    Inscr\u00edbete\n                                    <i aria-hidden=\"true\" class=\"fasicon icon-arrow-right\"><\/i>\n                                <\/a>\n                                                        <\/div>\n                    <\/div>\n                <\/div>\n                            <\/div>\n            <\/div>\n    <\/div>\t\t\t\t<\/div>\n\t\t\t\t<\/div>\n\t\t\t\t\t<\/div>\n\t\t\t\t<\/div>\n\t\t<div class=\"elementor-element elementor-element-c13752e e-grid elementor-hidden-desktop elementor-hidden-tablet elementor-hidden-mobile e-con-boxed e-con e-parent\" data-id=\"c13752e\" data-element_type=\"container\">\n\t\t\t\t\t<div class=\"e-con-inner\">\n\t\t\t\t<div class=\"elementor-element elementor-element-b6f941b ekit-equal-height-disable elementor-widget elementor-widget-elementskit-image-box\" data-id=\"b6f941b\" data-element_type=\"widget\" data-widget_type=\"elementskit-image-box.default\">\n\t\t\t\t<div class=\"elementor-widget-container\">\n\t\t\t\t\t<div class=\"ekit-wid-con\" >\n            <div class=\"elementskit-info-image-box ekit-image-box text-center simple-card\" >\n\n                <a href=\"https:\/\/dialogosocial.campusfsie.es\/inscripciones\/distribucion-y-control-de-la-jornada\/\" target=\"_blank\" rel=\"nofollow\">\n                <div class=\"elementskit-box-header image-box-img-center\">\n\n                    <img loading=\"lazy\" decoding=\"async\" width=\"2068\" height=\"1245\" src=\"https:\/\/dialogosocial.campusfsie.es\/inscripciones\/wp-content\/uploads\/2024\/12\/distribucion-y-control-de-la-jornadaaaa.png\" class=\"attachment-full size-full wp-image-7262\" alt=\"\" srcset=\"https:\/\/dialogosocial.campusfsie.es\/inscripciones\/wp-content\/uploads\/2024\/12\/distribucion-y-control-de-la-jornadaaaa.png 2068w, https:\/\/dialogosocial.campusfsie.es\/inscripciones\/wp-content\/uploads\/2024\/12\/distribucion-y-control-de-la-jornadaaaa-300x181.png 300w, https:\/\/dialogosocial.campusfsie.es\/inscripciones\/wp-content\/uploads\/2024\/12\/distribucion-y-control-de-la-jornadaaaa-1024x616.png 1024w, https:\/\/dialogosocial.campusfsie.es\/inscripciones\/wp-content\/uploads\/2024\/12\/distribucion-y-control-de-la-jornadaaaa-768x462.png 768w, https:\/\/dialogosocial.campusfsie.es\/inscripciones\/wp-content\/uploads\/2024\/12\/distribucion-y-control-de-la-jornadaaaa-1536x925.png 1536w, https:\/\/dialogosocial.campusfsie.es\/inscripciones\/wp-content\/uploads\/2024\/12\/distribucion-y-control-de-la-jornadaaaa-2048x1233.png 2048w\" sizes=\"(max-width: 2068px) 100vw, 2068px\" \/>\n                <\/div>\n                <\/a>\n                <div class=\"elementskit-box-body ekit-image-box-body\">\n                    <div class=\"elementskit-box-content ekit-image-box-body-inner\">\n                                                <h3 class=\"elementskit-info-box-title\">\n\n                        Distribuci\u00f3n y Control de la Jornada\n                        \n                    <\/h3>\n                                                        <\/div>\n\n                                <div class=\"elementskit-box-footer\">\n                    <div class=\"box-footer\">\n                        <div class=\"btn-wraper\">\n                                                            <a href=\"https:\/\/dialogosocial.campusfsie.es\/inscripciones\/distribucion-y-control-de-la-jornada\/\" target=\"_blank\" rel=\"nofollow\" class=\"elementskit-btn whitespace--normal\">\n                                    Inscr\u00edbete\n                                    <i aria-hidden=\"true\" class=\"fasicon icon-arrow-right\"><\/i>\n                                <\/a>\n                                                        <\/div>\n                    <\/div>\n                <\/div>\n                            <\/div>\n            <\/div>\n    <\/div>\t\t\t\t<\/div>\n\t\t\t\t<\/div>\n\t\t\t\t<div class=\"elementor-element elementor-element-07262e4 ekit-equal-height-disable elementor-widget elementor-widget-elementskit-image-box\" data-id=\"07262e4\" data-element_type=\"widget\" data-widget_type=\"elementskit-image-box.default\">\n\t\t\t\t<div class=\"elementor-widget-container\">\n\t\t\t\t\t<div class=\"ekit-wid-con\" >\n            <div class=\"elementskit-info-image-box ekit-image-box text-center simple-card\" >\n\n                <a href=\"https:\/\/dialogosocial.campusfsie.es\/inscripciones\/brecha-salarial-e-igualdad-retributiva\/\" target=\"_blank\" rel=\"nofollow\">\n                <div class=\"elementskit-box-header image-box-img-center\">\n\n                    <img loading=\"lazy\" decoding=\"async\" width=\"2068\" height=\"1245\" src=\"https:\/\/dialogosocial.campusfsie.es\/inscripciones\/wp-content\/uploads\/2024\/12\/brecha-salarial-e-igualdad-retributivaaaa.png\" class=\"attachment-full size-full wp-image-7263\" alt=\"\" srcset=\"https:\/\/dialogosocial.campusfsie.es\/inscripciones\/wp-content\/uploads\/2024\/12\/brecha-salarial-e-igualdad-retributivaaaa.png 2068w, https:\/\/dialogosocial.campusfsie.es\/inscripciones\/wp-content\/uploads\/2024\/12\/brecha-salarial-e-igualdad-retributivaaaa-300x181.png 300w, https:\/\/dialogosocial.campusfsie.es\/inscripciones\/wp-content\/uploads\/2024\/12\/brecha-salarial-e-igualdad-retributivaaaa-1024x616.png 1024w, https:\/\/dialogosocial.campusfsie.es\/inscripciones\/wp-content\/uploads\/2024\/12\/brecha-salarial-e-igualdad-retributivaaaa-768x462.png 768w, https:\/\/dialogosocial.campusfsie.es\/inscripciones\/wp-content\/uploads\/2024\/12\/brecha-salarial-e-igualdad-retributivaaaa-1536x925.png 1536w, https:\/\/dialogosocial.campusfsie.es\/inscripciones\/wp-content\/uploads\/2024\/12\/brecha-salarial-e-igualdad-retributivaaaa-2048x1233.png 2048w\" sizes=\"(max-width: 2068px) 100vw, 2068px\" \/>\n                <\/div>\n                <\/a>\n                <div class=\"elementskit-box-body ekit-image-box-body\">\n                    <div class=\"elementskit-box-content ekit-image-box-body-inner\">\n                                                <h3 class=\"elementskit-info-box-title\">\n\n                        Brecha Salarial e Igualdad Retributiva\n                        \n                    <\/h3>\n                                                        <\/div>\n\n                                <div class=\"elementskit-box-footer\">\n                    <div class=\"box-footer\">\n                        <div class=\"btn-wraper\">\n                                                            <a href=\"https:\/\/dialogosocial.campusfsie.es\/inscripciones\/brecha-salarial-e-igualdad-retributiva\/\" target=\"_blank\" rel=\"nofollow\" class=\"elementskit-btn whitespace--normal\">\n                                    Inscr\u00edbete\n                                    <i aria-hidden=\"true\" class=\"fasicon icon-arrow-right\"><\/i>\n                                <\/a>\n                                                        <\/div>\n                    <\/div>\n                <\/div>\n                            <\/div>\n            <\/div>\n    <\/div>\t\t\t\t<\/div>\n\t\t\t\t<\/div>\n\t\t\t\t\t<\/div>\n\t\t\t\t<\/div>\n\t\t<div class=\"elementor-element elementor-element-74d6b15 e-flex e-con-boxed e-con e-parent\" data-id=\"74d6b15\" data-element_type=\"container\">\n\t\t\t\t\t<div class=\"e-con-inner\">\n\t\t\t\t<div class=\"elementor-element elementor-element-a1dc1cc elementor-widget elementor-widget-heading\" data-id=\"a1dc1cc\" data-element_type=\"widget\" data-widget_type=\"heading.default\">\n\t\t\t\t<div class=\"elementor-widget-container\">\n\t\t\t\t\t<h2 class=\"elementor-heading-title elementor-size-default\">No hay cursos disponibles en este momento<\/h2>\t\t\t\t<\/div>\n\t\t\t\t<\/div>\n\t\t\t\t\t<\/div>\n\t\t\t\t<\/div>\n\t\t\t\t<\/div>\n\t\t","protected":false},"excerpt":{"rendered":"<p>La Contrataci\u00f3n Laboral Inscr\u00edbete Extinci\u00f3n de la Relaci\u00f3n Laboral y el Despido Inscr\u00edbete Distribuci\u00f3n y Control de la Jornada Inscr\u00edbete Brecha Salarial e Igualdad Retributiva Inscr\u00edbete No hay cursos disponibles en este momento<\/p>\n","protected":false},"author":5,"featured_media":0,"parent":0,"menu_order":0,"comment_status":"closed","ping_status":"closed","template":"elementor_canvas","meta":{"footnotes":""},"class_list":["post-5263","page","type-page","status-publish"],"_links":{"self":[{"href":"https:\/\/dialogosocial.campusfsie.es\/inscripciones\/wp-json\/wp\/v2\/pages\/5263"}],"collection":[{"href":"https:\/\/dialogosocial.campusfsie.es\/inscripciones\/wp-json\/wp\/v2\/pages"}],"about":[{"href":"https:\/\/dialogosocial.campusfsie.es\/inscripciones\/wp-json\/wp\/v2\/types\/page"}],"author":[{"embeddable":true,"href":"https:\/\/dialogosocial.campusfsie.es\/inscripciones\/wp-json\/wp\/v2\/users\/5"}],"replies":[{"embeddable":true,"href":"https:\/\/dialogosocial.campusfsie.es\/inscripciones\/wp-json\/wp\/v2\/comments?post=5263"}],"version-history":[{"count":109,"href":"https:\/\/dialogosocial.campusfsie.es\/inscripciones\/wp-json\/wp\/v2\/pages\/5263\/revisions"}],"predecessor-version":[{"id":9332,"href":"https:\/\/dialogosocial.campusfsie.es\/inscripciones\/wp-json\/wp\/v2\/pages\/5263\/revisions\/9332"}],"wp:attachment":[{"href":"https:\/\/dialogosocial.campusfsie.es\/inscripciones\/wp-json\/wp\/v2\/media?parent=5263"}],"curies":[{"name":"wp","href":"https:\/\/api.w.org\/{rel}","templated":true}]}}