{"id":5001,"date":"2024-09-27T17:48:21","date_gmt":"2024-09-27T15:48:21","guid":{"rendered":"https:\/\/dialogosocial.campusfsie.es\/inscripciones\/?page_id=5001"},"modified":"2024-12-11T15:07:24","modified_gmt":"2024-12-11T14:07:24","slug":"lacontratacion","status":"publish","type":"page","link":"https:\/\/dialogosocial.campusfsie.es\/inscripciones\/lacontratacion\/","title":{"rendered":"La Contrataci\u00f3n"},"content":{"rendered":"\t\t<div data-elementor-type=\"wp-page\" data-elementor-id=\"5001\" class=\"elementor elementor-5001\">\n\t\t\t\t<div class=\"elementor-element elementor-element-30737fa e-con-full e-flex e-con e-parent\" data-id=\"30737fa\" data-element_type=\"container\" data-settings=\"{&quot;background_background&quot;:&quot;classic&quot;}\">\n\t\t\t\t<div class=\"elementor-element elementor-element-ca15cb9 elementor-widget elementor-widget-image\" data-id=\"ca15cb9\" data-element_type=\"widget\" data-widget_type=\"image.default\">\n\t\t\t\t<div class=\"elementor-widget-container\">\n\t\t\t\t\t\t\t\t\t\t\t\t\t\t\t<img fetchpriority=\"high\" decoding=\"async\" width=\"1277\" height=\"473\" src=\"https:\/\/dialogosocial.campusfsie.es\/inscripciones\/wp-content\/uploads\/2024\/12\/1.png\" class=\"attachment-full size-full wp-image-7208\" alt=\"\" srcset=\"https:\/\/dialogosocial.campusfsie.es\/inscripciones\/wp-content\/uploads\/2024\/12\/1.png 1277w, https:\/\/dialogosocial.campusfsie.es\/inscripciones\/wp-content\/uploads\/2024\/12\/1-300x111.png 300w, https:\/\/dialogosocial.campusfsie.es\/inscripciones\/wp-content\/uploads\/2024\/12\/1-1024x379.png 1024w, https:\/\/dialogosocial.campusfsie.es\/inscripciones\/wp-content\/uploads\/2024\/12\/1-768x284.png 768w\" sizes=\"(max-width: 1277px) 100vw, 1277px\" \/>\t\t\t\t\t\t\t\t\t\t\t\t\t\t\t<\/div>\n\t\t\t\t<\/div>\n\t\t\t\t<\/div>\n\t\t<div class=\"elementor-element elementor-element-726c2e5 e-flex e-con-boxed e-con e-parent\" data-id=\"726c2e5\" data-element_type=\"container\">\n\t\t\t\t\t<div class=\"e-con-inner\">\n\t\t\t\t<div class=\"elementor-element elementor-element-2ae0a0d elementor-widget elementor-widget-eael-creative-button\" data-id=\"2ae0a0d\" data-element_type=\"widget\" data-widget_type=\"eael-creative-button.default\">\n\t\t\t\t<div class=\"elementor-widget-container\">\n\t\t\t\t\t        <div class=\"eael-creative-button-wrapper\">\n\n            <a class=\"eael-creative-button eael-creative-button--rayen\" href=\"https:\/\/dialogosocial.campusfsie.es\/inscripciones\/?curso=ESlacontratacion\" data-text=\"Adelante!\">\n\n\t    \n                <div class=\"creative-button-inner\">\n\n                    \n                    <span class=\"cretive-button-text\">Quiero Inscribirme<\/span>\n\n                                    <\/div>\n\t                        <\/a>\n        <\/div>\n        \t\t\t\t<\/div>\n\t\t\t\t<\/div>\n\t\t\t\t<div class=\"elementor-element elementor-element-8a1d6b5 acordeonfsie elementor-widget elementor-widget-eael-adv-accordion\" data-id=\"8a1d6b5\" data-element_type=\"widget\" data-widget_type=\"eael-adv-accordion.default\">\n\t\t\t\t<div class=\"elementor-widget-container\">\n\t\t\t\t\t        <div class=\"eael-adv-accordion\" id=\"eael-adv-accordion-8a1d6b5\" data-scroll-on-click=\"no\" data-scroll-speed=\"300\" data-accordion-id=\"8a1d6b5\" data-accordion-type=\"accordion\" data-toogle-speed=\"300\">\n    <div class=\"eael-accordion-list\">\n                <div id=\"duracin\" class=\"elementor-tab-title eael-accordion-header active-default\" tabindex=\"0\" data-tab=\"1\" aria-controls=\"elementor-tab-content-1441\"><span class=\"eael-advanced-accordion-icon-closed\"><i aria-hidden=\"true\" class=\"fa-accordion-icon icon icon-stopwatch\"><\/i><\/span><span class=\"eael-advanced-accordion-icon-opened\"><i aria-hidden=\"true\" class=\"fa-accordion-icon icon icon-stopwatch\"><\/i><\/span><span class=\"eael-accordion-tab-title\">Duraci\u00f3n<\/span><i aria-hidden=\"true\" class=\"fa-toggle fas fa-angle-right\"><\/i><\/div><div id=\"elementor-tab-content-1441\" class=\"eael-accordion-content clearfix active-default\" data-tab=\"1\" aria-labelledby=\"duracin\"><p>10 horas<\/p><\/div>\n                <\/div><div class=\"eael-accordion-list\">\n                <div id=\"calendario\" class=\"elementor-tab-title eael-accordion-header active-default\" tabindex=\"0\" data-tab=\"2\" aria-controls=\"elementor-tab-content-1442\"><span class=\"eael-advanced-accordion-icon-closed\"><i aria-hidden=\"true\" class=\"fa-accordion-icon far fa-calendar-alt\"><\/i><\/span><span class=\"eael-advanced-accordion-icon-opened\"><i aria-hidden=\"true\" class=\"fa-accordion-icon far fa-calendar-alt\"><\/i><\/span><span class=\"eael-accordion-tab-title\">Calendario<\/span><i aria-hidden=\"true\" class=\"fa-toggle fas fa-angle-right\"><\/i><\/div><div id=\"elementor-tab-content-1442\" class=\"eael-accordion-content clearfix active-default\" data-tab=\"2\" aria-labelledby=\"calendario\"><ul><li><strong>Aula virtual 1:<\/strong> Lunes 21\/10\/2024 en horario de 16:00 a 18:00<\/li><li><strong>Aula virtual<\/strong> <strong>2:<\/strong> Mi\u00e9rcoles 23\/10\/2024 en horario de 16:00 a 18:00<\/li><li><strong>Aula virtual 3:<\/strong> Lunes 28\/10\/2024 en horario de 16:00 a 18:00<\/li><li><strong>Aula virtual 4:<\/strong> Mi\u00e9rcoles 30\/10\/2024 en horario de 16:00 a 18:00<\/li><li><strong>Aula virtual 5:<\/strong> Lunes 04\/11\/2024 en horario de 16:00 a 18:00<\/li><\/ul><\/div>\n                <\/div><div class=\"eael-accordion-list\">\n                <div id=\"modalidad\" class=\"elementor-tab-title eael-accordion-header active-default\" tabindex=\"0\" data-tab=\"3\" aria-controls=\"elementor-tab-content-1443\"><span class=\"eael-advanced-accordion-icon-closed\"><i aria-hidden=\"true\" class=\"fa-accordion-icon icon icon-earth\"><\/i><\/span><span class=\"eael-advanced-accordion-icon-opened\"><i aria-hidden=\"true\" class=\"fa-accordion-icon icon icon-earth\"><\/i><\/span><span class=\"eael-accordion-tab-title\">Modalidad<\/span><i aria-hidden=\"true\" class=\"fa-toggle fas fa-angle-right\"><\/i><\/div><div id=\"elementor-tab-content-1443\" class=\"eael-accordion-content clearfix active-default\" data-tab=\"3\" aria-labelledby=\"modalidad\"><p>Presencial (Aula Virtual)<\/p><\/div>\n                <\/div><div class=\"eael-accordion-list\">\n                <div id=\"objetivos\" class=\"elementor-tab-title eael-accordion-header active-default\" tabindex=\"0\" data-tab=\"4\" aria-controls=\"elementor-tab-content-1444\"><span class=\"eael-advanced-accordion-icon-closed\"><i aria-hidden=\"true\" class=\"fa-accordion-icon fas fa-clipboard-list\"><\/i><\/span><span class=\"eael-advanced-accordion-icon-opened\"><i aria-hidden=\"true\" class=\"fa-accordion-icon fas fa-clipboard-list\"><\/i><\/span><span class=\"eael-accordion-tab-title\">Objetivos<\/span><i aria-hidden=\"true\" class=\"fa-toggle fas fa-angle-right\"><\/i><\/div><div id=\"elementor-tab-content-1444\" class=\"eael-accordion-content clearfix active-default\" data-tab=\"4\" aria-labelledby=\"objetivos\"><p>Tras el desarrollo de la actividad formativa se pretende que el alumnado:<\/p><ul><li>Conozca las diferentes modalidades de contrataci\u00f3n laboral.<\/li><li>Aprenda cuales son los pactos m\u00e1s habituales en la contrataci\u00f3n.<\/li><li>Adquiera las herramientas para la negociaci\u00f3n de los pactos y cl\u00e1usulas espec\u00edficas de contrataci\u00f3n.<\/li><li>Conozca las novedades legislativas en materia de contrataci\u00f3n laboral.<\/li><\/ul><\/div>\n                <\/div><div class=\"eael-accordion-list\">\n                <div id=\"contenidos\" class=\"elementor-tab-title eael-accordion-header active-default\" tabindex=\"0\" data-tab=\"5\" aria-controls=\"elementor-tab-content-1445\"><span class=\"eael-advanced-accordion-icon-closed\"><i aria-hidden=\"true\" class=\"fa-accordion-icon fas fa-boxes\"><\/i><\/span><span class=\"eael-advanced-accordion-icon-opened\"><i aria-hidden=\"true\" class=\"fa-accordion-icon fas fa-boxes\"><\/i><\/span><span class=\"eael-accordion-tab-title\">Contenidos<\/span><i aria-hidden=\"true\" class=\"fa-toggle fas fa-angle-right\"><\/i><\/div><div id=\"elementor-tab-content-1445\" class=\"eael-accordion-content clearfix active-default\" data-tab=\"5\" aria-labelledby=\"contenidos\"><ol><li>Modalidades en contrataci\u00f3n laboral de acuerdo con las reformas legales.<\/li><li>Pactos t\u00edpicos del contrato de trabajo.<\/li><li>Negociaci\u00f3n de pactos de contrataci\u00f3n y cl\u00e1usulas espec\u00edficas.<\/li><li>Novedades legislativas Contrato de trabajo indefinido.<\/li><\/ol><\/div>\n                <\/div><\/div>\t\t\t\t<\/div>\n\t\t\t\t<\/div>\n\t\t\t\t\t<\/div>\n\t\t\t\t<\/div>\n\t\t\t\t<\/div>\n\t\t","protected":false},"excerpt":{"rendered":"<p>Quiero Inscribirme Duraci\u00f3n 10 horas Calendario Aula virtual 1: Lunes 21\/10\/2024 en horario de 16:00 a 18:00 Aula virtual 2: Mi\u00e9rcoles 23\/10\/2024 en horario de 16:00 a 18:00 Aula virtual 3: Lunes 28\/10\/2024 en horario de 16:00 a 18:00 Aula virtual 4: Mi\u00e9rcoles 30\/10\/2024 en horario de 16:00 a 18:00 Aula virtual 5: Lunes 04\/11\/2024 &#8230; <a title=\"La Contrataci\u00f3n\" class=\"read-more\" href=\"https:\/\/dialogosocial.campusfsie.es\/inscripciones\/lacontratacion\/\" aria-label=\"Leer m\u00e1s sobre La Contrataci\u00f3n\">Leer m\u00e1s<\/a><\/p>\n","protected":false},"author":3,"featured_media":0,"parent":0,"menu_order":0,"comment_status":"closed","ping_status":"closed","template":"elementor_canvas","meta":{"footnotes":""},"class_list":["post-5001","page","type-page","status-publish"],"_links":{"self":[{"href":"https:\/\/dialogosocial.campusfsie.es\/inscripciones\/wp-json\/wp\/v2\/pages\/5001"}],"collection":[{"href":"https:\/\/dialogosocial.campusfsie.es\/inscripciones\/wp-json\/wp\/v2\/pages"}],"about":[{"href":"https:\/\/dialogosocial.campusfsie.es\/inscripciones\/wp-json\/wp\/v2\/types\/page"}],"author":[{"embeddable":true,"href":"https:\/\/dialogosocial.campusfsie.es\/inscripciones\/wp-json\/wp\/v2\/users\/3"}],"replies":[{"embeddable":true,"href":"https:\/\/dialogosocial.campusfsie.es\/inscripciones\/wp-json\/wp\/v2\/comments?post=5001"}],"version-history":[{"count":136,"href":"https:\/\/dialogosocial.campusfsie.es\/inscripciones\/wp-json\/wp\/v2\/pages\/5001\/revisions"}],"predecessor-version":[{"id":7238,"href":"https:\/\/dialogosocial.campusfsie.es\/inscripciones\/wp-json\/wp\/v2\/pages\/5001\/revisions\/7238"}],"wp:attachment":[{"href":"https:\/\/dialogosocial.campusfsie.es\/inscripciones\/wp-json\/wp\/v2\/media?parent=5001"}],"curies":[{"name":"wp","href":"https:\/\/api.w.org\/{rel}","templated":true}]}}